{"id":972,"date":"2020-04-24T18:05:34","date_gmt":"2020-04-24T18:05:34","guid":{"rendered":"https:\/\/hgsenrollprod.wpengine.com\/?post_type=product&#038;p=972"},"modified":"2020-04-24T18:05:54","modified_gmt":"2020-04-24T18:05:54","slug":"kindergarten-science-b","status":"publish","type":"product","link":"https:\/\/pay.myhudsonglobal.com\/vi\/product\/khoa-hoc-mau-giao-b\/","title":{"rendered":"Khoa h\u1ecdc m\u1eabu gi\u00e1o B"},"content":{"rendered":"<p><span class=\"TextRun SCXW94837787 BCX0\" lang=\"EN-US\" xml:lang=\"EN-US\" data-contrast=\"auto\"><span class=\"NormalTextRun SCXW94837787 BCX0\">Trong kh\u00f3a h\u1ecdc n\u00e0y, h\u1ecdc sinh s\u1ebd s\u1eed d\u1ee5ng c\u00e1c gi\u00e1c quan \u0111\u1ec3 kh\u00e1m ph\u00e1 th\u1ebf gi\u1edbi c\u1ee7a m\u00ecnh. H\u1ecdc sinh tr\u1ea3i nghi\u1ec7m c\u00e1c chuy\u1ebfn \u0111i d\u1ea1o trong thi\u00ean nhi\u00ean, l\u00e0m v\u01b0\u1eddn v\u00e0 c\u00e1c tr\u00f2 ch\u01a1i b\u1eaft ch\u01b0\u1edbc b\u1eb1ng c\u00e1ch kh\u00e1m ph\u00e1 c\u00e1c kh\u00e1i ni\u1ec7m kh\u00e1c nhau.<\/span><\/span><span class=\"EOP SCXW94837787 BCX0\" data-ccp-props=\"{&quot;201341983&quot;:1,&quot;335551550&quot;:6,&quot;335551620&quot;:6,&quot;335559740&quot;:280}\">\u00a0<\/span><\/p>","protected":false},"excerpt":{"rendered":"<p><span class=\"TextRun SCXW94837787 BCX0\" lang=\"EN-US\" xml:lang=\"EN-US\" data-contrast=\"auto\"><span class=\"NormalTextRun SCXW94837787 BCX0\">Trong kh\u00f3a h\u1ecdc n\u00e0y, h\u1ecdc sinh s\u1ebd s\u1eed d\u1ee5ng c\u00e1c gi\u00e1c quan \u0111\u1ec3 kh\u00e1m ph\u00e1 th\u1ebf gi\u1edbi c\u1ee7a m\u00ecnh.<\/span><\/span><span class=\"EOP SCXW94837787 BCX0\" data-ccp-props=\"{&quot;201341983&quot;:1,&quot;335551550&quot;:6,&quot;335551620&quot;:6,&quot;335559740&quot;:280}\">\u00a0<\/span><\/p>","protected":false},"featured_media":841,"template":"","meta":[],"_links":{"self":[{"href":"https:\/\/pay.myhudsonglobal.com\/vi\/wp-json\/wp\/v2\/product\/972"}],"collection":[{"href":"https:\/\/pay.myhudsonglobal.com\/vi\/wp-json\/wp\/v2\/product"}],"about":[{"href":"https:\/\/pay.myhudsonglobal.com\/vi\/wp-json\/wp\/v2\/types\/product"}],"wp:featuredmedia":[{"embeddable":true,"href":"https:\/\/pay.myhudsonglobal.com\/vi\/wp-json\/wp\/v2\/media\/841"}],"wp:attachment":[{"href":"https:\/\/pay.myhudsonglobal.com\/vi\/wp-json\/wp\/v2\/media?parent=972"}],"curies":[{"name":"wp","href":"https:\/\/api.w.org\/{rel}","templated":true}]}}