{"id":942,"date":"2020-04-23T21:41:53","date_gmt":"2020-04-23T21:41:53","guid":{"rendered":"https:\/\/hgsenrollprod.wpengine.com\/?post_type=product&#038;p=942"},"modified":"2020-04-23T21:42:13","modified_gmt":"2020-04-23T21:42:13","slug":"mathematics-8-pre-algebra-b","status":"publish","type":"product","link":"https:\/\/pay.myhudsonglobal.com\/vi\/product\/toan-8-tien-dai-so-b\/","title":{"rendered":"To\u00e1n 8: Ti\u1ec1n \u0111\u1ea1i s\u1ed1 B"},"content":{"rendered":"<p><span class=\"TextRun SCXW117208414 BCX0\" lang=\"EN-US\" xml:lang=\"EN-US\" data-contrast=\"auto\"><span class=\"NormalTextRun SCXW117208414 BCX0\">Kh\u00f3a h\u1ecdc n\u00e0y s\u1ebd gi\u00fap h\u1ecdc sinh chuy\u1ec3n t\u1eeb th\u1ebf gi\u1edbi to\u00e1n h\u1ecdc \u0111\u01a1n gi\u1ea3n sang th\u1ebf gi\u1edbi \u0110\u1ea1i s\u1ed1 v\u00e0 H\u00ecnh h\u1ecdc, h\u1ecdc c\u00e1ch gi\u1ea3i quy\u1ebft c\u00e1c v\u1ea5n \u0111\u1ec1 th\u1ef1c t\u1ebf. H\u1ecdc sinh s\u1ebd \u0111\u01b0\u1ee3c gi\u1edbi thi\u1ec7u c\u00e1c kh\u00e1i ni\u1ec7m ng\u00e0y c\u00e0ng tr\u1eebu t\u01b0\u1ee3ng v\u00e0 \u0111\u01b0\u1ee3c cung c\u1ea5p hi\u1ec3u bi\u1ebft c\u1ee5 th\u1ec3 v\u1ec1 nh\u1eefng \u0111i\u1ec1u c\u01a1 b\u1ea3n \u0111\u1ec3 t\u01b0 duy \u0111\u1ea1i s\u1ed1. V\u1edbi nhi\u1ec1u ho\u1ea1t \u0111\u1ed9ng th\u1ef1c h\u00e0nh v\u00e0 video tr\u00ecnh b\u00e0y, c\u00e1c em s\u1ebd c\u00f3 nhi\u1ec1u c\u01a1 h\u1ed9i \u0111\u1ec3 n\u00e2ng cao k\u1ef9 n\u0103ng gi\u1ea3i quy\u1ebft quy tr\u00ecnh c\u1ee7a m\u00ecnh.<\/span><\/span><span class=\"EOP SCXW117208414 BCX0\" data-ccp-props=\"{&quot;201341983&quot;:1,&quot;335551550&quot;:6,&quot;335551620&quot;:6,&quot;335559740&quot;:280}\">\u00a0<\/span><\/p>","protected":false},"excerpt":{"rendered":"<p><span class=\"TextRun SCXW117208414 BCX0\" lang=\"EN-US\" xml:lang=\"EN-US\" data-contrast=\"auto\"><span class=\"NormalTextRun SCXW117208414 BCX0\">H\u1ecdc sinh s\u1ebd \u0111\u01b0\u1ee3c gi\u1edbi thi\u1ec7u c\u00e1c kh\u00e1i ni\u1ec7m ng\u00e0y c\u00e0ng tr\u1eebu t\u01b0\u1ee3ng h\u01a1n v\u00e0 hi\u1ec3u r\u00f5 h\u01a1n v\u1ec1 nh\u1eefng \u0111i\u1ec1u c\u01a1 b\u1ea3n c\u1ee7a t\u01b0 duy \u0111\u1ea1i s\u1ed1.<\/span><\/span><\/p>","protected":false},"featured_media":839,"template":"","meta":[],"_links":{"self":[{"href":"https:\/\/pay.myhudsonglobal.com\/vi\/wp-json\/wp\/v2\/product\/942"}],"collection":[{"href":"https:\/\/pay.myhudsonglobal.com\/vi\/wp-json\/wp\/v2\/product"}],"about":[{"href":"https:\/\/pay.myhudsonglobal.com\/vi\/wp-json\/wp\/v2\/types\/product"}],"wp:featuredmedia":[{"embeddable":true,"href":"https:\/\/pay.myhudsonglobal.com\/vi\/wp-json\/wp\/v2\/media\/839"}],"wp:attachment":[{"href":"https:\/\/pay.myhudsonglobal.com\/vi\/wp-json\/wp\/v2\/media?parent=942"}],"curies":[{"name":"wp","href":"https:\/\/api.w.org\/{rel}","templated":true}]}}