{"id":922,"date":"2020-04-23T18:22:50","date_gmt":"2020-04-23T18:22:50","guid":{"rendered":"https:\/\/hgsenrollprod.wpengine.com\/?post_type=product&#038;p=922"},"modified":"2020-04-23T18:23:30","modified_gmt":"2020-04-23T18:23:30","slug":"german-i-b-2","status":"publish","type":"product","link":"https:\/\/pay.myhudsonglobal.com\/vi\/product\/german-i-b-2\/","title":{"rendered":"Ti\u1ebfng \u0110\u1ee9c IB"},"content":{"rendered":"<p><span class=\"TextRun SCXW6998962 BCX0\" lang=\"EN-US\" xml:lang=\"EN-US\" data-contrast=\"auto\"><span class=\"NormalTextRun SCXW6998962 BCX0\">Kh\u00f3a h\u1ecdc gi\u1edbi thi\u1ec7u n\u00e0y d\u1ea1y giao ti\u1ebfp v\u00e0 hi\u1ec3u c\u01a1 b\u1ea3n b\u1eb1ng ti\u1ebfng \u0110\u1ee9c. N\u00f3 ph\u1ed1i h\u1ee3p vi\u1ec7c nghi\u00ean c\u1ee9u ng\u00f4n ng\u1eef v\u1edbi v\u0103n h\u00f3a th\u00f4ng qua vi\u1ec7c s\u1eed d\u1ee5ng video, \u00e2m thanh v\u00e0 ph\u01b0\u01a1ng ti\u1ec7n truy\u1ec1n th\u00f4ng \u0111\u1ea1i ch\u00fang. Kh\u00f3a h\u1ecdc n\u00e0y gi\u1edbi thi\u1ec7u c\u00e1c nguy\u00ean t\u1eafc c\u01a1 b\u1ea3n c\u1ee7a h\u1ed9i tho\u1ea1i v\u00e0 ng\u1eef ph\u00e1p ti\u1ebfng \u0110\u1ee9c. H\u1ecdc sinh s\u1ebd b\u1eaft \u0111\u1ea7u ph\u00e1t tri\u1ec3n n\u0103ng l\u1ef1c ch\u1ee9c n\u0103ng trong b\u1ed1n l\u0129nh v\u1ef1c ng\u00f4n ng\u1eef ch\u00ednh: N\u00f3i, \u0111\u1ecdc, nghe v\u00e0 vi\u1ebft; v\u00e0 thi\u1ebft l\u1eadp m\u1ed9t n\u1ec1n t\u1ea3ng ng\u1eef ph\u00e1p v\u1eefng ch\u1eafc. Trong h\u1ecdc k\u1ef3 th\u1ee9 hai, h\u1ecdc sinh s\u1ebd ph\u00e1t tri\u1ec3n h\u01a1n n\u1eefa c\u00e1c k\u1ef9 n\u0103ng v\u1ec1 ph\u00e1t \u00e2m, ng\u1eef ph\u00e1p, c\u1ea5u tr\u00fac ng\u1eef ph\u00e1p v\u00e0 t\u1eeb v\u1ef1ng. C\u00e1c n\u1ec1n v\u0103n h\u00f3a kh\u00e1c nhau c\u1ee7a th\u1ebf gi\u1edbi n\u00f3i ti\u1ebfng \u0110\u1ee9c \u0111\u01b0\u1ee3c nh\u1ea5n m\u1ea1nh th\u00f4ng qua c\u00e1c b\u00e0i \u0111\u1ecdc, video v\u00e0 c\u00e1c ho\u1ea1t \u0111\u1ed9ng kh\u00e1c.\u00a0<\/span><\/span><\/p>","protected":false},"excerpt":{"rendered":"<p><span class=\"TextRun SCXW6998962 BCX0\" lang=\"EN-US\" xml:lang=\"EN-US\" data-contrast=\"auto\"><span class=\"NormalTextRun SCXW6998962 BCX0\">Kh\u00f3a h\u1ecdc gi\u1edbi thi\u1ec7u n\u00e0y d\u1ea1y giao ti\u1ebfp v\u00e0 hi\u1ec3u c\u01a1 b\u1ea3n b\u1eb1ng ti\u1ebfng \u0110\u1ee9c.<\/span><\/span><\/p>","protected":false},"featured_media":846,"template":"","meta":[],"_links":{"self":[{"href":"https:\/\/pay.myhudsonglobal.com\/vi\/wp-json\/wp\/v2\/product\/922"}],"collection":[{"href":"https:\/\/pay.myhudsonglobal.com\/vi\/wp-json\/wp\/v2\/product"}],"about":[{"href":"https:\/\/pay.myhudsonglobal.com\/vi\/wp-json\/wp\/v2\/types\/product"}],"wp:featuredmedia":[{"embeddable":true,"href":"https:\/\/pay.myhudsonglobal.com\/vi\/wp-json\/wp\/v2\/media\/846"}],"wp:attachment":[{"href":"https:\/\/pay.myhudsonglobal.com\/vi\/wp-json\/wp\/v2\/media?parent=922"}],"curies":[{"name":"wp","href":"https:\/\/api.w.org\/{rel}","templated":true}]}}