{"id":921,"date":"2020-04-23T18:20:56","date_gmt":"2020-04-23T18:20:56","guid":{"rendered":"https:\/\/hgsenrollprod.wpengine.com\/?post_type=product&#038;p=921"},"modified":"2020-04-23T18:21:23","modified_gmt":"2020-04-23T18:21:23","slug":"german-ii-b","status":"publish","type":"product","link":"https:\/\/pay.myhudsonglobal.com\/vi\/product\/tieng-duc-ii-b\/","title":{"rendered":"Ti\u1ebfng \u0110\u1ee9c II B"},"content":{"rendered":"<p><span data-contrast=\"auto\">Trong kh\u00f3a h\u1ecdc n\u00e0y, sinh vi\u00ean s\u1ebd x\u00e2y d\u1ef1ng c\u00e1c k\u1ef9 n\u0103ng ng\u00f4n ng\u1eef v\u00e0 ng\u1eef ph\u00e1p ti\u1ebfng \u0110\u1ee9c c\u1ee7a m\u00ecnh. H\u1ecdc sinh s\u1ebd \u00f4n l\u1ea1i c\u00e1c k\u1ef9 n\u0103ng ng\u1eef ph\u00e1p c\u01a1 b\u1ea3n, h\u1ecdc v\u00e0 nghi\u00ean c\u1ee9u c\u00e1ch chia \u0111\u1ed9ng t\u1eeb thay \u0111\u1ed5i g\u1ed1c v\u00e0 kh\u00e1m ph\u00e1 c\u00e1c ch\u1ee7 \u0111\u1ec1 v\u0103n h\u00f3a li\u00ean quan \u0111\u1ebfn c\u00e1c s\u1ef1 ki\u1ec7n th\u1eddi s\u1ef1, nh\u1eefng ng\u01b0\u1eddi \u0110\u1ee9c n\u1ed5i ti\u1ebfng, \u00e2m nh\u1ea1c v\u00e0 l\u1ec5 h\u1ed9i. Trong h\u1ecdc k\u1ef3 th\u1ee9 hai, sinh vi\u00ean s\u1ebd n\u00e2ng cao tr\u00ecnh \u0111\u1ed9 th\u00f4ng th\u1ea1o c\u1ee7a m\u00ecnh b\u1eb1ng c\u00e1ch h\u00ecnh th\u00e0nh c\u00e1c c\u00e2u ph\u1ee9c t\u1ea1p h\u01a1n. C\u00e1c ch\u1ee7 \u0111\u1ec1 v\u0103n h\u00f3a \u0111\u01b0\u1ee3c l\u1ed3ng gh\u00e9p trong su\u1ed1t kh\u00f3a h\u1ecdc.<\/span><span data-ccp-props=\"{&quot;201341983&quot;:1,&quot;335551550&quot;:6,&quot;335551620&quot;:6,&quot;335559740&quot;:280}\">\u00a0<\/span><\/p>\n<p><b><span data-contrast=\"auto\">\u0110i\u1ec1u ki\u1ec7n ti\u00ean quy\u1ebft<\/span><\/b><span data-contrast=\"auto\">: ti\u1ebfng \u0110\u1ee9c t\u00f4i<\/span><span data-ccp-props=\"{&quot;201341983&quot;:1,&quot;335551550&quot;:6,&quot;335551620&quot;:6,&quot;335559740&quot;:280}\">\u00a0<\/span><\/p>","protected":false},"excerpt":{"rendered":"<p><span data-contrast=\"auto\">H\u1ecdc sinh s\u1ebd \u00f4n l\u1ea1i c\u00e1c k\u1ef9 n\u0103ng ng\u1eef ph\u00e1p c\u01a1 b\u1ea3n, h\u1ecdc v\u00e0 nghi\u00ean c\u1ee9u c\u00e1ch chia \u0111\u1ed9ng t\u1eeb thay \u0111\u1ed5i g\u1ed1c v\u00e0 kh\u00e1m ph\u00e1 c\u00e1c ch\u1ee7 \u0111\u1ec1 v\u0103n h\u00f3a li\u00ean quan \u0111\u1ebfn c\u00e1c s\u1ef1 ki\u1ec7n th\u1eddi s\u1ef1, nh\u1eefng ng\u01b0\u1eddi \u0110\u1ee9c n\u1ed5i ti\u1ebfng, \u00e2m nh\u1ea1c v\u00e0 l\u1ec5 h\u1ed9i.\u00a0<\/span><\/p>\n<p><b><span data-contrast=\"auto\">\u0110i\u1ec1u ki\u1ec7n ti\u00ean quy\u1ebft<\/span><\/b><span data-contrast=\"auto\">: ti\u1ebfng \u0110\u1ee9c t\u00f4i<\/span><span data-ccp-props=\"{&quot;201341983&quot;:1,&quot;335551550&quot;:6,&quot;335551620&quot;:6,&quot;335559740&quot;:280}\">\u00a0<\/span><\/p>","protected":false},"featured_media":846,"template":"","meta":[],"_links":{"self":[{"href":"https:\/\/pay.myhudsonglobal.com\/vi\/wp-json\/wp\/v2\/product\/921"}],"collection":[{"href":"https:\/\/pay.myhudsonglobal.com\/vi\/wp-json\/wp\/v2\/product"}],"about":[{"href":"https:\/\/pay.myhudsonglobal.com\/vi\/wp-json\/wp\/v2\/types\/product"}],"wp:featuredmedia":[{"embeddable":true,"href":"https:\/\/pay.myhudsonglobal.com\/vi\/wp-json\/wp\/v2\/media\/846"}],"wp:attachment":[{"href":"https:\/\/pay.myhudsonglobal.com\/vi\/wp-json\/wp\/v2\/media?parent=921"}],"curies":[{"name":"wp","href":"https:\/\/api.w.org\/{rel}","templated":true}]}}