{"id":914,"date":"2020-04-23T17:04:19","date_gmt":"2020-04-23T17:04:19","guid":{"rendered":"https:\/\/hgsenrollprod.wpengine.com\/?post_type=product&#038;p=914"},"modified":"2020-04-23T17:05:07","modified_gmt":"2020-04-23T17:05:07","slug":"consumer-math-b","status":"publish","type":"product","link":"https:\/\/pay.myhudsonglobal.com\/vi\/product\/consumer-math-b\/","title":{"rendered":"To\u00e1n ti\u00eau d\u00f9ng B"},"content":{"rendered":"<p><span class=\"TextRun SCXW117042321 BCX0\" lang=\"EN-US\" xml:lang=\"EN-US\" data-contrast=\"auto\"><span class=\"NormalTextRun SCXW117042321 BCX0\">This course focuses on the mathematics involved in making wise consumer decisions. Students explore the many ways in which mathematics affects their daily lives. The first semester will cover paychecks and wages, taxes, insurance, budgets, bank accounts, credit cards, interest calculations, and comparison shopping. Second semester topics include vehicle and home purchasing, investing, and business and employee management.<\/span><\/span><span class=\"EOP SCXW117042321 BCX0\" data-ccp-props=\"{&quot;201341983&quot;:1,&quot;335551550&quot;:6,&quot;335551620&quot;:6,&quot;335559740&quot;:280}\">\u00a0<\/span><\/p>","protected":false},"excerpt":{"rendered":"<p><span class=\"TextRun SCXW117042321 BCX0\" lang=\"EN-US\" xml:lang=\"EN-US\" data-contrast=\"auto\"><span class=\"NormalTextRun SCXW117042321 BCX0\">Students explore the many ways in which mathematics affects their daily lives.\u00a0<\/span><\/span><\/p>","protected":false},"featured_media":843,"template":"","meta":[],"_links":{"self":[{"href":"https:\/\/pay.myhudsonglobal.com\/vi\/wp-json\/wp\/v2\/product\/914"}],"collection":[{"href":"https:\/\/pay.myhudsonglobal.com\/vi\/wp-json\/wp\/v2\/product"}],"about":[{"href":"https:\/\/pay.myhudsonglobal.com\/vi\/wp-json\/wp\/v2\/types\/product"}],"wp:featuredmedia":[{"embeddable":true,"href":"https:\/\/pay.myhudsonglobal.com\/vi\/wp-json\/wp\/v2\/media\/843"}],"wp:attachment":[{"href":"https:\/\/pay.myhudsonglobal.com\/vi\/wp-json\/wp\/v2\/media?parent=914"}],"curies":[{"name":"wp","href":"https:\/\/api.w.org\/{rel}","templated":true}]}}