{"id":774,"date":"2020-04-13T16:04:43","date_gmt":"2020-04-13T16:04:43","guid":{"rendered":"https:\/\/hgsenrollprod.wpengine.com\/?post_type=product&#038;p=774"},"modified":"2020-04-24T21:09:16","modified_gmt":"2020-04-24T21:09:16","slug":"the-mission-of-jesus-christ-10th-grade","status":"publish","type":"product","link":"https:\/\/pay.myhudsonglobal.com\/vi\/product\/su-menh-cua-chua-giesu-kito-lop-10\/","title":{"rendered":"L\u1edbp 10: S\u1ee9 M\u1ec7nh c\u1ee7a Ch\u00faa Gi\u00easu Kit\u00f4"},"content":{"rendered":"<p><span class=\"TextRun BCX0 SCXW206530493\" lang=\"EN-US\" xml:lang=\"EN-US\" data-contrast=\"auto\"><span class=\"NormalTextRun BCX0 SCXW206530493\">M\u1ee5c \u0111\u00edch c\u1ee7a kh\u00f3a h\u1ecdc n\u00e0y l\u00e0 gi\u00fap h\u1ecdc vi\u00ean hi\u1ec3u t\u1ea5t c\u1ea3 nh\u1eefng g\u00ec \u0110\u1ee9c Ch\u00faa Tr\u1eddi \u0111\u00e3 l\u00e0m cho ch\u00fang ta qua Con Ng\u00e0i l\u00e0 Ch\u00faa Gi\u00ea-su Christ. Th\u00f4ng qua kh\u00f3a h\u1ecdc n\u00e0y, h\u1ecdc sinh s\u1ebd bi\u1ebft r\u1eb1ng ngay t\u1eeb gi\u00e2y ph\u00fat \u0111\u1ea7u ti\u00ean \u0111\u01b0\u1ee3c t\u1ea1o d\u1ef1ng, Thi\u00ean Ch\u00faa \u0111\u00e3 l\u00ean k\u1ebf ho\u1ea1ch cho ch\u00fang ta chia s\u1ebb s\u1ef1 s\u1ed1ng Thi\u00ean Ch\u00faa v\u1edbi t\u01b0 c\u00e1ch l\u00e0 con c\u00e1i c\u1ee7a Thi\u00ean Ch\u00faa Cha, anh ch\u1ecb em c\u1ee7a Ch\u00faa Con, hi\u1ec7p nh\u1ea5t trong Ch\u00faa Th\u00e1nh Th\u1ea7n. \u0110i\u1ec1u n\u00e0y \u0111\u01b0\u1ee3c th\u1ef1c hi\u1ec7n qua S\u1ef1 C\u1ee9u Chu\u1ed9c m\u00e0 Ch\u00faa Kit\u00f4 \u0111\u00e3 gi\u00e0nh \u0111\u01b0\u1ee3c cho ch\u00fang ta. H\u1ecdc sinh s\u1ebd t\u00ecm hi\u1ec3u c\u00e1ch ch\u00fang ta chia s\u1ebb s\u1ef1 c\u1ee9u chu\u1ed9c n\u00e0y qua Ch\u00faa Kit\u00f4 v\u00e0 c\u0169ng s\u1ebd \u0111\u01b0\u1ee3c gi\u1edbi thi\u1ec7u v\u1ec1 \u00fd ngh\u0129a c\u1ee7a vi\u1ec7c tr\u1edf th\u00e0nh m\u00f4n \u0111\u1ec7 c\u1ee7a Ch\u00faa Gi\u00easu Kit\u00f4, \u0111\u00e1p l\u1ea1i l\u1eddi k\u00eau g\u1ecdi c\u1ee7a Ng\u01b0\u1eddi trong cu\u1ed9c s\u1ed1ng c\u1ee7a ch\u00fang ta.<\/span><\/span><\/p>","protected":false},"excerpt":{"rendered":"<p><span class=\"TextRun BCX0 SCXW206530493\" lang=\"EN-US\" xml:lang=\"EN-US\" data-contrast=\"auto\"><span class=\"NormalTextRun BCX0 SCXW206530493\">M\u1ee5c \u0111\u00edch c\u1ee7a kh\u00f3a h\u1ecdc n\u00e0y l\u00e0 gi\u00fap h\u1ecdc vi\u00ean hi\u1ec3u t\u1ea5t c\u1ea3 nh\u1eefng g\u00ec \u0110\u1ee9c Ch\u00faa Tr\u1eddi \u0111\u00e3 l\u00e0m cho ch\u00fang ta qua Con Ng\u00e0i l\u00e0 Ch\u00faa Gi\u00ea-su Christ.\u00a0<\/span><\/span><\/p>","protected":false},"featured_media":845,"template":"","meta":[],"_links":{"self":[{"href":"https:\/\/pay.myhudsonglobal.com\/vi\/wp-json\/wp\/v2\/product\/774"}],"collection":[{"href":"https:\/\/pay.myhudsonglobal.com\/vi\/wp-json\/wp\/v2\/product"}],"about":[{"href":"https:\/\/pay.myhudsonglobal.com\/vi\/wp-json\/wp\/v2\/types\/product"}],"wp:featuredmedia":[{"embeddable":true,"href":"https:\/\/pay.myhudsonglobal.com\/vi\/wp-json\/wp\/v2\/media\/845"}],"wp:attachment":[{"href":"https:\/\/pay.myhudsonglobal.com\/vi\/wp-json\/wp\/v2\/media?parent=774"}],"curies":[{"name":"wp","href":"https:\/\/api.w.org\/{rel}","templated":true}]}}