{"id":736,"date":"2020-04-13T04:13:45","date_gmt":"2020-04-13T04:13:45","guid":{"rendered":"https:\/\/hgsenrollprod.wpengine.com\/?post_type=product&#038;p=736"},"modified":"2020-04-23T22:04:59","modified_gmt":"2020-04-23T22:04:59","slug":"kindergarten-math-a","status":"publish","type":"product","link":"https:\/\/pay.myhudsonglobal.com\/vi\/product\/toan-mau-giao-a\/","title":{"rendered":"To\u00e1n m\u1eabu gi\u00e1o A"},"content":{"rendered":"<p><span data-contrast=\"auto\">Trong kh\u00f3a h\u1ecdc n\u00e0y, h\u1ecdc sinh s\u1ebd h\u1ecdc c\u00e1c ki\u1ebfn th\u1ee9c to\u00e1n h\u1ecdc c\u01a1 b\u1ea3n. C\u00e1c em s\u1ebd h\u1ecdc c\u00e1ch \u0111\u1ebfm \u0111\u1ebfn 12, c\u00e1ch so s\u00e1nh k\u00edch th\u01b0\u1edbc, s\u1ed1 th\u1ee9 t\u1ef1 s\u1eafp x\u1ebfp c\u00e1c m\u1ee5c theo th\u1ee9 t\u1ef1, \u0111\u01b0\u1eddng s\u1ed1, c\u00e1c ph\u00e9p \u0111o c\u01a1 b\u1ea3n v\u00e0 c\u00e1ch xem gi\u1edd. Khi ti\u1ebfn b\u1ed9, h\u1ecdc sinh s\u1ebd h\u1ecdc c\u00e1ch \u0111\u1ebfm \u0111\u1ebfn hai m\u01b0\u01a1i. C\u00e1c em s\u1ebd so s\u00e1nh c\u00e1c v\u1eadt th\u1ec3 b\u1eb1ng c\u00e1c thu\u1eadt ng\u1eef cao, d\u00e0i h\u01a1n v\u00e0 ng\u1eafn h\u01a1n c\u0169ng nh\u01b0 nh\u1eb9 h\u01a1n v\u00e0 n\u1eb7ng h\u01a1n. C\u00e1c em s\u1ebd ti\u1ebfp t\u1ee5c kh\u00e1m ph\u00e1 c\u00e1c h\u00ecnh d\u1ea1ng h\u00ecnh h\u1ecdc c\u01a1 b\u1ea3n nh\u01b0 h\u00ecnh n\u00f3n v\u00e0 h\u00ecnh c\u1ea7u. C\u00e1c em s\u1ebd l\u00e0m vi\u1ec7c v\u1edbi kh\u00e1i ni\u1ec7m \u0111\u1ea7u ti\u00ean, gi\u1eefa v\u00e0 cu\u1ed1i c\u00f9ng v\u00e0 s\u1eafp x\u1ebfp v\u00e0 ph\u00e2n lo\u1ea1i H\u1ecdc sinh s\u1ebd h\u1ecdc c\u00e1c kh\u00e1i ni\u1ec7m v\u1ec1 tr\u00e1i v\u00e0 ph\u1ea3i.\u00a0<\/span><span data-ccp-props=\"{&quot;201341983&quot;:1,&quot;335551550&quot;:6,&quot;335551620&quot;:6,&quot;335559740&quot;:280}\">\u00a0<\/span><\/p>","protected":false},"excerpt":{"rendered":"<p><span data-contrast=\"auto\">H\u1ecdc sinh s\u1ebd h\u1ecdc c\u00e1ch \u0111\u1ebfm \u0111\u1ebfn 12, c\u00e1ch so s\u00e1nh k\u00edch th\u01b0\u1edbc, s\u1ed1 th\u1ee9 t\u1ef1 s\u1eafp x\u1ebfp c\u00e1c m\u1ee5c theo th\u1ee9 t\u1ef1, \u0111\u01b0\u1eddng s\u1ed1, c\u00e1c ph\u00e9p \u0111o c\u01a1 b\u1ea3n v\u00e0 c\u00e1ch xem gi\u1edd.<\/span><\/p>\n<p><span data-ccp-props=\"{&quot;201341983&quot;:1,&quot;335551550&quot;:6,&quot;335551620&quot;:6,&quot;335559740&quot;:280}\">\u00a0<\/span><\/p>","protected":false},"featured_media":839,"template":"","meta":[],"_links":{"self":[{"href":"https:\/\/pay.myhudsonglobal.com\/vi\/wp-json\/wp\/v2\/product\/736"}],"collection":[{"href":"https:\/\/pay.myhudsonglobal.com\/vi\/wp-json\/wp\/v2\/product"}],"about":[{"href":"https:\/\/pay.myhudsonglobal.com\/vi\/wp-json\/wp\/v2\/types\/product"}],"wp:featuredmedia":[{"embeddable":true,"href":"https:\/\/pay.myhudsonglobal.com\/vi\/wp-json\/wp\/v2\/media\/839"}],"wp:attachment":[{"href":"https:\/\/pay.myhudsonglobal.com\/vi\/wp-json\/wp\/v2\/media?parent=736"}],"curies":[{"name":"wp","href":"https:\/\/api.w.org\/{rel}","templated":true}]}}