{"id":695,"date":"2020-04-12T07:38:20","date_gmt":"2020-04-12T07:38:20","guid":{"rendered":"https:\/\/hgsenrollprod.wpengine.com\/?post_type=product&#038;p=695"},"modified":"2020-04-23T20:59:14","modified_gmt":"2020-04-23T20:59:14","slug":"photojournalism","status":"publish","type":"product","link":"https:\/\/pay.myhudsonglobal.com\/vi\/product\/phong-su-anh\/","title":{"rendered":"B\u00e1o \u1ea3nh"},"content":{"rendered":"<p><span data-contrast=\"auto\">M\u1ed9t h\u00ecnh \u1ea3nh m\u1ea1nh m\u1ebd c\u00f3 th\u1ec3 k\u1ec3 m\u1ed9t c\u00e2u chuy\u1ec7n h\u00f9ng h\u1ed3n m\u00e0 kh\u00f4ng c\u1ea7n l\u1eddi n\u00f3i. Sinh vi\u00ean ng\u00e0nh B\u00e1o \u1ea3nh s\u1ebd \u0111\u01b0\u1ee3c gi\u1edbi thi\u1ec7u v\u1edbi m\u1ed9t s\u1ed1 ng\u01b0\u1eddi ti\u00ean phong \u0111\u1eb7t ra ti\u00eau chu\u1ea9n cho c\u00e1ch k\u1ec3 chuy\u1ec7n \u0111\u1ed9c \u0111\u00e1o n\u00e0y. Khi nghi\u00ean c\u1ee9u c\u00e1c lo\u1ea1i h\u00ecnh b\u00e1o \u1ea3nh ch\u00ednh v\u00e0 tr\u00e1ch nhi\u1ec7m \u0111\u1ea1o \u0111\u1ee9c c\u1ee7a ph\u00f3ng vi\u00ean \u1ea3nh \u0111\u1eb1ng sau \u1ed1ng k\u00ednh, h\u1ecdc sinh s\u1ebd ph\u00e1t tri\u1ec3n k\u1ef9 n\u0103ng k\u1ec3 chuy\u1ec7n c\u1ee7a ri\u00eang m\u00ecnh th\u00f4ng qua b\u00e0i vi\u1ebft v\u00e0 \u1ea3nh c\u1ee7a h\u1ecd.<\/span><span data-ccp-props=\"{&quot;201341983&quot;:1,&quot;335551550&quot;:6,&quot;335551620&quot;:6,&quot;335559740&quot;:280}\">\u00a0<\/span><\/p>\n<p><b><span data-contrast=\"auto\">V\u1eadt li\u1ec7u c\u1ea7n thi\u1ebft<\/span><\/b><span data-contrast=\"auto\">: m\u00e1y \u1ea3nh k\u1ef9 thu\u1eadt s\u1ed1 (ch\u00e2n m\u00e1y, \u1ed1ng k\u00ednh, \u0111\u00e8n t\u00f9y ch\u1ecdn)<\/span><span data-ccp-props=\"{&quot;201341983&quot;:1,&quot;335551550&quot;:6,&quot;335551620&quot;:6,&quot;335559740&quot;:280}\">\u00a0<\/span><\/p>","protected":false},"excerpt":{"rendered":"<p><span data-contrast=\"auto\">Sinh vi\u00ean ng\u00e0nh B\u00e1o \u1ea3nh s\u1ebd \u0111\u01b0\u1ee3c gi\u1edbi thi\u1ec7u v\u1edbi m\u1ed9t s\u1ed1 ng\u01b0\u1eddi ti\u00ean phong \u0111\u1eb7t ra ti\u00eau chu\u1ea9n cho c\u00e1ch k\u1ec3 chuy\u1ec7n \u0111\u1ed9c \u0111\u00e1o n\u00e0y.<\/span><\/p>\n<p><b><span data-contrast=\"auto\">V\u1eadt li\u1ec7u c\u1ea7n thi\u1ebft<\/span><\/b><span data-contrast=\"auto\">: m\u00e1y \u1ea3nh k\u1ef9 thu\u1eadt s\u1ed1 (ch\u00e2n m\u00e1y, \u1ed1ng k\u00ednh, \u0111\u00e8n t\u00f9y ch\u1ecdn)<\/span><span data-ccp-props=\"{&quot;201341983&quot;:1,&quot;335551550&quot;:6,&quot;335551620&quot;:6,&quot;335559740&quot;:280}\">\u00a0<\/span><\/p>","protected":false},"featured_media":838,"template":"","meta":[],"_links":{"self":[{"href":"https:\/\/pay.myhudsonglobal.com\/vi\/wp-json\/wp\/v2\/product\/695"}],"collection":[{"href":"https:\/\/pay.myhudsonglobal.com\/vi\/wp-json\/wp\/v2\/product"}],"about":[{"href":"https:\/\/pay.myhudsonglobal.com\/vi\/wp-json\/wp\/v2\/types\/product"}],"wp:featuredmedia":[{"embeddable":true,"href":"https:\/\/pay.myhudsonglobal.com\/vi\/wp-json\/wp\/v2\/media\/838"}],"wp:attachment":[{"href":"https:\/\/pay.myhudsonglobal.com\/vi\/wp-json\/wp\/v2\/media?parent=695"}],"curies":[{"name":"wp","href":"https:\/\/api.w.org\/{rel}","templated":true}]}}