{"id":644,"date":"2020-04-12T05:18:07","date_gmt":"2020-04-12T05:18:07","guid":{"rendered":"https:\/\/hgsenrollprod.wpengine.com\/?post_type=product&#038;p=644"},"modified":"2020-04-23T19:27:13","modified_gmt":"2020-04-23T19:27:13","slug":"integrated-math-3-a-elective","status":"publish","type":"product","link":"https:\/\/pay.myhudsonglobal.com\/vi\/product\/toan-tich-hop-3-mon-tu-chon\/","title":{"rendered":"To\u00e1n t\u00edch h\u1ee3p 3 A (T\u1ef1 ch\u1ecdn)"},"content":{"rendered":"<p><span data-contrast=\"auto\">H\u1ecdc sinh trong To\u00e1n t\u00edch h\u1ee3p 3 s\u1ebd t\u1eadp trung v\u00e0o vi\u1ec7c t\u1eadp h\u1ee3p v\u00e0 \u00e1p d\u1ee5ng ki\u1ebfn th\u1ee9c t\u00edch l\u0169y \u0111\u01b0\u1ee3c t\u1eeb c\u00e1c kh\u00f3a h\u1ecdc tr\u01b0\u1edbc. H\u1ecdc sinh s\u1ebd \u00e1p d\u1ee5ng c\u00e1c ph\u01b0\u01a1ng ph\u00e1p t\u1eeb x\u00e1c su\u1ea5t v\u00e0 th\u1ed1ng k\u00ea. H\u1ecdc sinh s\u1ebd m\u1edf r\u1ed9ng v\u1ed1n ki\u1ebfn th\u1ee9c v\u1ec1 h\u00e0m s\u1ed1 c\u1ee7a m\u00ecnh \u0111\u1ec3 bao g\u1ed3m c\u00e1c h\u00e0m \u0111a th\u1ee9c, h\u1eefu t\u1ec9 v\u00e0 c\u0103n b\u1eadc hai. H\u1ecdc sinh s\u1ebd m\u1edf r\u1ed9ng ki\u1ebfn th\u1ee9c v\u1ec1 l\u01b0\u1ee3ng gi\u00e1c tam gi\u00e1c vu\u00f4ng. H\u1ecdc sinh s\u1ebd s\u1eed d\u1ee5ng t\u1ea5t c\u1ea3 kinh nghi\u1ec7m c\u1ee7a m\u00ecnh v\u1edbi c\u00e1c h\u00e0m s\u1ed1 v\u00e0 h\u00ecnh h\u1ecdc \u0111\u1ec3 t\u1ea1o m\u00f4 h\u00ecnh v\u00e0 gi\u1ea3i c\u00e1c b\u00e0i to\u00e1n theo ng\u1eef c\u1ea3nh.<\/span><span data-ccp-props=\"{&quot;201341983&quot;:1,&quot;335551550&quot;:6,&quot;335551620&quot;:6,&quot;335559740&quot;:280}\">\u00a0<\/span><\/p>\n<p><b><span data-contrast=\"auto\">\u0110i\u1ec1u ki\u1ec7n ti\u00ean quy\u1ebft<\/span><\/b><b><span data-contrast=\"auto\">:<\/span><\/b><span data-contrast=\"auto\">\u00a0To\u00e1n t\u00edch h\u1ee3p 2<\/span><span data-ccp-props=\"{&quot;201341983&quot;:1,&quot;335551550&quot;:6,&quot;335551620&quot;:6,&quot;335559740&quot;:280}\">\u00a0<\/span><\/p>","protected":false},"excerpt":{"rendered":"<p><span data-contrast=\"auto\">H\u1ecdc sinh s\u1ebd m\u1edf r\u1ed9ng v\u1ed1n ki\u1ebfn th\u1ee9c v\u1ec1 h\u00e0m s\u1ed1 c\u1ee7a m\u00ecnh \u0111\u1ec3 bao g\u1ed3m c\u00e1c h\u00e0m \u0111a th\u1ee9c, h\u00e0m h\u1eefu t\u1ec9 v\u00e0 h\u00e0m c\u0103n.<\/span><\/p>\n<p><b><span data-contrast=\"auto\">\u0110i\u1ec1u ki\u1ec7n ti\u00ean quy\u1ebft<\/span><\/b><b><span data-contrast=\"auto\">:<\/span><\/b><span data-contrast=\"auto\">\u00a0To\u00e1n t\u00edch h\u1ee3p 2, <strong>T\u1ef1 ch\u1ecdn<\/strong><\/span><\/p>","protected":false},"featured_media":839,"template":"","meta":[],"_links":{"self":[{"href":"https:\/\/pay.myhudsonglobal.com\/vi\/wp-json\/wp\/v2\/product\/644"}],"collection":[{"href":"https:\/\/pay.myhudsonglobal.com\/vi\/wp-json\/wp\/v2\/product"}],"about":[{"href":"https:\/\/pay.myhudsonglobal.com\/vi\/wp-json\/wp\/v2\/types\/product"}],"wp:featuredmedia":[{"embeddable":true,"href":"https:\/\/pay.myhudsonglobal.com\/vi\/wp-json\/wp\/v2\/media\/839"}],"wp:attachment":[{"href":"https:\/\/pay.myhudsonglobal.com\/vi\/wp-json\/wp\/v2\/media?parent=644"}],"curies":[{"name":"wp","href":"https:\/\/api.w.org\/{rel}","templated":true}]}}