{"id":565,"date":"2020-04-10T23:05:47","date_gmt":"2020-04-10T23:05:47","guid":{"rendered":"https:\/\/hgsenrollprod.wpengine.com\/?post_type=product&#038;p=565"},"modified":"2020-05-08T20:15:04","modified_gmt":"2020-05-08T20:15:04","slug":"honors-language-arts-9-a","status":"publish","type":"product","link":"https:\/\/pay.myhudsonglobal.com\/vi\/product\/danh-du-ngon-ngu-nghe-thuat-9-a\/","title":{"rendered":"Danh d\u1ef1 Ng\u1eef V\u0103n 09 A"},"content":{"rendered":"<p aria-level=\"3\"><span data-contrast=\"auto\">H\u1ecdc k\u1ef3 A<\/span><span data-contrast=\"auto\"> &#8211; <\/span>Ti\u1ebfng Anh danh d\u1ef1 l\u1edbp 9 l\u00e0 ch\u01b0\u01a1ng tr\u00ecnh gi\u1ea3ng d\u1ea1y t\u00edch h\u1ee3p v\u1edbi c\u00e1c b\u00e0i t\u1eadp \u0111\u1ea7y th\u1eed th\u00e1ch nh\u1eb1m m\u1ee5c \u0111\u00edch chu\u1ea9n b\u1ecb cho h\u1ecdc sinh tr\u00ecnh \u0111\u1ed9 danh d\u1ef1 cho c\u00f4ng vi\u1ec7c n\u00e2ng cao trong nghi\u00ean c\u1ee9u v\u0103n h\u1ecdc v\u00e0 ngh\u1ec7 thu\u1eadt ng\u00f4n ng\u1eef. M\u1ed7i \u0111\u01a1n v\u1ecb bao g\u1ed3m c\u00e1c b\u00e0i h\u1ecdc li\u00ean quan theo ch\u1ee7 \u0111\u1ec1 trong n\u0103m l\u0129nh v\u1ef1c: \u0111\u1ecdc v\u00e0 nghi\u00ean c\u1ee9u v\u0103n h\u1ecdc, \u0111\u1ecdc v\u0103n b\u1ea3n th\u00f4ng tin, vi\u1ebft, n\u00f3i v\u00e0 nghe, v\u00e0 nghi\u00ean c\u1ee9u ng\u00f4n ng\u1eef, bao g\u1ed3m ki\u1ebfn th\u1ee9c v\u1ec1 t\u1eeb v\u1ef1ng v\u00e0 k\u1ef9 n\u0103ng ng\u1eef ph\u00e1p. C\u00e1c ch\u1ee7 \u0111\u1ec1 \u0111\u01b0\u1ee3c tr\u00ecnh b\u00e0y theo c\u00e1ch gi\u00fap thanh thi\u1ebfu ni\u00ean li\u00ean h\u1ec7 c\u00e1c k\u1ef9 n\u0103ng \u0111\u1ecdc vi\u1ebft v\u1edbi c\u00e1c kh\u00eda c\u1ea1nh kh\u00e1c trong cu\u1ed9c s\u1ed1ng c\u1ee7a h\u1ecd. C\u00e1c b\u00e0i t\u1eadp vi\u1ebft bao g\u1ed3m c\u00e1c ch\u1ebf \u0111\u1ed9 t\u01b0\u1eddng thu\u1eadt, gi\u1ea3i th\u00edch v\u00e0 thuy\u1ebft ph\u1ee5c\/tranh lu\u1eadn v\u00e0 nh\u1ea5n m\u1ea1nh v\u00e0o vi\u1ec7c s\u1eed d\u1ee5ng c\u00e1c chi ti\u1ebft v\u00e0 l\u00fd lu\u1eadn \u0111\u1ec3 h\u1ed7 tr\u1ee3 c\u00e1c \u00fd t\u01b0\u1edfng. C\u00e1c b\u00e0i h\u1ecdc n\u00f3i v\u00e0 nghe trong H\u1ecdc k\u1ef3 A nh\u1ea5n m\u1ea1nh v\u00e0o c\u00e1c k\u1ef9 n\u0103ng th\u1ea3o lu\u1eadn h\u1ee3p t\u00e1c v\u00e0 \u0111\u00e1nh gi\u00e1 ngang h\u00e0ng. H\u01b0\u1edbng d\u1eabn ph\u00e1t tri\u1ec3n v\u1ed1n t\u1eeb v\u1ef1ng \u0111\u01b0\u1ee3c t\u00edch h\u1ee3p v\u00e0o c\u00e1c b\u00e0i h\u1ecdc v\u0103n h\u1ecdc v\u00e0 v\u0103n b\u1ea3n th\u00f4ng tin. M\u1ed7i \u0111\u01a1n v\u1ecb k\u1ebft th\u00fac b\u1eb1ng m\u1ed9t b\u00e0i \u0111\u00e1nh gi\u00e1 x\u00e1c th\u1ef1c tr\u00ecnh b\u00e0y cho h\u1ecdc sinh m\u1ed9t t\u00ecnh hu\u1ed1ng th\u1ef1c t\u1ebf \u0111\u00f2i h\u1ecfi m\u1ed9t s\u1ed1 k\u1ef9 n\u0103ng m\u00e0 c\u00e1c em \u0111\u00e3 h\u1ecdc trong \u0111\u01a1n v\u1ecb.<\/p>\n<p>C\u00e1c b\u00e0i t\u1eadp d\u00e0nh ri\u00eang cho tr\u00ecnh \u0111\u1ed9 Danh d\u1ef1 c\u1ee7a kh\u00f3a h\u1ecdc n\u00e0y y\u00eau c\u1ea7u sinh vi\u00ean \u00e1p d\u1ee5ng c\u00e1c k\u1ef9 n\u0103ng n\u00e2ng cao s\u1edbm h\u01a1n trong kh\u00f3a h\u1ecdc v\u00e0 th\u01b0\u1eddng xuy\u00ean h\u01a1n so v\u1edbi sinh vi\u00ean trong phi\u00ean b\u1ea3n ti\u1ebfng Anh 9 th\u00f4ng th\u01b0\u1eddng. V\u00ed d\u1ee5, sinh vi\u00ean chuy\u1ec3n ngay t\u1eeb vi\u1ec7c x\u00e1c \u0111\u1ecbnh c\u00e1c y\u1ebfu t\u1ed1 v\u0103n h\u1ecdc ho\u1eb7c kh\u00eda c\u1ea1nh c\u1ee7a v\u0103n b\u1ea3n th\u00f4ng tin sang ph\u00e2n t\u00edch c\u00e1c th\u00e0nh ph\u1ea7n n\u00e0y. T\u01b0\u01a1ng t\u1ef1 nh\u01b0 v\u1eady, sinh vi\u00ean Danh d\u1ef1 kh\u00f4ng ch\u1ec9 nh\u1eadn ra v\u00e0 m\u00f4 t\u1ea3 c\u00e1c chi\u1ebfn l\u01b0\u1ee3c tu t\u1eeb m\u00e0 c\u00f2n s\u1eed d\u1ee5ng c\u00e1c chi\u1ebfn l\u01b0\u1ee3c n\u00e0y \u0111\u1ec3 t\u1ea1o ra c\u00e1c hi\u1ec7u \u1ee9ng c\u1ee5 th\u1ec3. M\u1ed9t s\u1ed1 b\u00e0i t\u1eadp Danh d\u1ef1 y\u00eau c\u1ea7u sinh vi\u00ean ti\u1ebfn xa h\u01a1n m\u1ed9t b\u01b0\u1edbc trong vi\u1ec7c ph\u00e1t tri\u1ec3n b\u00e0i t\u1eadp, v\u00ed d\u1ee5, vi\u1ebft m\u1ed9t b\u00e0i lu\u1eadn sau khi \u0111\u01b0a ra \u00fd t\u01b0\u1edfng cho b\u00e0i lu\u1eadn b\u1eb1ng c\u00e1ch s\u1eed d\u1ee5ng b\u1ea3ng t\u00ednh \u0111\u01b0\u1ee3c cung c\u1ea5p cho sinh vi\u00ean trong kh\u00f3a h\u1ecdc th\u00f4ng th\u01b0\u1eddng. M\u1ed7i b\u00e0i t\u1eadp Danh d\u1ef1 \u0111\u1ec1u c\u00f3 h\u01b0\u1edbng d\u1eabn r\u00f5 r\u00e0ng v\u00e0 to\u00e0n di\u1ec7n c\u00f9ng v\u1edbi b\u1ea3ng \u0111\u00e1nh gi\u00e1 chi ti\u1ebft \u0111\u1ec3 \u0111\u00e1nh gi\u00e1.<\/p>\n<p><span style=\"text-decoration: underline;\"><b>Y\u00eau c\u1ea7u\u00a0<\/b><b>Nguy\u00ean v\u1eadt li\u1ec7u<\/b><\/span><\/p>\n<p><span data-contrast=\"auto\">Ti\u1ec3u thuy\u1ebft b\u1eaft bu\u1ed9c:<\/span><span data-ccp-props=\"{&quot;134233279&quot;:true,&quot;201341983&quot;:1,&quot;335551550&quot;:6,&quot;335551620&quot;:6,&quot;335559740&quot;:280}\">\u00a0<\/span><\/p>\n<ul>\n<li data-leveltext=\"\uf0b7\" data-font=\"Symbol\" data-listid=\"19\" aria-setsize=\"-1\" data-aria-posinset=\"1\" data-aria-level=\"1\"><i><span data-contrast=\"auto\">Romeo v\u00e0 Juliet<\/span><\/i><span data-contrast=\"auto\">\u00a0<\/span><span data-contrast=\"auto\">b\u1edfi William Shakespeare<\/span><span data-contrast=\"auto\">\u00a0\u2013\u00a0<\/span><a href=\"https:\/\/www.gutenberg.org\/ebooks\/1112\"><span data-contrast=\"none\">D\u1ef1 \u00e1n Gutenberg<\/span><\/a><span data-ccp-props=\"{&quot;134233279&quot;:true,&quot;201341983&quot;:1,&quot;335551550&quot;:6,&quot;335551620&quot;:6,&quot;335559740&quot;:280}\">\u00a0<\/span><\/li>\n<\/ul>\n<p><span data-contrast=\"auto\">Ti\u1ec3u thuy\u1ebft t\u00f9y ch\u1ecdn<\/span><\/p>\n<ul>\n<li data-leveltext=\"\uf0b7\" data-font=\"Symbol\" data-listid=\"19\" aria-setsize=\"-1\" data-aria-posinset=\"1\" data-aria-level=\"1\"><i><span data-contrast=\"auto\">\u00d4ng gi\u00e0 v\u00e0 bi\u1ec3n c\u1ea3<\/span><\/i><span data-contrast=\"auto\">\u00a0<\/span><span data-contrast=\"auto\">qua<\/span><span data-contrast=\"auto\">\u00a0<\/span><span data-contrast=\"auto\">Ernest Hemingway<\/span><span data-contrast=\"auto\">: ISBN-10: 0684801221; ISBN-13: 978-0684801223<\/span><span data-ccp-props=\"{&quot;134233279&quot;:true,&quot;201341983&quot;:1,&quot;335551550&quot;:6,&quot;335551620&quot;:6,&quot;335559740&quot;:280}\">\u00a0<\/span><\/li>\n<li data-leveltext=\"\uf0b7\" data-font=\"Symbol\" data-listid=\"19\" aria-setsize=\"-1\" data-aria-posinset=\"1\" data-aria-level=\"1\"><i><span data-contrast=\"auto\">Nh\u00e0 tr\u00ean \u0111\u01b0\u1eddng Mango<\/span><\/i><span data-contrast=\"auto\">\u00a0<\/span><span data-contrast=\"auto\">qua<\/span><span data-contrast=\"auto\">\u00a0<\/span><span data-contrast=\"auto\">Sandra Cisneros:\u00a0<\/span><span data-contrast=\"auto\">ISBN-10: 9780679734772; ISBN-13: 978-0679734772<\/span><span data-ccp-props=\"{&quot;134233279&quot;:true,&quot;201341983&quot;:1,&quot;335551550&quot;:6,&quot;335551620&quot;:6,&quot;335559740&quot;:280}\">\u00a0<\/span><\/li>\n<li data-leveltext=\"\uf0b7\" data-font=\"Symbol\" data-listid=\"19\" aria-setsize=\"-1\" data-aria-posinset=\"1\" data-aria-level=\"1\"><i><span data-contrast=\"auto\">\u0111\u1ed9 F<\/span><\/i><span data-contrast=\"auto\">\u00a0451<\/span><span data-contrast=\"auto\">\u00a0<\/span><span data-contrast=\"auto\">qua<\/span><span data-contrast=\"auto\">\u00a0Ray Bradbury: ISBN-10: 9781451673319; ISBN-13: 978-1451673319<\/span><span data-ccp-props=\"{&quot;134233279&quot;:true,&quot;201341983&quot;:1,&quot;335551550&quot;:6,&quot;335551620&quot;:6,&quot;335559740&quot;:280}\">\u00a0<\/span><\/li>\n<li data-leveltext=\"\uf0b7\" data-font=\"Symbol\" data-listid=\"19\" aria-setsize=\"-1\" data-aria-posinset=\"1\" data-aria-level=\"1\"><i><span data-contrast=\"auto\">Cu\u1ed9c phi\u00eau l\u01b0u<\/span><\/i><span data-contrast=\"auto\">\u00a0b\u1edfi Homer \u2013\u00a0<\/span><a href=\"https:\/\/www.gutenberg.org\/ebooks\/1727\"><span data-contrast=\"none\">D\u1ef1 \u00e1n Gutenberg<\/span><\/a><span data-contrast=\"auto\">\u00a0<\/span><span data-ccp-props=\"{&quot;134233279&quot;:true,&quot;201341983&quot;:1,&quot;335551550&quot;:6,&quot;335551620&quot;:6,&quot;335559740&quot;:280}\">\u00a0<\/span><\/li>\n<li data-leveltext=\"\uf0b7\" data-font=\"Symbol\" data-listid=\"19\" aria-setsize=\"-1\" data-aria-posinset=\"1\" data-aria-level=\"1\"><i><span data-contrast=\"auto\">tr\u00f2 ch\u01a1i c\u1ee7a Ender<\/span><\/i><span data-contrast=\"auto\">\u00a0<\/span><span data-contrast=\"auto\">qua<\/span><i><span data-contrast=\"auto\">\u00a0<\/span><\/i><span data-contrast=\"auto\">Th\u1ebb Orson Scott ISBN-10: 0812550706; ISBN-13: 978-0812550702<\/span><span data-ccp-props=\"{&quot;134233279&quot;:true,&quot;201341983&quot;:1,&quot;335551550&quot;:6,&quot;335551620&quot;:6,&quot;335559740&quot;:280}\">\u00a0<\/span><\/li>\n<li data-leveltext=\"\uf0b7\" data-font=\"Symbol\" data-listid=\"19\" aria-setsize=\"-1\" data-aria-posinset=\"1\" data-aria-level=\"1\"><i><span data-contrast=\"auto\">N\u00f3i v\u1ec1 chu\u1ed9t v\u00e0 \u0111\u00e0n \u00f4ng<\/span><\/i><span data-contrast=\"auto\">\u00a0<\/span><span data-contrast=\"auto\">qua<\/span><span data-contrast=\"auto\">\u00a0John Steinbeck: ISBN-10: 0140177396; ISBN-13: 978-0140177398<\/span><span data-ccp-props=\"{&quot;134233279&quot;:true,&quot;201341983&quot;:1,&quot;335551550&quot;:6,&quot;335551620&quot;:6,&quot;335559740&quot;:280}\">\u00a0<\/span><\/li>\n<\/ul>","protected":false},"excerpt":{"rendered":"<p>Ti\u1ebfng Anh danh d\u1ef1 l\u1edbp 9 l\u00e0 ch\u01b0\u01a1ng tr\u00ecnh gi\u1ea3ng d\u1ea1y t\u00edch h\u1ee3p v\u1edbi c\u00e1c b\u00e0i t\u1eadp \u0111\u1ea7y th\u1eed th\u00e1ch nh\u1eb1m m\u1ee5c \u0111\u00edch chu\u1ea9n b\u1ecb cho h\u1ecdc sinh tr\u00ecnh \u0111\u1ed9 danh d\u1ef1 h\u1ecdc l\u00ean tr\u00ecnh \u0111\u1ed9 cao h\u01a1n trong l\u0129nh v\u1ef1c v\u0103n h\u1ecdc v\u00e0 ngh\u1ec7 thu\u1eadt ng\u00f4n ng\u1eef.<\/p>","protected":false},"featured_media":848,"template":"","meta":[],"_links":{"self":[{"href":"https:\/\/pay.myhudsonglobal.com\/vi\/wp-json\/wp\/v2\/product\/565"}],"collection":[{"href":"https:\/\/pay.myhudsonglobal.com\/vi\/wp-json\/wp\/v2\/product"}],"about":[{"href":"https:\/\/pay.myhudsonglobal.com\/vi\/wp-json\/wp\/v2\/types\/product"}],"wp:featuredmedia":[{"embeddable":true,"href":"https:\/\/pay.myhudsonglobal.com\/vi\/wp-json\/wp\/v2\/media\/848"}],"wp:attachment":[{"href":"https:\/\/pay.myhudsonglobal.com\/vi\/wp-json\/wp\/v2\/media?parent=565"}],"curies":[{"name":"wp","href":"https:\/\/api.w.org\/{rel}","templated":true}]}}