{"id":557,"date":"2020-04-10T22:55:32","date_gmt":"2020-04-10T22:55:32","guid":{"rendered":"https:\/\/hgsenrollprod.wpengine.com\/?post_type=product&#038;p=557"},"modified":"2020-05-08T20:26:26","modified_gmt":"2020-05-08T20:26:26","slug":"language-arts-10-b","status":"publish","type":"product","link":"https:\/\/pay.myhudsonglobal.com\/vi\/product\/language-arts-10-b\/","title":{"rendered":"Ng\u00f4n ng\u1eef Ngh\u1ec7 thu\u1eadt 10 B"},"content":{"rendered":"<p><span class=\"TextRun SCXW96937814 BCX0\" lang=\"EN-US\" xml:lang=\"EN-US\" data-contrast=\"auto\"><span class=\"NormalTextRun SCXW96937814 BCX0\" data-wac-het=\"1\">H\u1ecdc k\u1ef3 B<\/span><\/span><span class=\"TextRun SCXW96937814 BCX0\" lang=\"EN-US\" xml:lang=\"EN-US\" data-contrast=\"auto\"><span class=\"NormalTextRun SCXW96937814 BCX0\" data-wac-het=\"1\">\u00a0&#8211;\u00a0<\/span><\/span><span class=\"TextRun SCXW96937814 BCX0\" lang=\"EN-US\" xml:lang=\"EN-US\" data-contrast=\"auto\"><span class=\"NormalTextRun SCXW96937814 BCX0\" data-wac-het=\"1\">Like semester A, semester B consists of integrated units focused on a theme or mode of study. Literature study in semester B focuses on the analysis of different forms of literature and as well as the evaluation of various modes and forms of writing. Writing and informational text lessons guide students through the stages of a rigorous research process\u00a0<\/span><\/span><span class=\"TextRun SCXW96937814 BCX0\" lang=\"EN-US\" xml:lang=\"EN-US\" data-contrast=\"auto\"><span class=\"NormalTextRun SCXW96937814 BCX0\" data-wac-het=\"1\">and demonstrate how to evaluate, integrate, and share the information gathered during research. Students are required to share their ideas and analysis using several different modes, including oral and multimedia presentations.<\/span><\/span><span class=\"EOP SCXW96937814 BCX0\" data-ccp-props=\"{&quot;201341983&quot;:1,&quot;335551550&quot;:6,&quot;335551620&quot;:6,&quot;335559740&quot;:280}\" data-wac-het=\"1\">\u00a0<\/span><\/p>\n<p><span style=\"text-decoration: underline;\"><b>V\u1eadt li\u1ec7u c\u1ea7n thi\u1ebft<\/b><\/span><\/p>\n<p><span data-contrast=\"auto\">Ti\u1ec3u thuy\u1ebft b\u1eaft bu\u1ed9c:<\/span><span data-ccp-props=\"{&quot;134233279&quot;:true,&quot;201341983&quot;:1,&quot;335551550&quot;:6,&quot;335551620&quot;:6,&quot;335559740&quot;:280}\">\u00a0<\/span><\/p>\n<ul>\n<li><i><span data-contrast=\"auto\">\u0110\u00eam<\/span><\/i><span data-contrast=\"auto\">\u00a0<\/span><span data-contrast=\"auto\">qua\u00a0<\/span><span data-contrast=\"auto\">Elie Wiesel<\/span><span data-contrast=\"auto\">:<\/span><span data-contrast=\"auto\">\u00a0<\/span><span data-contrast=\"auto\">ISBN-10: 9780374500016; ISBN-13: 978-0374500016<\/span><span data-ccp-props=\"{&quot;134233279&quot;:true,&quot;201341983&quot;:1,&quot;335551550&quot;:1,&quot;335551620&quot;:1,&quot;335559740&quot;:280}\">\u00a0<\/span><\/li>\n<\/ul>\n<p><span data-contrast=\"auto\">Ti\u1ec3u thuy\u1ebft t\u00f9y ch\u1ecdn:<\/span><span data-ccp-props=\"{&quot;134233279&quot;:true,&quot;201341983&quot;:1,&quot;335551550&quot;:1,&quot;335551620&quot;:1,&quot;335559740&quot;:280}\">\u00a0<\/span><\/p>\n<ul>\n<li data-leveltext=\"o\" data-font=\"Courier New\" data-listid=\"20\" aria-setsize=\"-1\" data-aria-posinset=\"3\" data-aria-level=\"2\"><i><span data-contrast=\"auto\">B\u1eaft tr\u1ebb \u0111\u1ed3ng xanh<\/span><\/i><span data-contrast=\"auto\">\u00a0<\/span><span data-contrast=\"auto\">qua<\/span><span data-contrast=\"auto\">\u00a0JD Salinger<\/span><span data-contrast=\"auto\">: ISBN-10: 9780316769174; ISBN-13; 978-0316769174<\/span><span data-ccp-props=\"{&quot;134233279&quot;:true,&quot;201341983&quot;:1,&quot;335551550&quot;:1,&quot;335551620&quot;:1,&quot;335559740&quot;:280}\">\u00a0<\/span><\/li>\n<li data-leveltext=\"o\" data-font=\"Courier New\" data-listid=\"20\" aria-setsize=\"-1\" data-aria-posinset=\"3\" data-aria-level=\"2\"><i><span data-contrast=\"auto\">C\u00e2y \u0110\u1eadu<\/span><\/i><span data-contrast=\"auto\">\u00a0<\/span><span data-contrast=\"auto\">qua<\/span><span data-contrast=\"auto\">\u00a0Barbara Kingsolver<\/span><span data-contrast=\"auto\">:\u00a0<\/span><span data-contrast=\"auto\">qua<\/span><span data-contrast=\"auto\">\u00a0ISBN-10: 0062277758; ISBN-13; 978-0062277756<\/span><span data-ccp-props=\"{&quot;134233279&quot;:true,&quot;201341983&quot;:1,&quot;335551550&quot;:1,&quot;335551620&quot;:1,&quot;335559740&quot;:280}\">\u00a0<\/span><\/li>\n<li data-leveltext=\"o\" data-font=\"Courier New\" data-listid=\"20\" aria-setsize=\"-1\" data-aria-posinset=\"3\" data-aria-level=\"2\"><i><span data-contrast=\"auto\">T\u1ea5t c\u1ea3 y\u00ean t\u0129nh tr\u00ean m\u1eb7t tr\u1eadn mi\u1ec1n T\u00e2y<\/span><\/i><span data-contrast=\"auto\">\u00a0<\/span><span data-contrast=\"auto\">qua\u00a0<\/span><span data-contrast=\"auto\">Erich Maria Remarque<\/span><span data-contrast=\"auto\">: ISBN-10: 1906230668; ISBN-13: 978-1906230661<\/span><span data-ccp-props=\"{&quot;134233279&quot;:true,&quot;201341983&quot;:1,&quot;335551550&quot;:1,&quot;335551620&quot;:1,&quot;335559740&quot;:280}\">\u00a0<\/span><\/li>\n<li data-leveltext=\"o\" data-font=\"Courier New\" data-listid=\"20\" aria-setsize=\"-1\" data-aria-posinset=\"3\" data-aria-level=\"2\"><i><span data-contrast=\"auto\">Ch\u00faa t\u1ec3 tr\u00ean kh\u00f4ng<\/span><\/i><span data-contrast=\"auto\">\u00a0<\/span><span data-contrast=\"auto\">qua<\/span><i><span data-contrast=\"auto\">\u00a0<\/span><\/i><i><span data-contrast=\"auto\">William Golding;\u00a0<\/span><\/i><i><span data-contrast=\"auto\">ISBN-10: 0399501487<\/span><\/i><i><span data-contrast=\"auto\">;\u00a0<\/span><\/i><i><span data-contrast=\"auto\">ISBN-13: 978-0399501487<\/span><\/i><span data-ccp-props=\"{&quot;134233279&quot;:true,&quot;201341983&quot;:1,&quot;335551550&quot;:1,&quot;335551620&quot;:1,&quot;335559740&quot;:280}\">\u00a0<\/span><\/li>\n<li data-leveltext=\"o\" data-font=\"Courier New\" data-listid=\"20\" aria-setsize=\"-1\" data-aria-posinset=\"3\" data-aria-level=\"2\"><i><span data-contrast=\"auto\">\u0110\u00eam th\u1ee9 m\u01b0\u1eddi hai<\/span><\/i><span data-contrast=\"auto\">\u00a0<\/span><span data-contrast=\"auto\">b\u1edfi William Shakespeare<\/span><span data-contrast=\"auto\">\u00a0\u2013\u00a0<\/span><a href=\"https:\/\/www.gutenberg.org\/ebooks\/1527\"><span data-contrast=\"none\">D\u1ef1 \u00e1n Gutenberg<\/span><\/a><span data-ccp-props=\"{&quot;134233279&quot;:true,&quot;201341983&quot;:1,&quot;335551550&quot;:1,&quot;335551620&quot;:1,&quot;335559740&quot;:280}\">\u00a0<\/span><\/li>\n<li data-leveltext=\"o\" data-font=\"Courier New\" data-listid=\"20\" aria-setsize=\"-1\" data-aria-posinset=\"3\" data-aria-level=\"2\"><i><span data-contrast=\"auto\">T\u1ea1m bi\u1ec7t Manzanar<\/span><\/i><span data-contrast=\"auto\">\u00a0<\/span><span data-contrast=\"auto\">qua<\/span><span data-contrast=\"auto\">\u00a0Jeanne Wakatsuki Houston<\/span><span data-contrast=\"auto\">:\u00a0<\/span><span data-contrast=\"auto\">ISBN-10: 1328742113<\/span><span data-contrast=\"auto\">;<\/span><span data-contrast=\"auto\">\u00a0<\/span><span data-contrast=\"auto\">ISBN-13: 978-1328742117<\/span><span data-ccp-props=\"{&quot;134233279&quot;:true,&quot;201341983&quot;:1,&quot;335551550&quot;:1,&quot;335551620&quot;:1,&quot;335559740&quot;:280}\">\u00a0<\/span><\/li>\n<li data-leveltext=\"o\" data-font=\"Courier New\" data-listid=\"20\" aria-setsize=\"-1\" data-aria-posinset=\"3\" data-aria-level=\"2\"><i><span data-contrast=\"auto\">Antigone<\/span><\/i><span data-contrast=\"auto\">\u00a0<\/span><span data-contrast=\"auto\">b\u1edfi Sophocles<\/span><span data-contrast=\"auto\">\u00a0\u2013\u00a0<\/span><a href=\"https:\/\/www.gutenberg.org\/ebooks\/54543\"><span data-contrast=\"none\">D\u1ef1 \u00e1n Gutenberg<\/span><\/a><span data-ccp-props=\"{&quot;134233279&quot;:true,&quot;201341983&quot;:1,&quot;335551550&quot;:6,&quot;335551620&quot;:6,&quot;335559740&quot;:280}\">\u00a0<\/span><\/li>\n<\/ul>","protected":false},"excerpt":{"rendered":"<p><span class=\"TextRun SCXW96937814 BCX0\" lang=\"EN-US\" xml:lang=\"EN-US\" data-contrast=\"auto\"><span class=\"NormalTextRun SCXW96937814 BCX0\" data-wac-het=\"1\">Nghi\u00ean c\u1ee9u v\u0103n h\u1ecdc trong h\u1ecdc k\u1ef3 B t\u1eadp trung v\u00e0o vi\u1ec7c ph\u00e2n t\u00edch c\u00e1c h\u00ecnh th\u1ee9c v\u0103n h\u1ecdc kh\u00e1c nhau c\u0169ng nh\u01b0 \u0111\u00e1nh gi\u00e1 c\u00e1c ph\u01b0\u01a1ng th\u1ee9c v\u00e0 h\u00ecnh th\u1ee9c vi\u1ebft kh\u00e1c nhau. <\/span><\/span><\/p>","protected":false},"featured_media":848,"template":"","meta":[],"_links":{"self":[{"href":"https:\/\/pay.myhudsonglobal.com\/vi\/wp-json\/wp\/v2\/product\/557"}],"collection":[{"href":"https:\/\/pay.myhudsonglobal.com\/vi\/wp-json\/wp\/v2\/product"}],"about":[{"href":"https:\/\/pay.myhudsonglobal.com\/vi\/wp-json\/wp\/v2\/types\/product"}],"wp:featuredmedia":[{"embeddable":true,"href":"https:\/\/pay.myhudsonglobal.com\/vi\/wp-json\/wp\/v2\/media\/848"}],"wp:attachment":[{"href":"https:\/\/pay.myhudsonglobal.com\/vi\/wp-json\/wp\/v2\/media?parent=557"}],"curies":[{"name":"wp","href":"https:\/\/api.w.org\/{rel}","templated":true}]}}