{"id":1004,"date":"2020-04-24T20:33:54","date_gmt":"2020-04-24T20:33:54","guid":{"rendered":"https:\/\/hgsenrollprod.wpengine.com\/?post_type=product&#038;p=1004"},"modified":"2020-04-24T20:34:57","modified_gmt":"2020-04-24T20:34:57","slug":"health-grade-4-b","status":"publish","type":"product","link":"https:\/\/pay.myhudsonglobal.com\/vi\/product\/health-grade-4-b\/","title":{"rendered":"S\u1ee9c kh\u1ecfe l\u1edbp 4 B"},"content":{"rendered":"<p><span class=\"TextRun SCXW156843505 BCX0\" lang=\"EN-US\" xml:lang=\"EN-US\" data-contrast=\"auto\"><span class=\"NormalTextRun SCXW156843505 BCX0\">Trong S\u1ee9c kh\u1ecfe Ti\u1ec3u h\u1ecdc 4, h\u1ecdc sinh thi\u1ebft l\u1eadp s\u1ef1 hi\u1ec3u bi\u1ebft c\u01a1 b\u1ea3n v\u1ec1 c\u00e1c kh\u00eda c\u1ea1nh c\u1ee7a s\u1ee9c kh\u1ecfe. H\u1ecd t\u1eadp trung v\u00e0o c\u00e1c kh\u00eda c\u1ea1nh kh\u00e1c nhau c\u1ee7a s\u1ee9c kh\u1ecfe v\u00e0 c\u00e1ch h\u1ecd c\u00f3 th\u1ec3 \u0111\u01b0a ra nh\u1eefng l\u1ef1a ch\u1ecdn l\u00e0nh m\u1ea1nh. C\u00e1c ch\u1ee7 \u0111\u1ec1 bao g\u1ed3m an to\u00e0n c\u00e1 nh\u00e2n, gi\u1ea3m thi\u1ec3u b\u1ec7nh t\u1eadt, tr\u00e1nh b\u1ecb b\u1eaft n\u1ea1t, dinh d\u01b0\u1ee1ng, t\u00ecnh b\u1ea1n l\u00e0nh m\u1ea1nh, c\u00e1c t\u00ecnh hu\u1ed1ng kh\u1ea9n c\u1ea5p v\u00e0 c\u01a1 th\u1ec3 con ng\u01b0\u1eddi. L\u1edbp b\u1ed1n s\u1ebd nghi\u00ean c\u1ee9u c\u00e1c h\u1ec7 th\u1ed1ng ho\u1ea1t \u0111\u1ed9ng c\u1ee7a c\u01a1 th\u1ec3.<\/span><\/span><\/p>","protected":false},"excerpt":{"rendered":"<p><span class=\"TextRun SCXW156843505 BCX0\" lang=\"EN-US\" xml:lang=\"EN-US\" data-contrast=\"auto\"><span class=\"NormalTextRun SCXW156843505 BCX0\">Trong S\u1ee9c kh\u1ecfe Ti\u1ec3u h\u1ecdc 4, h\u1ecdc sinh thi\u1ebft l\u1eadp s\u1ef1 hi\u1ec3u bi\u1ebft c\u01a1 b\u1ea3n v\u1ec1 c\u00e1c kh\u00eda c\u1ea1nh c\u1ee7a s\u1ee9c kh\u1ecfe.<\/span><\/span><\/p>","protected":false},"featured_media":844,"template":"","meta":[],"_links":{"self":[{"href":"https:\/\/pay.myhudsonglobal.com\/vi\/wp-json\/wp\/v2\/product\/1004"}],"collection":[{"href":"https:\/\/pay.myhudsonglobal.com\/vi\/wp-json\/wp\/v2\/product"}],"about":[{"href":"https:\/\/pay.myhudsonglobal.com\/vi\/wp-json\/wp\/v2\/types\/product"}],"wp:featuredmedia":[{"embeddable":true,"href":"https:\/\/pay.myhudsonglobal.com\/vi\/wp-json\/wp\/v2\/media\/844"}],"wp:attachment":[{"href":"https:\/\/pay.myhudsonglobal.com\/vi\/wp-json\/wp\/v2\/media?parent=1004"}],"curies":[{"name":"wp","href":"https:\/\/api.w.org\/{rel}","templated":true}]}}