{"id":863,"date":"2020-04-14T17:11:02","date_gmt":"2020-04-14T17:11:02","guid":{"rendered":"https:\/\/hgsenrollprod.wpengine.com\/?page_id=863"},"modified":"2020-04-27T12:47:45","modified_gmt":"2020-04-27T12:47:45","slug":"elem-theology","status":"publish","type":"page","link":"https:\/\/pay.myhudsonglobal.com\/vi\/elem-theology\/","title":{"rendered":"ES \u2013 Theology"},"content":{"rendered":"<div id=\"cs-content\" class=\"cs-content\" ><\/div>\n\n\n<h2>ES \u2013 Theology<\/h2>\n\n\n\n<p class=\"has-text-align-right\">Quay l\u1ea1i c\u00e1c kh\u00f3a h\u1ecdc<\/p>\n\n\n<div class=\"wc-block-grid wp-block-product-category wc-block-product-category has-3-columns has-multiple-rows\"><ul class=\"wc-block-grid__products\"><li class=\"wc-block-grid__product\">\n\t\t\t\t<a href=\"https:\/\/pay.myhudsonglobal.com\/vi\/product\/we-love-jesus-1st-grade\/\" class=\"wc-block-grid__product-link\">\n\t\t\t\t\t<div class=\"wc-block-grid__product-image\"><img width=\"300\" height=\"300\" src=\"https:\/\/pay.myhudsonglobal.com\/wp-content\/uploads\/2020\/04\/religion-courses-300-300x300.png\" class=\"attachment-woocommerce_thumbnail size-woocommerce_thumbnail\" alt=\"\" decoding=\"async\" loading=\"lazy\" srcset=\"https:\/\/pay.myhudsonglobal.com\/wp-content\/uploads\/2020\/04\/religion-courses-300.png 300w, https:\/\/pay.myhudsonglobal.com\/wp-content\/uploads\/2020\/04\/religion-courses-300-150x150.png 150w, https:\/\/pay.myhudsonglobal.com\/wp-content\/uploads\/2020\/04\/religion-courses-300-100x100.png 100w\" sizes=\"(max-width: 300px) 100vw, 300px\" \/><\/div>\n\t\t\t\t\t<div class=\"wc-block-grid__product-title\">L\u1edbp 1: Ch\u00fang t\u00f4i y\u00eau Ch\u00faa Gi\u00easu!<\/div>\n\t\t\t\t<\/a>\n\t\t\t\t\n\t\t\t\t\n\t\t\t\t\n\t\t\t\t<div class=\"wp-block-button wc-block-grid__product-add-to-cart\"><a href=\"?add-to-cart=784\" aria-label=\"Th\u00eam \u201cGrade 1: We Love Jesus!\u201d v\u00e0o gi\u1ecf h\u00e0ng c\u1ee7a b\u1ea1n\" data-quantity=\"1\" data-product_id=\"784\" data-product_sku=\"ELEMWLJ1\" rel=\"nofollow\" class=\"wp-block-button__link add_to_cart_button ajax_add_to_cart\" data-no-translation=\"\" data-trp-gettext=\"\" data-no-translation-aria-label=\"\">Ch\u1ecdn kh\u00f3a h\u1ecdc n\u00e0y<\/a><\/div>\n\t\t\t<\/li><li class=\"wc-block-grid__product\">\n\t\t\t\t<a href=\"https:\/\/pay.myhudsonglobal.com\/vi\/product\/chua-giesu-yeu-chung-ta-lop-2\/\" class=\"wc-block-grid__product-link\">\n\t\t\t\t\t<div class=\"wc-block-grid__product-image\"><img width=\"300\" height=\"300\" src=\"https:\/\/pay.myhudsonglobal.com\/wp-content\/uploads\/2020\/04\/religion-courses-300-300x300.png\" class=\"attachment-woocommerce_thumbnail size-woocommerce_thumbnail\" alt=\"\" decoding=\"async\" loading=\"lazy\" srcset=\"https:\/\/pay.myhudsonglobal.com\/wp-content\/uploads\/2020\/04\/religion-courses-300.png 300w, https:\/\/pay.myhudsonglobal.com\/wp-content\/uploads\/2020\/04\/religion-courses-300-150x150.png 150w, https:\/\/pay.myhudsonglobal.com\/wp-content\/uploads\/2020\/04\/religion-courses-300-100x100.png 100w\" sizes=\"(max-width: 300px) 100vw, 300px\" \/><\/div>\n\t\t\t\t\t<div class=\"wc-block-grid__product-title\">L\u1edbp 2: Ch\u00faa Gi\u00easu Y\u00eau Th\u01b0\u01a1ng Ch\u00fang Ta!<\/div>\n\t\t\t\t<\/a>\n\t\t\t\t\n\t\t\t\t\n\t\t\t\t\n\t\t\t\t<div class=\"wp-block-button wc-block-grid__product-add-to-cart\"><a href=\"?add-to-cart=785\" aria-label=\"Th\u00eam \u201cGrade 2: Jesus Loves Us!\u201d v\u00e0o gi\u1ecf h\u00e0ng c\u1ee7a b\u1ea1n\" data-quantity=\"1\" data-product_id=\"785\" data-product_sku=\"ELEMJLU2\" rel=\"nofollow\" class=\"wp-block-button__link add_to_cart_button ajax_add_to_cart\" data-no-translation=\"\" data-trp-gettext=\"\" data-no-translation-aria-label=\"\">Ch\u1ecdn kh\u00f3a h\u1ecdc n\u00e0y<\/a><\/div>\n\t\t\t<\/li><li class=\"wc-block-grid__product\">\n\t\t\t\t<a href=\"https:\/\/pay.myhudsonglobal.com\/vi\/product\/the-church-is-gods-family-3rd-grade\/\" class=\"wc-block-grid__product-link\">\n\t\t\t\t\t<div class=\"wc-block-grid__product-image\"><img width=\"300\" height=\"300\" src=\"https:\/\/pay.myhudsonglobal.com\/wp-content\/uploads\/2020\/04\/religion-courses-300-300x300.png\" class=\"attachment-woocommerce_thumbnail size-woocommerce_thumbnail\" alt=\"\" decoding=\"async\" loading=\"lazy\" srcset=\"https:\/\/pay.myhudsonglobal.com\/wp-content\/uploads\/2020\/04\/religion-courses-300.png 300w, https:\/\/pay.myhudsonglobal.com\/wp-content\/uploads\/2020\/04\/religion-courses-300-150x150.png 150w, https:\/\/pay.myhudsonglobal.com\/wp-content\/uploads\/2020\/04\/religion-courses-300-100x100.png 100w\" sizes=\"(max-width: 300px) 100vw, 300px\" \/><\/div>\n\t\t\t\t\t<div class=\"wc-block-grid__product-title\">L\u1edbp 3: H\u1ed9i Th\u00e1nh l\u00e0 Gia \u0110\u00ecnh c\u1ee7a Thi\u00ean Ch\u00faa!<\/div>\n\t\t\t\t<\/a>\n\t\t\t\t\n\t\t\t\t\n\t\t\t\t\n\t\t\t\t<div class=\"wp-block-button wc-block-grid__product-add-to-cart\"><a href=\"?add-to-cart=786\" aria-label=\"Th\u00eam \u201cGrade 3: The Church is God&#039;s Family!\u201d v\u00e0o gi\u1ecf h\u00e0ng c\u1ee7a b\u1ea1n\" data-quantity=\"1\" data-product_id=\"786\" data-product_sku=\"ELEMCGF3\" rel=\"nofollow\" class=\"wp-block-button__link add_to_cart_button ajax_add_to_cart\" data-no-translation=\"\" data-trp-gettext=\"\" data-no-translation-aria-label=\"\">Ch\u1ecdn kh\u00f3a h\u1ecdc n\u00e0y<\/a><\/div>\n\t\t\t<\/li><li class=\"wc-block-grid__product\">\n\t\t\t\t<a href=\"https:\/\/pay.myhudsonglobal.com\/vi\/product\/god-guides-us-4th-grade\/\" class=\"wc-block-grid__product-link\">\n\t\t\t\t\t<div class=\"wc-block-grid__product-image\"><img width=\"300\" height=\"300\" src=\"https:\/\/pay.myhudsonglobal.com\/wp-content\/uploads\/2020\/04\/religion-courses-300-300x300.png\" class=\"attachment-woocommerce_thumbnail size-woocommerce_thumbnail\" alt=\"\" decoding=\"async\" loading=\"lazy\" srcset=\"https:\/\/pay.myhudsonglobal.com\/wp-content\/uploads\/2020\/04\/religion-courses-300.png 300w, https:\/\/pay.myhudsonglobal.com\/wp-content\/uploads\/2020\/04\/religion-courses-300-150x150.png 150w, https:\/\/pay.myhudsonglobal.com\/wp-content\/uploads\/2020\/04\/religion-courses-300-100x100.png 100w\" sizes=\"(max-width: 300px) 100vw, 300px\" \/><\/div>\n\t\t\t\t\t<div class=\"wc-block-grid__product-title\">L\u1edbp 4: Ch\u00faa h\u01b0\u1edbng d\u1eabn ch\u00fang ta!<\/div>\n\t\t\t\t<\/a>\n\t\t\t\t\n\t\t\t\t\n\t\t\t\t\n\t\t\t\t<div class=\"wp-block-button wc-block-grid__product-add-to-cart\"><a href=\"?add-to-cart=787\" aria-label=\"Th\u00eam \u201cGrade 4: God Guides Us!\u201d v\u00e0o gi\u1ecf h\u00e0ng c\u1ee7a b\u1ea1n\" data-quantity=\"1\" data-product_id=\"787\" data-product_sku=\"ELEMGGU4\" rel=\"nofollow\" class=\"wp-block-button__link add_to_cart_button ajax_add_to_cart\" data-no-translation=\"\" data-trp-gettext=\"\" data-no-translation-aria-label=\"\">Ch\u1ecdn kh\u00f3a h\u1ecdc n\u00e0y<\/a><\/div>\n\t\t\t<\/li><li class=\"wc-block-grid__product\">\n\t\t\t\t<a href=\"https:\/\/pay.myhudsonglobal.com\/vi\/product\/jesus-comes-to-meet-us-5th-grade\/\" class=\"wc-block-grid__product-link\">\n\t\t\t\t\t<div class=\"wc-block-grid__product-image\"><img width=\"300\" height=\"300\" src=\"https:\/\/pay.myhudsonglobal.com\/wp-content\/uploads\/2020\/04\/religion-courses-300-300x300.png\" class=\"attachment-woocommerce_thumbnail size-woocommerce_thumbnail\" alt=\"\" decoding=\"async\" loading=\"lazy\" srcset=\"https:\/\/pay.myhudsonglobal.com\/wp-content\/uploads\/2020\/04\/religion-courses-300.png 300w, https:\/\/pay.myhudsonglobal.com\/wp-content\/uploads\/2020\/04\/religion-courses-300-150x150.png 150w, https:\/\/pay.myhudsonglobal.com\/wp-content\/uploads\/2020\/04\/religion-courses-300-100x100.png 100w\" sizes=\"(max-width: 300px) 100vw, 300px\" \/><\/div>\n\t\t\t\t\t<div class=\"wc-block-grid__product-title\">L\u1edbp 5: Ch\u00faa Gi\u00easu \u0110\u1ebfn G\u1eb7p Ch\u00fang Ta!<\/div>\n\t\t\t\t<\/a>\n\t\t\t\t\n\t\t\t\t\n\t\t\t\t\n\t\t\t\t<div class=\"wp-block-button wc-block-grid__product-add-to-cart\"><a href=\"?add-to-cart=788\" aria-label=\"Th\u00eam \u201cGrade 5: Jesus Comes to Meet Us!\u201d v\u00e0o gi\u1ecf h\u00e0ng c\u1ee7a b\u1ea1n\" data-quantity=\"1\" data-product_id=\"788\" data-product_sku=\"ELEMJCMU5\" rel=\"nofollow\" class=\"wp-block-button__link add_to_cart_button ajax_add_to_cart\" data-no-translation=\"\" data-trp-gettext=\"\" data-no-translation-aria-label=\"\">Ch\u1ecdn kh\u00f3a h\u1ecdc n\u00e0y<\/a><\/div>\n\t\t\t<\/li><\/ul><\/div>","protected":false},"excerpt":{"rendered":"<p>ES &#8211; Theology Back to courses<\/p>","protected":false},"author":14,"featured_media":0,"parent":0,"menu_order":0,"comment_status":"closed","ping_status":"closed","template":"template-blank-1.php","meta":[],"_links":{"self":[{"href":"https:\/\/pay.myhudsonglobal.com\/vi\/wp-json\/wp\/v2\/pages\/863"}],"collection":[{"href":"https:\/\/pay.myhudsonglobal.com\/vi\/wp-json\/wp\/v2\/pages"}],"about":[{"href":"https:\/\/pay.myhudsonglobal.com\/vi\/wp-json\/wp\/v2\/types\/page"}],"author":[{"embeddable":true,"href":"https:\/\/pay.myhudsonglobal.com\/vi\/wp-json\/wp\/v2\/users\/14"}],"replies":[{"embeddable":true,"href":"https:\/\/pay.myhudsonglobal.com\/vi\/wp-json\/wp\/v2\/comments?post=863"}],"version-history":[{"count":0,"href":"https:\/\/pay.myhudsonglobal.com\/vi\/wp-json\/wp\/v2\/pages\/863\/revisions"}],"wp:attachment":[{"href":"https:\/\/pay.myhudsonglobal.com\/vi\/wp-json\/wp\/v2\/media?parent=863"}],"curies":[{"name":"wp","href":"https:\/\/api.w.org\/{rel}","templated":true}]}}