{"id":326,"date":"2019-07-26T18:28:49","date_gmt":"2019-07-26T18:28:49","guid":{"rendered":"https:\/\/actworldhs.wpengine.com\/?page_id=326"},"modified":"2019-07-26T18:31:45","modified_gmt":"2019-07-26T18:31:45","slug":"terms-of-use","status":"publish","type":"page","link":"https:\/\/pay.myhudsonglobal.com\/vi\/dieu-khoan-su-dung\/","title":{"rendered":"\u0110i\u1ec1u kho\u1ea3n s\u1eed d\u1ee5ng"},"content":{"rendered":"<div id=\"cs-content\" class=\"cs-content\" >\n<div class=\"e326-1 x-section hero\" >\n    \n<div class=\"x-bg\" aria-hidden=\"true\" data-x-element=\"bg\" >\n  <div class=\"x-bg-layer-lower-image\" style=\" background-image: url(https:\/\/actworldhs.wpengine.com\/wp-content\/uploads\/2019\/07\/beatriz-perez-moya-XN4T2PVUUgk-unsplash.jpg); background-repeat: no-repeat; background-position: center; background-size: cover;\" ><\/div>  <div class=\"x-bg-layer-upper-color\" style=\" background-color: rgba(0, 0, 0, 0.3);\" ><\/div><\/div>\n  \n<div class=\"e326-2 x-container max width\" >\n    \n<div class=\"e326-3 x-column x-sm x-1-1\" >\n    \n<div class=\"e326-4 x-text\" >\n  <p style=\"text-align: center;\"><strong><span style=\"color: #ffffff;\">\u0110i\u1ec1u kho\u1ea3n s\u1eed d\u1ee5ng<\/span><\/strong><\/p><\/div>\n<\/div>\n<\/div>\n  <\/div>\n\n<div class=\"e326-5 x-section\" >\n      \n<div class=\"e326-6 x-container max width\" >\n    \n<div class=\"e326-7 x-column x-sm x-1-1\" >\n    \n<div class=\"e326-8 x-text\" >\n  <h4>\u0110i\u1ec1u kho\u1ea3n s\u1eed d\u1ee5ng<br \/><br \/>1. \u0110i\u1ec1u kho\u1ea3n<\/h4>\n<p>B\u1eb1ng c\u00e1ch truy c\u1eadp trang web n\u00e0y, b\u1ea1n \u0111\u1ed3ng \u00fd b\u1ecb r\u00e0ng bu\u1ed9c b\u1edfi nh\u1eefng \u0111i\u1ec1u kho\u1ea3n n\u00e0y<br \/>\u0110i\u1ec1u kho\u1ea3n v\u00e0 \u0110i\u1ec1u ki\u1ec7n S\u1eed d\u1ee5ng trang web, t\u1ea5t c\u1ea3 c\u00e1c lu\u1eadt v\u00e0 quy \u0111\u1ecbnh hi\u1ec7n h\u00e0nh,<br \/>v\u00e0 \u0111\u1ed3ng \u00fd r\u1eb1ng b\u1ea1n ch\u1ecbu tr\u00e1ch nhi\u1ec7m tu\u00e2n th\u1ee7 b\u1ea5t k\u1ef3 quy \u0111\u1ecbnh \u0111\u1ecba ph\u01b0\u01a1ng n\u00e0o hi\u1ec7n h\u00e0nh<br \/>lu\u1eadt ph\u00e1p. N\u1ebfu b\u1ea1n kh\u00f4ng \u0111\u1ed3ng \u00fd v\u1edbi b\u1ea5t k\u1ef3 \u0111i\u1ec1u kho\u1ea3n n\u00e0o trong s\u1ed1 n\u00e0y, b\u1ea1n b\u1ecb c\u1ea5m<br \/>s\u1eed d\u1ee5ng ho\u1eb7c truy c\u1eadp trang web n\u00e0y. C\u00e1c t\u00e0i li\u1ec7u c\u00f3 trong trang web n\u00e0y l\u00e0<br \/>\u0111\u01b0\u1ee3c b\u1ea3o v\u1ec7 b\u1edfi lu\u1eadt b\u1ea3n quy\u1ec1n v\u00e0 lu\u1eadt nh\u00e3n hi\u1ec7u hi\u1ec7n h\u00e0nh.<\/p>\n<h4>2. S\u1eed d\u1ee5ng Gi\u1ea5y ph\u00e9p<\/h4>\n<ol type=\"a\">\n<li>\u0110\u01b0\u1ee3c ph\u00e9p t\u1ea3i xu\u1ed1ng t\u1ea1m th\u1eddi m\u1ed9t b\u1ea3n sao c\u1ee7a t\u00e0i li\u1ec7u<br \/>(th\u00f4ng tin ho\u1eb7c ph\u1ea7n m\u1ec1m) tr\u00ean trang web c\u1ee7a Tr\u01b0\u1eddng h\u1ecdc \u1ea3o xu\u1ea5t s\u1eafc d\u00e0nh cho c\u00e1 nh\u00e2n,<br \/>ch\u1ec9 xem t\u1ea1m th\u1eddi kh\u00f4ng v\u00ec m\u1ee5c \u0111\u00edch th\u01b0\u01a1ng m\u1ea1i. \u0110\u00e2y l\u00e0 vi\u1ec7c c\u1ea5p gi\u1ea5y ph\u00e9p,<br \/>kh\u00f4ng ph\u1ea3i l\u00e0 s\u1ef1 chuy\u1ec3n giao quy\u1ec1n s\u1edf h\u1eefu v\u00e0 theo gi\u1ea5y ph\u00e9p n\u00e0y, b\u1ea1n kh\u00f4ng \u0111\u01b0\u1ee3c:<br \/>\n<ol type=\"i\">\n<li>s\u1eeda \u0111\u1ed5i ho\u1eb7c sao ch\u00e9p c\u00e1c t\u00e0i li\u1ec7u;<\/li>\n<li>s\u1eed d\u1ee5ng t\u00e0i li\u1ec7u cho b\u1ea5t k\u1ef3 m\u1ee5c \u0111\u00edch th\u01b0\u01a1ng m\u1ea1i n\u00e0o ho\u1eb7c cho b\u1ea5t k\u1ef3 m\u1ee5c \u0111\u00edch tr\u01b0ng b\u00e0y c\u00f4ng c\u1ed9ng n\u00e0o (th\u01b0\u01a1ng m\u1ea1i ho\u1eb7c phi th\u01b0\u01a1ng m\u1ea1i);<\/li>\n<li>c\u1ed1 g\u1eafng gi\u1ea3i m\u00e3 ho\u1eb7c \u0111\u1ea3o ng\u01b0\u1ee3c k\u1ef9 thu\u1eadt b\u1ea5t k\u1ef3 ph\u1ea7n m\u1ec1m n\u00e0o c\u00f3 tr\u00ean trang web c\u1ee7a Tr\u01b0\u1eddng h\u1ecdc Xu\u1ea5t s\u1eafc \u1ea2o;<\/li>\n<li>x\u00f3a b\u1ea5t k\u1ef3 b\u1ea3n quy\u1ec1n ho\u1eb7c ghi ch\u00fa \u0111\u1ed9c quy\u1ec1n n\u00e0o kh\u00e1c kh\u1ecfi t\u00e0i li\u1ec7u; ho\u1eb7c<\/li>\n<li>chuy\u1ec3n t\u00e0i li\u1ec7u cho ng\u01b0\u1eddi kh\u00e1c ho\u1eb7c &quot;sao ch\u00e9p&quot; t\u00e0i li\u1ec7u tr\u00ean b\u1ea5t k\u1ef3 m\u00e1y ch\u1ee7 n\u00e0o kh\u00e1c.<\/li>\n<\/ol>\n<\/li>\n<li>Gi\u1ea5y ph\u00e9p n\u00e0y s\u1ebd t\u1ef1 \u0111\u1ed9ng ch\u1ea5m d\u1ee9t n\u1ebfu b\u1ea1n vi ph\u1ea1m b\u1ea5t k\u1ef3 h\u1ea1n ch\u1ebf n\u00e0o n\u00eau tr\u00ean v\u00e0 c\u00f3 th\u1ec3 b\u1ecb Tr\u01b0\u1eddng H\u1ecdc \u1ea2o Xu\u1ea5t S\u1eafc ch\u1ea5m d\u1ee9t b\u1ea5t c\u1ee9 l\u00fac n\u00e0o. Khi b\u1ea1n ch\u1ea5m d\u1ee9t vi\u1ec7c xem c\u00e1c t\u00e0i li\u1ec7u n\u00e0y ho\u1eb7c khi gi\u1ea5y ph\u00e9p n\u00e0y ch\u1ea5m d\u1ee9t, b\u1ea1n ph\u1ea3i h\u1ee7y m\u1ecdi t\u00e0i li\u1ec7u \u0111\u00e3 t\u1ea3i xu\u1ed1ng m\u00e0 b\u1ea1n \u0111ang s\u1edf h\u1eefu, d\u00f9 \u1edf d\u1ea1ng \u0111i\u1ec7n t\u1eed hay b\u1ea3n in.<\/li>\n<\/ol>\n<h4>3. Tuy\u00ean b\u1ed1 mi\u1ec5n tr\u1eeb tr\u00e1ch nhi\u1ec7m<\/h4>\n<ol type=\"a\">\n<li>T\u00e0i li\u1ec7u tr\u00ean trang web c\u1ee7a Virtual Schools of Excellence \u0111\u01b0\u1ee3c cung c\u1ea5p &quot;nguy\u00ean tr\u1ea1ng&quot;. Virtual Schools of Excellence kh\u00f4ng \u0111\u01b0a ra b\u1ea5t k\u1ef3 b\u1ea3o \u0111\u1ea3m n\u00e0o, d\u00f9 r\u00f5 r\u00e0ng hay ng\u1ee5 \u00fd, v\u00e0 theo \u0111\u00e2y t\u1eeb ch\u1ed1i v\u00e0 ph\u1ee7 nh\u1eadn m\u1ecdi b\u1ea3o \u0111\u1ea3m kh\u00e1c, bao g\u1ed3m nh\u01b0ng kh\u00f4ng gi\u1edbi h\u1ea1n \u1edf c\u00e1c b\u1ea3o \u0111\u1ea3m ho\u1eb7c \u0111i\u1ec1u ki\u1ec7n ng\u1ee5 \u00fd v\u1ec1 kh\u1ea3 n\u0103ng b\u00e1n \u0111\u01b0\u1ee3c, t\u00ednh ph\u00f9 h\u1ee3p cho m\u1ed9t m\u1ee5c \u0111\u00edch c\u1ee5 th\u1ec3, ho\u1eb7c vi\u1ec7c kh\u00f4ng vi ph\u1ea1m quy\u1ec1n s\u1edf h\u1eefu tr\u00ed tu\u1ec7 ho\u1eb7c c\u00e1c h\u00e0nh vi vi ph\u1ea1m quy\u1ec1n kh\u00e1c. H\u01a1n n\u1eefa, Virtual Schools of Excellence kh\u00f4ng b\u1ea3o \u0111\u1ea3m ho\u1eb7c \u0111\u01b0a ra b\u1ea5t k\u1ef3 tuy\u00ean b\u1ed1 n\u00e0o li\u00ean quan \u0111\u1ebfn t\u00ednh ch\u00ednh x\u00e1c, k\u1ebft qu\u1ea3 c\u00f3 th\u1ec3 x\u1ea3y ra, ho\u1eb7c \u0111\u1ed9 tin c\u1eady c\u1ee7a vi\u1ec7c s\u1eed d\u1ee5ng c\u00e1c t\u00e0i li\u1ec7u tr\u00ean trang web Internet c\u1ee7a m\u00ecnh ho\u1eb7c li\u00ean quan \u0111\u1ebfn c\u00e1c t\u00e0i li\u1ec7u \u0111\u00f3 ho\u1eb7c tr\u00ean b\u1ea5t k\u1ef3 trang web n\u00e0o \u0111\u01b0\u1ee3c li\u00ean k\u1ebft \u0111\u1ebfn trang web n\u00e0y.<\/li>\n<\/ol>\n<h4>4. H\u1ea1n ch\u1ebf<\/h4>\n<p>Trong m\u1ecdi tr\u01b0\u1eddng h\u1ee3p, Virtual Schools of Excellence ho\u1eb7c c\u00e1c nh\u00e0 cung c\u1ea5p c\u1ee7a Virtual Schools of Excellence s\u1ebd kh\u00f4ng ch\u1ecbu tr\u00e1ch nhi\u1ec7m cho b\u1ea5t k\u1ef3 thi\u1ec7t h\u1ea1i n\u00e0o (bao g\u1ed3m nh\u01b0ng kh\u00f4ng gi\u1edbi h\u1ea1n \u1edf thi\u1ec7t h\u1ea1i do m\u1ea5t d\u1eef li\u1ec7u ho\u1eb7c l\u1ee3i nhu\u1eadn, ho\u1eb7c do gi\u00e1n \u0111o\u1ea1n kinh doanh) ph\u00e1t sinh t\u1eeb vi\u1ec7c s\u1eed d\u1ee5ng ho\u1eb7c kh\u00f4ng th\u1ec3 s\u1eed d\u1ee5ng t\u00e0i li\u1ec7u tr\u00ean trang web Internet c\u1ee7a Virtual Schools of Excellence, ngay c\u1ea3 khi Virtual Schools of Excellence ho\u1eb7c \u0111\u1ea1i di\u1ec7n \u0111\u01b0\u1ee3c \u1ee7y quy\u1ec1n c\u1ee7a Virtual Schools of Excellence \u0111\u00e3 \u0111\u01b0\u1ee3c th\u00f4ng b\u00e1o b\u1eb1ng mi\u1ec7ng ho\u1eb7c b\u1eb1ng v\u0103n b\u1ea3n v\u1ec1 kh\u1ea3 n\u0103ng x\u1ea3y ra thi\u1ec7t h\u1ea1i \u0111\u00f3. Do m\u1ed9t s\u1ed1 khu v\u1ef1c ph\u00e1p l\u00fd kh\u00f4ng cho ph\u00e9p gi\u1edbi h\u1ea1n b\u1ea3o h\u00e0nh ng\u1ee5 \u00fd ho\u1eb7c gi\u1edbi h\u1ea1n tr\u00e1ch nhi\u1ec7m \u0111\u1ed1i v\u1edbi thi\u1ec7t h\u1ea1i do h\u1eadu qu\u1ea3 ho\u1eb7c ng\u1eabu nhi\u00ean, nh\u1eefng gi\u1edbi h\u1ea1n n\u00e0y c\u00f3 th\u1ec3 kh\u00f4ng \u00e1p d\u1ee5ng cho b\u1ea1n.<\/p>\n<h4>5. S\u1eeda \u0111\u1ed5i v\u00e0 l\u1ed7i ch\u00ednh t\u1ea3<\/h4>\n<p>T\u00e0i li\u1ec7u xu\u1ea5t hi\u1ec7n tr\u00ean trang web c\u1ee7a Tr\u01b0\u1eddng H\u1ecdc \u1ea2o Xu\u1ea5t S\u1eafc c\u00f3 th\u1ec3 bao g\u1ed3m l\u1ed7i k\u1ef9 thu\u1eadt, l\u1ed7i \u0111\u00e1nh m\u00e1y ho\u1eb7c l\u1ed7i \u1ea3nh. Tr\u01b0\u1eddng H\u1ecdc \u1ea2o Xu\u1ea5t S\u1eafc kh\u00f4ng \u0111\u1ea3m b\u1ea3o r\u1eb1ng b\u1ea5t k\u1ef3 t\u00e0i li\u1ec7u n\u00e0o tr\u00ean trang web c\u1ee7a m\u00ecnh l\u00e0 ch\u00ednh x\u00e1c, \u0111\u1ea7y \u0111\u1ee7 ho\u1eb7c c\u1eadp nh\u1eadt. Tr\u01b0\u1eddng H\u1ecdc \u1ea2o Xu\u1ea5t S\u1eafc c\u00f3 th\u1ec3 thay \u0111\u1ed5i t\u00e0i li\u1ec7u tr\u00ean trang web c\u1ee7a m\u00ecnh b\u1ea5t c\u1ee9 l\u00fac n\u00e0o m\u00e0 kh\u00f4ng c\u1ea7n th\u00f4ng b\u00e1o tr\u01b0\u1edbc. Tuy nhi\u00ean, Tr\u01b0\u1eddng H\u1ecdc \u1ea2o Xu\u1ea5t S\u1eafc kh\u00f4ng cam k\u1ebft c\u1eadp nh\u1eadt t\u00e0i li\u1ec7u.<\/p>\n<h4>6. Li\u00ean k\u1ebft<\/h4>\n<p>Virtual Schools of Excellence ch\u01b0a xem x\u00e9t t\u1ea5t c\u1ea3 c\u00e1c trang web \u0111\u01b0\u1ee3c li\u00ean k\u1ebft \u0111\u1ebfn trang web c\u1ee7a m\u00ecnh v\u00e0 kh\u00f4ng ch\u1ecbu tr\u00e1ch nhi\u1ec7m v\u1ec1 n\u1ed9i dung c\u1ee7a b\u1ea5t k\u1ef3 trang web \u0111\u01b0\u1ee3c li\u00ean k\u1ebft n\u00e0o. Vi\u1ec7c \u0111\u01b0a v\u00e0o b\u1ea5t k\u1ef3 li\u00ean k\u1ebft n\u00e0o kh\u00f4ng c\u00f3 ngh\u0129a l\u00e0 Virtual Schools of Excellence x\u00e1c nh\u1eadn trang web \u0111\u00f3. Vi\u1ec7c s\u1eed d\u1ee5ng b\u1ea5t k\u1ef3 trang web \u0111\u01b0\u1ee3c li\u00ean k\u1ebft n\u00e0o l\u00e0 do ng\u01b0\u1eddi d\u00f9ng t\u1ef1 ch\u1ecbu r\u1ee7i ro.<\/p>\n<h4>7. S\u1eeda \u0111\u1ed5i \u0110i\u1ec1u kho\u1ea3n s\u1eed d\u1ee5ng trang web<\/h4>\n<p>Tr\u01b0\u1eddng h\u1ecdc \u1ea2o Xu\u1ea5t s\u1eafc c\u00f3 th\u1ec3 s\u1eeda \u0111\u1ed5i c\u00e1c \u0111i\u1ec1u kho\u1ea3n s\u1eed d\u1ee5ng n\u00e0y cho trang web c\u1ee7a m\u00ecnh b\u1ea5t c\u1ee9 l\u00fac n\u00e0o m\u00e0 kh\u00f4ng c\u1ea7n th\u00f4ng b\u00e1o tr\u01b0\u1edbc. B\u1eb1ng vi\u1ec7c s\u1eed d\u1ee5ng trang web n\u00e0y, b\u1ea1n \u0111\u1ed3ng \u00fd b\u1ecb r\u00e0ng bu\u1ed9c b\u1edfi phi\u00ean b\u1ea3n hi\u1ec7n h\u00e0nh c\u1ee7a c\u00e1c \u0110i\u1ec1u kho\u1ea3n v\u00e0 \u0110i\u1ec1u ki\u1ec7n S\u1eed d\u1ee5ng n\u00e0y.<\/p>\n<h4>8. Lu\u1eadt qu\u1ea3n l\u00fd<\/h4>\n<p>M\u1ecdi khi\u1ebfu n\u1ea1i li\u00ean quan \u0111\u1ebfn trang web c\u1ee7a Tr\u01b0\u1eddng h\u1ecdc \u1ea3o xu\u1ea5t s\u1eafc s\u1ebd \u0111\u01b0\u1ee3c \u0111i\u1ec1u ch\u1ec9nh b\u1edfi lu\u1eadt ph\u00e1p c\u1ee7a Ti\u1ec3u bang Florida m\u00e0 kh\u00f4ng t\u00ednh \u0111\u1ebfn c\u00e1c \u0111i\u1ec1u kho\u1ea3n xung \u0111\u1ed9t lu\u1eadt ph\u00e1p c\u1ee7a ti\u1ec3u bang n\u00e0y.<\/p>\n<p>\u0110i\u1ec1u kho\u1ea3n v\u00e0 \u0110i\u1ec1u ki\u1ec7n chung \u00e1p d\u1ee5ng cho vi\u1ec7c s\u1eed d\u1ee5ng Trang web.<\/p>\n<h4>Ch\u00ednh s\u00e1ch kh\u00f4ng ph\u00e2n bi\u1ec7t \u0111\u1ed1i x\u1eed<\/h4>\n<p>Tr\u01b0\u1eddng h\u1ecdc Xu\u1ea5t s\u1eafc \u1ea2o (Virtual Schools of Excellence) tuy\u1ec3n sinh h\u1ecdc sinh thu\u1ed9c m\u1ecdi gi\u1edbi t\u00ednh, ch\u1ee7ng t\u1ed9c, t\u00edn ng\u01b0\u1ee1ng, qu\u1ed1c t\u1ecbch ho\u1eb7c ngu\u1ed3n g\u1ed1c d\u00e2n t\u1ed9c, v\u1edbi t\u1ea5t c\u1ea3 c\u00e1c quy\u1ec1n, \u0111\u1eb7c quy\u1ec1n v\u00e0 ch\u01b0\u01a1ng tr\u00ecnh th\u01b0\u1eddng \u0111\u01b0\u1ee3c d\u00e0nh cho h\u1ecdc sinh \u0111\u00e3 \u0111\u0103ng k\u00fd. Tr\u01b0\u1eddng h\u1ecdc Xu\u1ea5t s\u1eafc \u1ea2o kh\u00f4ng ph\u00e2n bi\u1ec7t \u0111\u1ed1i x\u1eed d\u1ef1a tr\u00ean gi\u1edbi t\u00ednh, ch\u1ee7ng t\u1ed9c, t\u00edn ng\u01b0\u1ee1ng, qu\u1ed1c t\u1ecbch ho\u1eb7c ngu\u1ed3n g\u1ed1c d\u00e2n t\u1ed9c \u0111\u1ed1i v\u1edbi h\u1ecdc sinh, gi\u1ea3ng vi\u00ean ho\u1eb7c nh\u00e2n vi\u00ean.<\/p><\/div>\n<\/div>\n<\/div>\n  <\/div>\n<\/div>","protected":false},"excerpt":{"rendered":"","protected":false},"author":14,"featured_media":0,"parent":0,"menu_order":0,"comment_status":"closed","ping_status":"closed","template":"template-blank-4.php","meta":[],"_links":{"self":[{"href":"https:\/\/pay.myhudsonglobal.com\/vi\/wp-json\/wp\/v2\/pages\/326"}],"collection":[{"href":"https:\/\/pay.myhudsonglobal.com\/vi\/wp-json\/wp\/v2\/pages"}],"about":[{"href":"https:\/\/pay.myhudsonglobal.com\/vi\/wp-json\/wp\/v2\/types\/page"}],"author":[{"embeddable":true,"href":"https:\/\/pay.myhudsonglobal.com\/vi\/wp-json\/wp\/v2\/users\/14"}],"replies":[{"embeddable":true,"href":"https:\/\/pay.myhudsonglobal.com\/vi\/wp-json\/wp\/v2\/comments?post=326"}],"version-history":[{"count":0,"href":"https:\/\/pay.myhudsonglobal.com\/vi\/wp-json\/wp\/v2\/pages\/326\/revisions"}],"wp:attachment":[{"href":"https:\/\/pay.myhudsonglobal.com\/vi\/wp-json\/wp\/v2\/media?parent=326"}],"curies":[{"name":"wp","href":"https:\/\/api.w.org\/{rel}","templated":true}]}}