{"id":993,"date":"2020-04-24T18:37:36","date_gmt":"2020-04-24T18:37:36","guid":{"rendered":"https:\/\/hgsenrollprod.wpengine.com\/?post_type=product&#038;p=993"},"modified":"2020-04-24T18:38:01","modified_gmt":"2020-04-24T18:38:01","slug":"physical-education-grade-3-b","status":"publish","type":"product","link":"https:\/\/pay.myhudsonglobal.com\/tr\/product\/physical-education-grade-3-b\/","title":{"rendered":"Beden E\u011fitimi 3 B S\u0131n\u0131f\u0131"},"content":{"rendered":"<p><span class=\"TextRun SCXW22667649 BCX0\" lang=\"EN-US\" xml:lang=\"EN-US\" data-contrast=\"auto\"><span class=\"NormalTextRun SCXW22667649 BCX0\">Elementary PE 3 helps young students establish a basic understanding of health and fitness. Students focus on fitness and learn how to become more fit and healthy. Topics include warm-up and cool down, water safety, goal setting, nutrition, muscle strength, and flexibility. Students learn age-appropriate motor, non-locomotor, and manipulative skills. They are required to participate in regular physical activity.<\/span><\/span><span class=\"EOP SCXW22667649 BCX0\" data-ccp-props=\"{&quot;201341983&quot;:1,&quot;335551550&quot;:6,&quot;335551620&quot;:6,&quot;335559740&quot;:280}\">\u00a0<\/span><\/p>","protected":false},"excerpt":{"rendered":"<p><span class=\"TextRun SCXW22667649 BCX0\" lang=\"EN-US\" xml:lang=\"EN-US\" data-contrast=\"auto\"><span class=\"NormalTextRun SCXW22667649 BCX0\">Students focus on fitness and learn how to become more fit and healthy.<\/span><\/span><\/p>","protected":false},"featured_media":844,"template":"","meta":[],"_links":{"self":[{"href":"https:\/\/pay.myhudsonglobal.com\/tr\/wp-json\/wp\/v2\/product\/993"}],"collection":[{"href":"https:\/\/pay.myhudsonglobal.com\/tr\/wp-json\/wp\/v2\/product"}],"about":[{"href":"https:\/\/pay.myhudsonglobal.com\/tr\/wp-json\/wp\/v2\/types\/product"}],"wp:featuredmedia":[{"embeddable":true,"href":"https:\/\/pay.myhudsonglobal.com\/tr\/wp-json\/wp\/v2\/media\/844"}],"wp:attachment":[{"href":"https:\/\/pay.myhudsonglobal.com\/tr\/wp-json\/wp\/v2\/media?parent=993"}],"curies":[{"name":"wp","href":"https:\/\/api.w.org\/{rel}","templated":true}]}}