{"id":990,"date":"2020-04-24T18:35:39","date_gmt":"2020-04-24T18:35:39","guid":{"rendered":"https:\/\/hgsenrollprod.wpengine.com\/?post_type=product&#038;p=990"},"modified":"2020-04-24T20:16:25","modified_gmt":"2020-04-24T20:16:25","slug":"kindergarten-physical-education-b","status":"publish","type":"product","link":"https:\/\/pay.myhudsonglobal.com\/tr\/product\/kindergarten-physical-education-b\/","title":{"rendered":"Kindergarten Physical Education B"},"content":{"rendered":"<p><span class=\"TextRun SCXW230211083 BCX0\" lang=\"EN-US\" xml:lang=\"EN-US\" data-contrast=\"auto\"><span class=\"NormalTextRun SCXW230211083 BCX0\">\u0130lk\u00f6\u011fretim Beden E\u011fitimi K, gen\u00e7 \u00f6\u011frencilerin sa\u011fl\u0131k ve zindelik hakk\u0131nda temel bir anlay\u0131\u015f olu\u015fturmalar\u0131na yard\u0131mc\u0131 olur. \u00d6\u011frenciler zindeli\u011fe odaklan\u0131r ve nas\u0131l daha zinde ve sa\u011fl\u0131kl\u0131 olabileceklerini \u00f6\u011frenirler. Konular aras\u0131nda egzersiz g\u00fcvenli\u011fi; sa\u011fl\u0131kl\u0131 se\u00e7imler yapmak; beslenme; zindeli\u011fin faydalar\u0131, bile\u015fenleri ve ilkeleri; temel anatomi ve fizyoloji; ve i\u015fbirli\u011fi ve ekip \u00e7al\u0131\u015fmas\u0131 de\u011ferleri yer al\u0131r. \u00d6\u011frenciler ya\u015flar\u0131na uygun motor, lokomotor olmayan ve manip\u00fclatif becerileri \u00f6\u011frenirler. D\u00fczenli fiziksel aktiviteye kat\u0131lmalar\u0131 gerekmektedir.<\/span><\/span><span class=\"EOP SCXW230211083 BCX0\" data-ccp-props=\"{&quot;201341983&quot;:1,&quot;335551550&quot;:6,&quot;335551620&quot;:6,&quot;335559740&quot;:280}\">\u00a0<\/span><\/p>","protected":false},"excerpt":{"rendered":"<p><span class=\"TextRun SCXW230211083 BCX0\" lang=\"EN-US\" xml:lang=\"EN-US\" data-contrast=\"auto\"><span class=\"NormalTextRun SCXW230211083 BCX0\">\u0130lk\u00f6\u011fretim Beden E\u011fitimi K, gen\u00e7 \u00f6\u011frencilerin sa\u011fl\u0131k ve zindelik konusunda temel bir anlay\u0131\u015f olu\u015fturmalar\u0131na yard\u0131mc\u0131 olur.<\/span><\/span><\/p>","protected":false},"featured_media":844,"template":"","meta":[],"_links":{"self":[{"href":"https:\/\/pay.myhudsonglobal.com\/tr\/wp-json\/wp\/v2\/product\/990"}],"collection":[{"href":"https:\/\/pay.myhudsonglobal.com\/tr\/wp-json\/wp\/v2\/product"}],"about":[{"href":"https:\/\/pay.myhudsonglobal.com\/tr\/wp-json\/wp\/v2\/types\/product"}],"wp:featuredmedia":[{"embeddable":true,"href":"https:\/\/pay.myhudsonglobal.com\/tr\/wp-json\/wp\/v2\/media\/844"}],"wp:attachment":[{"href":"https:\/\/pay.myhudsonglobal.com\/tr\/wp-json\/wp\/v2\/media?parent=990"}],"curies":[{"name":"wp","href":"https:\/\/api.w.org\/{rel}","templated":true}]}}