{"id":984,"date":"2020-04-24T18:20:36","date_gmt":"2020-04-24T18:20:36","guid":{"rendered":"https:\/\/hgsenrollprod.wpengine.com\/?post_type=product&#038;p=984"},"modified":"2020-04-24T18:20:55","modified_gmt":"2020-04-24T18:20:55","slug":"kindergarten-arts-crafts-b","status":"publish","type":"product","link":"https:\/\/pay.myhudsonglobal.com\/tr\/product\/kindergarten-arts-crafts-b\/","title":{"rendered":"Anaokulu Sanat ve El Sanatlar\u0131 B"},"content":{"rendered":"<p><span class=\"TextRun SCXW230050407 BCX0\" lang=\"EN-US\" xml:lang=\"EN-US\" data-contrast=\"auto\"><span class=\"NormalTextRun SCXW230050407 BCX0\">Bu ders, sanat\u0131n ve sanat yapman\u0131n temellerini payla\u015farak \u00e7ocuklar\u0131n sanatsal hayal g\u00fcc\u00fc ve yarat\u0131c\u0131l\u0131\u011f\u0131 i\u00e7in bir temel sa\u011flar. \u00d6\u011frenciler \u00e7izgiler, daireler, \u015fekilleri tan\u0131ma ve kullanma, kolaj olu\u015fturma ve simetri gibi kavramlarla tan\u0131\u015f\u0131rlar. Gen\u00e7 sanat\u00e7\u0131lar pastel, sulu boya, boya kalemi, tempera ve karakalem gibi \u00e7e\u015fitli medyalar\u0131 ke\u015ffedecekler. \u00d6\u011frenciler kil ile \u00e7al\u0131\u015facak, parmak izi \u00e7i\u00e7ekleri yapacak, \u015fekilleri kullanarak ah\u0131r ve hayvanlar \u00e7izecek ve bir ku\u015f yemli\u011fi, domuz kuklas\u0131, ka\u011f\u0131t \u00e7i\u00e7ekler, potpuri, kalp kolaj\u0131, r\u00fczgar \u00e7an\u0131 veya preslenmi\u015f \u00e7i\u00e7ekler olu\u015fturabileceklerdir.<\/span><\/span><span class=\"EOP SCXW230050407 BCX0\" data-ccp-props=\"{&quot;201341983&quot;:1,&quot;335551550&quot;:6,&quot;335551620&quot;:6,&quot;335559740&quot;:280}\">\u00a0<\/span><\/p>","protected":false},"excerpt":{"rendered":"<p><span class=\"TextRun SCXW230050407 BCX0\" lang=\"EN-US\" xml:lang=\"EN-US\" data-contrast=\"auto\"><span class=\"NormalTextRun SCXW230050407 BCX0\">\u00d6\u011frenciler \u00e7izgiler, daireler, \u015fekilleri tan\u0131ma ve kullanma, kolaj olu\u015fturma ve simetri gibi kavramlarla tan\u0131\u015f\u0131rlar.<\/span><\/span><\/p>","protected":false},"featured_media":838,"template":"","meta":[],"_links":{"self":[{"href":"https:\/\/pay.myhudsonglobal.com\/tr\/wp-json\/wp\/v2\/product\/984"}],"collection":[{"href":"https:\/\/pay.myhudsonglobal.com\/tr\/wp-json\/wp\/v2\/product"}],"about":[{"href":"https:\/\/pay.myhudsonglobal.com\/tr\/wp-json\/wp\/v2\/types\/product"}],"wp:featuredmedia":[{"embeddable":true,"href":"https:\/\/pay.myhudsonglobal.com\/tr\/wp-json\/wp\/v2\/media\/838"}],"wp:attachment":[{"href":"https:\/\/pay.myhudsonglobal.com\/tr\/wp-json\/wp\/v2\/media?parent=984"}],"curies":[{"name":"wp","href":"https:\/\/api.w.org\/{rel}","templated":true}]}}