{"id":977,"date":"2020-04-24T18:09:00","date_gmt":"2020-04-24T18:09:00","guid":{"rendered":"https:\/\/hgsenrollprod.wpengine.com\/?post_type=product&#038;p=977"},"modified":"2020-04-24T18:09:18","modified_gmt":"2020-04-24T18:09:18","slug":"science-5-b","status":"publish","type":"product","link":"https:\/\/pay.myhudsonglobal.com\/tr\/product\/fen-bi\u0307li\u0307mleri\u0307-5-b\/","title":{"rendered":"Bilim 5 B"},"content":{"rendered":"<p><span data-contrast=\"auto\">Bu ders yer ve uzay bilimi, ya\u015fam bilimi ve fizik bilimini vurgular. \u00d6\u011frenciler, g\u00fcne\u015f sistemi ve gezegenlere bakarak d\u00fcnya ve uzay bilimine odaklanarak ba\u015flayacaklar. Kuvvet, zaman ve mesafeyi \u00f6l\u00e7ebilen farkl\u0131 ara\u00e7lar\u0131 ara\u015ft\u0131r\u0131rlar.  I\u015f\u0131k ve sesin nas\u0131l hareket etti\u011fini ve birbirleriyle nas\u0131l etkile\u015fime girdi\u011fini ve farkl\u0131 enerji t\u00fcrlerini \u00f6\u011frenirler.  Organizmalar\u0131n birbirine nas\u0131l ba\u011fl\u0131 oldu\u011funu g\u00f6r\u00fcrler. Devam ettik\u00e7e, \u00f6\u011frenciler d\u00fcnyan\u0131n bir\u00e7ok ekosistemine ve bu par\u00e7alar\u0131n birbirlerine nas\u0131l ba\u011fl\u0131 olduklar\u0131na odaklan\u0131rlar. \u00d6\u011frenciler var olan farkl\u0131 ekosistem t\u00fcrlerini \u00f6\u011freneceklerdir.  Ekosistemlerin nas\u0131l de\u011fi\u015fti\u011fini ve de\u011fi\u015fikliklerin n\u00fcfuslar\u0131n\u0131 destekleme yeteneklerini nas\u0131l etkiledi\u011fini \u00f6\u011freneceklerdir. \u00d6\u011frenciler bitkileri ve yap\u0131lar\u0131n\u0131n farkl\u0131 ihtiya\u00e7lara cevap vermelerini nas\u0131l sa\u011flad\u0131\u011f\u0131n\u0131 inceleyeceklerdir. Ayr\u0131ca, t\u00fcm canl\u0131 organizmalar i\u00e7in iyi beslenmenin \u00f6nemini daha iyi anlayacaklard\u0131r. Ders, bilimsel s\u00fcre\u00e7 ve bilimde ara\u015ft\u0131rma ve sonu\u00e7lar\u0131n \u00f6nemi ile sona ermektedir.<\/span><span data-ccp-props=\"{&quot;201341983&quot;:1,&quot;335551550&quot;:6,&quot;335551620&quot;:6,&quot;335559740&quot;:280}\">\u00a0<\/span><\/p>","protected":false},"excerpt":{"rendered":"<p><span data-contrast=\"auto\">\u00d6\u011frenciler, g\u00fcne\u015f sistemi ve gezegenlere bakarak d\u00fcnya ve uzay bilimine odaklanarak ba\u015flayacaklar.\u00a0<\/span><\/p>","protected":false},"featured_media":841,"template":"","meta":[],"_links":{"self":[{"href":"https:\/\/pay.myhudsonglobal.com\/tr\/wp-json\/wp\/v2\/product\/977"}],"collection":[{"href":"https:\/\/pay.myhudsonglobal.com\/tr\/wp-json\/wp\/v2\/product"}],"about":[{"href":"https:\/\/pay.myhudsonglobal.com\/tr\/wp-json\/wp\/v2\/types\/product"}],"wp:featuredmedia":[{"embeddable":true,"href":"https:\/\/pay.myhudsonglobal.com\/tr\/wp-json\/wp\/v2\/media\/841"}],"wp:attachment":[{"href":"https:\/\/pay.myhudsonglobal.com\/tr\/wp-json\/wp\/v2\/media?parent=977"}],"curies":[{"name":"wp","href":"https:\/\/api.w.org\/{rel}","templated":true}]}}