{"id":944,"date":"2020-04-23T21:43:26","date_gmt":"2020-04-23T21:43:26","guid":{"rendered":"https:\/\/hgsenrollprod.wpengine.com\/?post_type=product&#038;p=944"},"modified":"2020-04-23T21:43:45","modified_gmt":"2020-04-23T21:43:45","slug":"mathematics-6-b","status":"publish","type":"product","link":"https:\/\/pay.myhudsonglobal.com\/tr\/product\/matemati\u0307k-6-b\/","title":{"rendered":"Matematik 6 B"},"content":{"rendered":"<p><span class=\"TextRun SCXW233324151 BCX0\" lang=\"EN-US\" xml:lang=\"EN-US\" data-contrast=\"auto\"><span class=\"NormalTextRun SCXW233324151 BCX0\">Bu derste \u00f6\u011frenciler temel matematik becerilerini geli\u015ftirerek tamsay\u0131lar\u0131, ondal\u0131k say\u0131lar\u0131 ve kesirleri nas\u0131l toplayacaklar\u0131n\u0131, \u00e7\u0131karacaklar\u0131n\u0131, \u00e7arpacaklar\u0131n\u0131 ve b\u00f6leceklerini \u00f6\u011freneceklerdir. Derslerde ayr\u0131ca oranlar ve orant\u0131lar, i\u015flem s\u0131ras\u0131 ve bunlar\u0131n uygulama problemlerinin \u00e7\u00f6z\u00fcm\u00fcnde nas\u0131l kullan\u0131laca\u011f\u0131 incelenecektir. \u00d6\u011frenciler cebir ve cebirsel ifadelerin temelleri ile tan\u0131\u015facaklard\u0131r. Geometri, olas\u0131l\u0131k ve istatistik ile birlikte bu problem \u00e7\u00f6zme becerilerini y\u00fczdelere ve tek ve \u00e7ok ad\u0131ml\u0131 denklemlerin \u00e7\u00f6z\u00fcm\u00fcne nas\u0131l uygulayacaklar\u0131n\u0131 \u00f6\u011freneceklerdir.<\/span><\/span><span class=\"EOP SCXW233324151 BCX0\" data-ccp-props=\"{&quot;201341983&quot;:1,&quot;335551550&quot;:6,&quot;335551620&quot;:6,&quot;335559740&quot;:280}\">\u00a0<\/span><\/p>","protected":false},"excerpt":{"rendered":"<p><span class=\"TextRun SCXW233324151 BCX0\" lang=\"EN-US\" xml:lang=\"EN-US\" data-contrast=\"auto\"><span class=\"NormalTextRun SCXW233324151 BCX0\">Bu derste \u00f6\u011frenciler temel matematik becerilerini geli\u015ftirecek, tam say\u0131lar\u0131, ondal\u0131k say\u0131lar\u0131 ve kesirleri nas\u0131l toplayacaklar\u0131n\u0131, \u00e7\u0131karacaklar\u0131n\u0131, \u00e7arpacaklar\u0131n\u0131 ve b\u00f6leceklerini \u00f6\u011freneceklerdir.<\/span><\/span><\/p>","protected":false},"featured_media":839,"template":"","meta":[],"_links":{"self":[{"href":"https:\/\/pay.myhudsonglobal.com\/tr\/wp-json\/wp\/v2\/product\/944"}],"collection":[{"href":"https:\/\/pay.myhudsonglobal.com\/tr\/wp-json\/wp\/v2\/product"}],"about":[{"href":"https:\/\/pay.myhudsonglobal.com\/tr\/wp-json\/wp\/v2\/types\/product"}],"wp:featuredmedia":[{"embeddable":true,"href":"https:\/\/pay.myhudsonglobal.com\/tr\/wp-json\/wp\/v2\/media\/839"}],"wp:attachment":[{"href":"https:\/\/pay.myhudsonglobal.com\/tr\/wp-json\/wp\/v2\/media?parent=944"}],"curies":[{"name":"wp","href":"https:\/\/api.w.org\/{rel}","templated":true}]}}