{"id":942,"date":"2020-04-23T21:41:53","date_gmt":"2020-04-23T21:41:53","guid":{"rendered":"https:\/\/hgsenrollprod.wpengine.com\/?post_type=product&#038;p=942"},"modified":"2020-04-23T21:42:13","modified_gmt":"2020-04-23T21:42:13","slug":"mathematics-8-pre-algebra-b","status":"publish","type":"product","link":"https:\/\/pay.myhudsonglobal.com\/tr\/product\/matemati\u0307k-8-cebi\u0307r-oncesi\u0307-b\/","title":{"rendered":"Matematik 8: Cebir \u00d6ncesi B"},"content":{"rendered":"<p><span class=\"TextRun SCXW117208414 BCX0\" lang=\"EN-US\" xml:lang=\"EN-US\" data-contrast=\"auto\"><span class=\"NormalTextRun SCXW117208414 BCX0\">Bu ders, \u00f6\u011frencilerin basit matematik d\u00fcnyas\u0131ndan Cebir ve Geometri d\u00fcnyas\u0131na ge\u00e7melerine ve ger\u00e7ek d\u00fcnya problemlerini \u00e7\u00f6zmeyi \u00f6\u011frenmelerine yard\u0131mc\u0131 olacakt\u0131r. \u00d6\u011frenciler giderek soyutla\u015fan kavramlarla tan\u0131\u015facak ve cebirsel d\u00fc\u015f\u00fcnmenin temelleri hakk\u0131nda somut bir anlay\u0131\u015f kazanacaklard\u0131r. \u00c7ok say\u0131da uygulamal\u0131 etkinlik ve tan\u0131t\u0131m videosu ile s\u00fcre\u00e7 \u00e7\u00f6zme becerilerini geli\u015ftirmek i\u00e7in bir\u00e7ok f\u0131rsata sahip olacaklar.<\/span><\/span><span class=\"EOP SCXW117208414 BCX0\" data-ccp-props=\"{&quot;201341983&quot;:1,&quot;335551550&quot;:6,&quot;335551620&quot;:6,&quot;335559740&quot;:280}\">\u00a0<\/span><\/p>","protected":false},"excerpt":{"rendered":"<p><span class=\"TextRun SCXW117208414 BCX0\" lang=\"EN-US\" xml:lang=\"EN-US\" data-contrast=\"auto\"><span class=\"NormalTextRun SCXW117208414 BCX0\">\u00d6\u011frencilere giderek soyutla\u015fan kavramlar tan\u0131t\u0131lacak ve cebirsel d\u00fc\u015f\u00fcnmenin temelleri hakk\u0131nda somut bir anlay\u0131\u015f kazand\u0131r\u0131lacakt\u0131r.<\/span><\/span><\/p>","protected":false},"featured_media":839,"template":"","meta":[],"_links":{"self":[{"href":"https:\/\/pay.myhudsonglobal.com\/tr\/wp-json\/wp\/v2\/product\/942"}],"collection":[{"href":"https:\/\/pay.myhudsonglobal.com\/tr\/wp-json\/wp\/v2\/product"}],"about":[{"href":"https:\/\/pay.myhudsonglobal.com\/tr\/wp-json\/wp\/v2\/types\/product"}],"wp:featuredmedia":[{"embeddable":true,"href":"https:\/\/pay.myhudsonglobal.com\/tr\/wp-json\/wp\/v2\/media\/839"}],"wp:attachment":[{"href":"https:\/\/pay.myhudsonglobal.com\/tr\/wp-json\/wp\/v2\/media?parent=942"}],"curies":[{"name":"wp","href":"https:\/\/api.w.org\/{rel}","templated":true}]}}