{"id":931,"date":"2020-04-23T19:52:05","date_gmt":"2020-04-23T19:52:05","guid":{"rendered":"https:\/\/hgsenrollprod.wpengine.com\/?post_type=product&#038;p=931"},"modified":"2020-04-23T19:52:52","modified_gmt":"2020-04-23T19:52:52","slug":"pre-algebra-b-elective","status":"publish","type":"product","link":"https:\/\/pay.myhudsonglobal.com\/tr\/product\/cebi\u0307r-oncesi\u0307-b-secmeli\u0307\/","title":{"rendered":"Cebir \u00d6ncesi B (Se\u00e7meli)"},"content":{"rendered":"<p><span data-contrast=\"auto\">Bu derste \u00f6\u011frenciler, basit matematik d\u00fcnyas\u0131ndan Cebir ve Geometrinin heyecan verici d\u00fcnyas\u0131na ge\u00e7ecek ve hayatlar\u0131 boyunca gerekli olacak becerileri geli\u015ftireceklerdir. \u00d6\u011frenciler, giderek soyutla\u015fan kavramlar\u0131 \u00f6\u011frenerek ve ger\u00e7ek d\u00fcnya problemlerini \u00e7\u00f6zerek d\u00fc\u015f\u00fcncelerini geni\u015fleteceklerdir. Kavramlar, \u00f6\u011frencilerin ihtiya\u00e7 duydu\u011fu beceri ve stratejilerin \u00f6rnekleri kullan\u0131larak sunulur. \u00d6\u011frenciler cebirsel d\u00fc\u015f\u00fcnmenin temelleri hakk\u0131nda somut bir anlay\u0131\u015f kazan\u0131rlar.<\/span><span data-ccp-props=\"{&quot;201341983&quot;:1,&quot;335551550&quot;:6,&quot;335551620&quot;:6,&quot;335559740&quot;:280}\">\u00a0<\/span><\/p>\n<p><b><span data-contrast=\"auto\">\u00d6n Ko\u015ful<\/span><\/b><b><span data-contrast=\"auto\">:<\/span><\/b><span data-contrast=\"auto\">\u00a0Matematik 7<\/span><span data-ccp-props=\"{&quot;201341983&quot;:1,&quot;335551550&quot;:6,&quot;335551620&quot;:6,&quot;335559740&quot;:280}\">\u00a0<\/span><\/p>","protected":false},"excerpt":{"rendered":"<p><span data-contrast=\"auto\">\u00d6\u011frenciler giderek soyutla\u015fan kavramlar\u0131 \u00f6\u011frenerek ve ger\u00e7ek d\u00fcnya problemlerini \u00e7\u00f6zerek d\u00fc\u015f\u00fcnme becerilerini geli\u015ftireceklerdir.<\/span><\/p>\n<p><b><span data-contrast=\"auto\">\u00d6n Ko\u015ful<\/span><\/b><b><span data-contrast=\"auto\">:<\/span><\/b><span data-contrast=\"auto\">\u00a0Matematik 7, <strong>Se\u00e7meli<\/strong><\/span><\/p>","protected":false},"featured_media":839,"template":"","meta":[],"_links":{"self":[{"href":"https:\/\/pay.myhudsonglobal.com\/tr\/wp-json\/wp\/v2\/product\/931"}],"collection":[{"href":"https:\/\/pay.myhudsonglobal.com\/tr\/wp-json\/wp\/v2\/product"}],"about":[{"href":"https:\/\/pay.myhudsonglobal.com\/tr\/wp-json\/wp\/v2\/types\/product"}],"wp:featuredmedia":[{"embeddable":true,"href":"https:\/\/pay.myhudsonglobal.com\/tr\/wp-json\/wp\/v2\/media\/839"}],"wp:attachment":[{"href":"https:\/\/pay.myhudsonglobal.com\/tr\/wp-json\/wp\/v2\/media?parent=931"}],"curies":[{"name":"wp","href":"https:\/\/api.w.org\/{rel}","templated":true}]}}