{"id":920,"date":"2020-04-23T18:19:06","date_gmt":"2020-04-23T18:19:06","guid":{"rendered":"https:\/\/hgsenrollprod.wpengine.com\/?post_type=product&#038;p=920"},"modified":"2020-04-23T18:19:42","modified_gmt":"2020-04-23T18:19:42","slug":"german-i-b","status":"publish","type":"product","link":"https:\/\/pay.myhudsonglobal.com\/tr\/product\/almanca-i-b\/","title":{"rendered":"German I B"},"content":{"rendered":"<p><span class=\"TextRun SCXW264614744 BCX0\" lang=\"EN-US\" xml:lang=\"EN-US\" data-contrast=\"auto\"><span class=\"NormalTextRun SCXW264614744 BCX0\">Bu giri\u015f dersi Almanca'da temel ileti\u015fim ve anlama becerilerini \u00f6\u011fretir. Video, ses ve kitle ileti\u015fim ara\u00e7lar\u0131n\u0131n kullan\u0131m\u0131 yoluyla dil ve k\u00fclt\u00fcr \u00e7al\u0131\u015fmalar\u0131n\u0131 koordine eder. Bu ders Almanca konu\u015fma ve dilbilgisinin temellerini tan\u0131t\u0131r. \u00d6\u011frenciler d\u00f6rt ana dil alan\u0131nda i\u015flevsel bir yetkinlik geli\u015ftirmeye ba\u015flayacaklard\u0131r: Konu\u015fma, okuma, dinleme ve yazma; ve sa\u011flam bir gramer temeli olu\u015fturmak. \u0130kinci yar\u0131y\u0131lda \u00f6\u011frenciler telaffuz, dilbilgisi, dilbilgisi yap\u0131lar\u0131 ve kelime da\u011farc\u0131\u011f\u0131 becerilerini daha da geli\u015ftireceklerdir. Almanca konu\u015fulan d\u00fcnyan\u0131n farkl\u0131 k\u00fclt\u00fcrleri okumalar, videolar ve di\u011fer etkinlikler arac\u0131l\u0131\u011f\u0131yla vurgulan\u0131r.\u00a0<\/span><\/span><span class=\"EOP SCXW264614744 BCX0\" data-ccp-props=\"{&quot;201341983&quot;:1,&quot;335551550&quot;:6,&quot;335551620&quot;:6,&quot;335559740&quot;:280}\">\u00a0<\/span><\/p>","protected":false},"excerpt":{"rendered":"<p><span class=\"TextRun SCXW264614744 BCX0\" lang=\"EN-US\" xml:lang=\"EN-US\" data-contrast=\"auto\"><span class=\"NormalTextRun SCXW264614744 BCX0\">Bu giri\u015f dersi Almanca'da temel ileti\u015fim ve anlama becerilerini \u00f6\u011fretir. <\/span><\/span><\/p>","protected":false},"featured_media":846,"template":"","meta":[],"_links":{"self":[{"href":"https:\/\/pay.myhudsonglobal.com\/tr\/wp-json\/wp\/v2\/product\/920"}],"collection":[{"href":"https:\/\/pay.myhudsonglobal.com\/tr\/wp-json\/wp\/v2\/product"}],"about":[{"href":"https:\/\/pay.myhudsonglobal.com\/tr\/wp-json\/wp\/v2\/types\/product"}],"wp:featuredmedia":[{"embeddable":true,"href":"https:\/\/pay.myhudsonglobal.com\/tr\/wp-json\/wp\/v2\/media\/846"}],"wp:attachment":[{"href":"https:\/\/pay.myhudsonglobal.com\/tr\/wp-json\/wp\/v2\/media?parent=920"}],"curies":[{"name":"wp","href":"https:\/\/api.w.org\/{rel}","templated":true}]}}