{"id":915,"date":"2020-04-23T18:08:49","date_gmt":"2020-04-23T18:08:49","guid":{"rendered":"https:\/\/hgsenrollprod.wpengine.com\/?post_type=product&#038;p=915"},"modified":"2020-04-23T18:09:15","modified_gmt":"2020-04-23T18:09:15","slug":"french-i-b","status":"publish","type":"product","link":"https:\/\/pay.myhudsonglobal.com\/tr\/product\/fransizca-i-b\/","title":{"rendered":"Frans\u0131zca I B"},"content":{"rendered":"<p><span class=\"TextRun SCXW184529913 BCX0\" lang=\"EN-US\" xml:lang=\"EN-US\" data-contrast=\"auto\"><span class=\"NormalTextRun SCXW184529913 BCX0\">Frans\u0131zca I, konu\u015fma, yazma, okuma ve dinleme yoluyla ba\u015far\u0131l\u0131 ileti\u015fime odaklanacak \u015fekilde tasarlanm\u0131\u015ft\u0131r ve k\u00fclt\u00fcr\u00fcn y\u00f6nleriyle ilgili kapsaml\u0131 bir temel sa\u011flar. Etkinlikler, \u00f6\u011frencilerin t\u00fcm standartlar\u0131 kar\u015f\u0131lamas\u0131n\u0131 sa\u011flamak i\u00e7in farkl\u0131 ileti\u015fim ve k\u00fclt\u00fcr bi\u00e7imlerini harmanlar. Kurs stratejileri aras\u0131nda \u0131s\u0131nma aktiviteleri, kelime \u00e7al\u0131\u015fmas\u0131, okuma, tart\u0131\u015fmalar, multimedya sunumlar\u0131, kendi kendine kontroller, al\u0131\u015ft\u0131rma aktiviteleri ve oyunlar, s\u00f6zl\u00fc ve yaz\u0131l\u0131 \u00f6devler, projeler, k\u0131sa s\u0131navlar ve s\u0131navlar yer almaktad\u0131r. Her \u00fcnitedeki \u00f6\u011frenme etkinlikleri belirli bir temaya odaklan\u0131r.<\/span><\/span><span class=\"EOP SCXW184529913 BCX0\" data-ccp-props=\"{&quot;201341983&quot;:1,&quot;335551550&quot;:6,&quot;335551620&quot;:6,&quot;335559740&quot;:280}\">\u00a0<\/span><\/p>","protected":false},"excerpt":{"rendered":"<p><span class=\"TextRun SCXW184529913 BCX0\" lang=\"EN-US\" xml:lang=\"EN-US\" data-contrast=\"auto\"><span class=\"NormalTextRun SCXW184529913 BCX0\">Frans\u0131zca I, konu\u015fma, yazma, okuma ve dinleme yoluyla ba\u015far\u0131l\u0131 ileti\u015fime odaklanmak i\u00e7in tasarlanm\u0131\u015ft\u0131r ve k\u00fclt\u00fcr\u00fcn y\u00f6nleriyle ilgili kapsaml\u0131 bir temel sa\u011flar.<\/span><\/span><\/p>","protected":false},"featured_media":846,"template":"","meta":[],"_links":{"self":[{"href":"https:\/\/pay.myhudsonglobal.com\/tr\/wp-json\/wp\/v2\/product\/915"}],"collection":[{"href":"https:\/\/pay.myhudsonglobal.com\/tr\/wp-json\/wp\/v2\/product"}],"about":[{"href":"https:\/\/pay.myhudsonglobal.com\/tr\/wp-json\/wp\/v2\/types\/product"}],"wp:featuredmedia":[{"embeddable":true,"href":"https:\/\/pay.myhudsonglobal.com\/tr\/wp-json\/wp\/v2\/media\/846"}],"wp:attachment":[{"href":"https:\/\/pay.myhudsonglobal.com\/tr\/wp-json\/wp\/v2\/media?parent=915"}],"curies":[{"name":"wp","href":"https:\/\/api.w.org\/{rel}","templated":true}]}}