{"id":914,"date":"2020-04-23T17:04:19","date_gmt":"2020-04-23T17:04:19","guid":{"rendered":"https:\/\/hgsenrollprod.wpengine.com\/?post_type=product&#038;p=914"},"modified":"2020-04-23T17:05:07","modified_gmt":"2020-04-23T17:05:07","slug":"consumer-math-b","status":"publish","type":"product","link":"https:\/\/pay.myhudsonglobal.com\/tr\/product\/consumer-math-b\/","title":{"rendered":"Consumer Math B"},"content":{"rendered":"<p><span class=\"TextRun SCXW117042321 BCX0\" lang=\"EN-US\" xml:lang=\"EN-US\" data-contrast=\"auto\"><span class=\"NormalTextRun SCXW117042321 BCX0\">Bu ders, ak\u0131ll\u0131ca t\u00fcketici kararlar\u0131 vermede kullan\u0131lan matemati\u011fe odaklanmaktad\u0131r. \u00d6\u011frenciler matemati\u011fin g\u00fcnl\u00fck ya\u015famlar\u0131n\u0131 etkiledi\u011fi bir\u00e7ok yolu ke\u015ffederler. \u0130lk d\u00f6nem maa\u015f ve \u00fccretler, vergiler, sigorta, b\u00fct\u00e7eler, banka hesaplar\u0131, kredi kartlar\u0131, faiz hesaplamalar\u0131 ve kar\u015f\u0131la\u015ft\u0131rmal\u0131 al\u0131\u015fveri\u015f konular\u0131n\u0131 kapsayacakt\u0131r. \u0130kinci d\u00f6nem konular\u0131 aras\u0131nda ara\u00e7 ve ev sat\u0131n alma, yat\u0131r\u0131m, i\u015f ve \u00e7al\u0131\u015fan y\u00f6netimi yer almaktad\u0131r.<\/span><\/span><span class=\"EOP SCXW117042321 BCX0\" data-ccp-props=\"{&quot;201341983&quot;:1,&quot;335551550&quot;:6,&quot;335551620&quot;:6,&quot;335559740&quot;:280}\">\u00a0<\/span><\/p>","protected":false},"excerpt":{"rendered":"<p><span class=\"TextRun SCXW117042321 BCX0\" lang=\"EN-US\" xml:lang=\"EN-US\" data-contrast=\"auto\"><span class=\"NormalTextRun SCXW117042321 BCX0\">\u00d6\u011frenciler, matemati\u011fin g\u00fcnl\u00fck ya\u015famlar\u0131n\u0131 etkiledi\u011fi bir\u00e7ok yolu ke\u015ffederler.\u00a0<\/span><\/span><\/p>","protected":false},"featured_media":843,"template":"","meta":[],"_links":{"self":[{"href":"https:\/\/pay.myhudsonglobal.com\/tr\/wp-json\/wp\/v2\/product\/914"}],"collection":[{"href":"https:\/\/pay.myhudsonglobal.com\/tr\/wp-json\/wp\/v2\/product"}],"about":[{"href":"https:\/\/pay.myhudsonglobal.com\/tr\/wp-json\/wp\/v2\/types\/product"}],"wp:featuredmedia":[{"embeddable":true,"href":"https:\/\/pay.myhudsonglobal.com\/tr\/wp-json\/wp\/v2\/media\/843"}],"wp:attachment":[{"href":"https:\/\/pay.myhudsonglobal.com\/tr\/wp-json\/wp\/v2\/media?parent=914"}],"curies":[{"name":"wp","href":"https:\/\/api.w.org\/{rel}","templated":true}]}}