{"id":781,"date":"2020-04-13T16:29:04","date_gmt":"2020-04-13T16:29:04","guid":{"rendered":"https:\/\/hgsenrollprod.wpengine.com\/?post_type=product&#038;p=781"},"modified":"2020-04-27T17:38:57","modified_gmt":"2020-04-27T17:38:57","slug":"scriptures-pauls-letters","status":"publish","type":"product","link":"https:\/\/pay.myhudsonglobal.com\/tr\/product\/scriptures-pauls-letters\/","title":{"rendered":"Kutsal Yaz\u0131lar: Pavlus'un Mektuplar\u0131 (Se\u00e7meli)"},"content":{"rendered":"<p><span class=\"TextRun SCXW178038746 BCX0\" lang=\"EN-US\" xml:lang=\"EN-US\" data-contrast=\"auto\"><span class=\"NormalTextRun SCXW178038746 BCX0\">This course studies Paul\u2019s Letters: Introduction to Paul\u2019s Letters, Romans, Corinthians, Galatians, Ephesians, Philippians, Colossians, Philemon, Thessalonians, Timothy, Titus and Timothy.\u00a0<\/span><\/span><\/p>","protected":false},"excerpt":{"rendered":"<p><span class=\"TextRun SCXW178038746 BCX0\" lang=\"EN-US\" xml:lang=\"EN-US\" data-contrast=\"auto\"><span class=\"NormalTextRun SCXW178038746 BCX0\">This course studies Paul\u2019s Letters: Introduction to Paul\u2019s Letters, Romans, Corinthians, Galatians, Ephesians and more.<\/span><\/span><\/p>","protected":false},"featured_media":845,"template":"","meta":[],"_links":{"self":[{"href":"https:\/\/pay.myhudsonglobal.com\/tr\/wp-json\/wp\/v2\/product\/781"}],"collection":[{"href":"https:\/\/pay.myhudsonglobal.com\/tr\/wp-json\/wp\/v2\/product"}],"about":[{"href":"https:\/\/pay.myhudsonglobal.com\/tr\/wp-json\/wp\/v2\/types\/product"}],"wp:featuredmedia":[{"embeddable":true,"href":"https:\/\/pay.myhudsonglobal.com\/tr\/wp-json\/wp\/v2\/media\/845"}],"wp:attachment":[{"href":"https:\/\/pay.myhudsonglobal.com\/tr\/wp-json\/wp\/v2\/media?parent=781"}],"curies":[{"name":"wp","href":"https:\/\/api.w.org\/{rel}","templated":true}]}}