{"id":736,"date":"2020-04-13T04:13:45","date_gmt":"2020-04-13T04:13:45","guid":{"rendered":"https:\/\/hgsenrollprod.wpengine.com\/?post_type=product&#038;p=736"},"modified":"2020-04-23T22:04:59","modified_gmt":"2020-04-23T22:04:59","slug":"kindergarten-math-a","status":"publish","type":"product","link":"https:\/\/pay.myhudsonglobal.com\/tr\/product\/anaokulu-matemati\u0307k-a\/","title":{"rendered":"Anaokulu Matematik A"},"content":{"rendered":"<p><span data-contrast=\"auto\">Bu derste \u00f6\u011frenciler temel matematik bilgilerini \u00f6\u011freneceklerdir. \u00d6\u011frenciler 12'ye kadar saymay\u0131, b\u00fcy\u00fckl\u00fckleri kar\u015f\u0131la\u015ft\u0131rmay\u0131, s\u0131ra say\u0131lar\u0131n\u0131, say\u0131 do\u011frusunu, temel \u00f6l\u00e7\u00fcmleri ve zaman\u0131 s\u00f6ylemeyi \u00f6\u011freneceklerdir. \u0130lerledik\u00e7e, \u00f6\u011frenciler yirmiye kadar saymay\u0131 \u00f6\u011freneceklerdir. Uzun, uzun ve k\u0131sa terimlerinin yan\u0131 s\u0131ra daha hafif ve daha a\u011f\u0131r terimlerini kullanarak nesneleri kar\u015f\u0131la\u015ft\u0131racaklar. Koni ve k\u00fcre gibi temel geometrik \u015fekilleri ke\u015ffetmeye devam edecekler. \u0130lk, orta ve son kavramlar\u0131 ile d\u00fczenleme ve s\u0131ralama \u00fczerinde \u00e7al\u0131\u015facaklard\u0131r. \u00d6\u011frenciler sol ve sa\u011f kavramlar\u0131n\u0131 \u00f6\u011freneceklerdir.\u00a0<\/span><span data-ccp-props=\"{&quot;201341983&quot;:1,&quot;335551550&quot;:6,&quot;335551620&quot;:6,&quot;335559740&quot;:280}\">\u00a0<\/span><\/p>","protected":false},"excerpt":{"rendered":"<p><span data-contrast=\"auto\">\u00d6\u011frenciler 12'ye kadar saymay\u0131, boyutlar\u0131 kar\u015f\u0131la\u015ft\u0131rmay\u0131, \u00f6\u011feleri s\u0131raya koyarak s\u0131ra say\u0131lar\u0131n\u0131, say\u0131 do\u011frusunu, temel \u00f6l\u00e7\u00fcmleri ve zaman\u0131 s\u00f6ylemeyi \u00f6\u011freneceklerdir.<\/span><\/p>\n<p><span data-ccp-props=\"{&quot;201341983&quot;:1,&quot;335551550&quot;:6,&quot;335551620&quot;:6,&quot;335559740&quot;:280}\">\u00a0<\/span><\/p>","protected":false},"featured_media":839,"template":"","meta":[],"_links":{"self":[{"href":"https:\/\/pay.myhudsonglobal.com\/tr\/wp-json\/wp\/v2\/product\/736"}],"collection":[{"href":"https:\/\/pay.myhudsonglobal.com\/tr\/wp-json\/wp\/v2\/product"}],"about":[{"href":"https:\/\/pay.myhudsonglobal.com\/tr\/wp-json\/wp\/v2\/types\/product"}],"wp:featuredmedia":[{"embeddable":true,"href":"https:\/\/pay.myhudsonglobal.com\/tr\/wp-json\/wp\/v2\/media\/839"}],"wp:attachment":[{"href":"https:\/\/pay.myhudsonglobal.com\/tr\/wp-json\/wp\/v2\/media?parent=736"}],"curies":[{"name":"wp","href":"https:\/\/api.w.org\/{rel}","templated":true}]}}