{"id":731,"date":"2020-04-13T04:09:20","date_gmt":"2020-04-13T04:09:20","guid":{"rendered":"https:\/\/hgsenrollprod.wpengine.com\/?post_type=product&#038;p=731"},"modified":"2020-04-23T21:58:46","modified_gmt":"2020-04-23T21:58:46","slug":"language-arts-1-a","status":"publish","type":"product","link":"https:\/\/pay.myhudsonglobal.com\/tr\/product\/language-arts-1-a\/","title":{"rendered":"Language Arts 1 A"},"content":{"rendered":"<p><span data-contrast=\"auto\">This course teaches students to identify and write all letters, and produce letter sounds and frequently used phonograms. Students will master weekly sight words and reading and comprehension strategies to grow as readers. All Common Core 1 LA standards are met in this course.<\/span><span data-ccp-props=\"{&quot;201341983&quot;:1,&quot;335551550&quot;:6,&quot;335551620&quot;:6,&quot;335559740&quot;:280}\">\u00a0<\/span><\/p>","protected":false},"excerpt":{"rendered":"<p><span data-contrast=\"auto\">Bu ders \u00f6\u011frencilere t\u00fcm harfleri tan\u0131may\u0131 ve yazmay\u0131, harf seslerini ve s\u0131k kullan\u0131lan fonogramlar\u0131 \u00fcretmeyi \u00f6\u011fretir.<\/span><span data-ccp-props=\"{&quot;201341983&quot;:1,&quot;335551550&quot;:6,&quot;335551620&quot;:6,&quot;335559740&quot;:280}\">\u00a0<\/span><\/p>","protected":false},"featured_media":848,"template":"","meta":[],"_links":{"self":[{"href":"https:\/\/pay.myhudsonglobal.com\/tr\/wp-json\/wp\/v2\/product\/731"}],"collection":[{"href":"https:\/\/pay.myhudsonglobal.com\/tr\/wp-json\/wp\/v2\/product"}],"about":[{"href":"https:\/\/pay.myhudsonglobal.com\/tr\/wp-json\/wp\/v2\/types\/product"}],"wp:featuredmedia":[{"embeddable":true,"href":"https:\/\/pay.myhudsonglobal.com\/tr\/wp-json\/wp\/v2\/media\/848"}],"wp:attachment":[{"href":"https:\/\/pay.myhudsonglobal.com\/tr\/wp-json\/wp\/v2\/media?parent=731"}],"curies":[{"name":"wp","href":"https:\/\/api.w.org\/{rel}","templated":true}]}}