{"id":717,"date":"2020-04-13T03:40:51","date_gmt":"2020-04-13T03:40:51","guid":{"rendered":"https:\/\/hgsenrollprod.wpengine.com\/?post_type=product&#038;p=717"},"modified":"2020-04-24T21:23:15","modified_gmt":"2020-04-24T21:23:15","slug":"health","status":"publish","type":"product","link":"https:\/\/pay.myhudsonglobal.com\/tr\/product\/saglik\/","title":{"rendered":"Sa\u011fl\u0131k"},"content":{"rendered":"<p><span class=\"TextRun SCXW45030712 BCX0\" lang=\"EN-US\" xml:lang=\"EN-US\" data-contrast=\"auto\"><span class=\"NormalTextRun SCXW45030712 BCX0\">Bu ders, \u00f6\u011frencilerin fiziksel, duygusal, zihinsel ve sosyal sa\u011fl\u0131klar\u0131n\u0131 etkileyecek kararlar alman\u0131n \u00f6nemini anlamalar\u0131na yard\u0131mc\u0131 olacakt\u0131r. \u00d6\u011frencilere sa\u011fl\u0131klar\u0131 hakk\u0131nda sorumlu ve bilin\u00e7li kararlar vermeleri i\u00e7in ihtiya\u00e7 duyacaklar\u0131 bilgi ve kaynaklar\u0131 sa\u011flayacakt\u0131r. \u00d6\u011frenciler, sa\u011fl\u0131kla ilgili kendi de\u011ferlerini, g\u00f6r\u00fc\u015flerini ve tutumlar\u0131n\u0131 de\u011ferlendirme f\u0131rsat\u0131 bulacaklard\u0131r.<\/span><\/span><span class=\"EOP SCXW45030712 BCX0\" data-ccp-props=\"{&quot;201341983&quot;:1,&quot;335551550&quot;:6,&quot;335551620&quot;:6,&quot;335559740&quot;:280}\">\u00a0<\/span><\/p>","protected":false},"excerpt":{"rendered":"<p><span class=\"TextRun SCXW45030712 BCX0\" lang=\"EN-US\" xml:lang=\"EN-US\" data-contrast=\"auto\"><span class=\"NormalTextRun SCXW45030712 BCX0\">Bu ders, \u00f6\u011frencilerin fiziksel, duygusal, zihinsel ve sosyal sa\u011fl\u0131klar\u0131n\u0131 etkileyecek kararlar alman\u0131n \u00f6nemini anlamalar\u0131na yard\u0131mc\u0131 olacakt\u0131r.<\/span><\/span><\/p>","protected":false},"featured_media":844,"template":"","meta":[],"_links":{"self":[{"href":"https:\/\/pay.myhudsonglobal.com\/tr\/wp-json\/wp\/v2\/product\/717"}],"collection":[{"href":"https:\/\/pay.myhudsonglobal.com\/tr\/wp-json\/wp\/v2\/product"}],"about":[{"href":"https:\/\/pay.myhudsonglobal.com\/tr\/wp-json\/wp\/v2\/types\/product"}],"wp:featuredmedia":[{"embeddable":true,"href":"https:\/\/pay.myhudsonglobal.com\/tr\/wp-json\/wp\/v2\/media\/844"}],"wp:attachment":[{"href":"https:\/\/pay.myhudsonglobal.com\/tr\/wp-json\/wp\/v2\/media?parent=717"}],"curies":[{"name":"wp","href":"https:\/\/api.w.org\/{rel}","templated":true}]}}