{"id":643,"date":"2020-04-12T05:15:50","date_gmt":"2020-04-12T05:15:50","guid":{"rendered":"https:\/\/hgsenrollprod.wpengine.com\/?post_type=product&#038;p=643"},"modified":"2020-04-23T19:22:31","modified_gmt":"2020-04-23T19:22:31","slug":"integrated-math-2-a-elective","status":"publish","type":"product","link":"https:\/\/pay.myhudsonglobal.com\/tr\/product\/integrated-math-2-a-elective\/","title":{"rendered":"Entegre Matematik 2 A (Se\u00e7meli)"},"content":{"rendered":"<p><span data-contrast=\"auto\">Entegre Matematik 2'deki \u00f6\u011frenciler, \u00f6nceki matematik derslerinden edindikleri \u00f6\u011frenme birikimini bir araya getirmeye ve uygulamaya odaklanacakt\u0131r. Olas\u0131l\u0131k ve istatistik y\u00f6ntemlerini uygulayacaklar; fonksiyon repertuarlar\u0131n\u0131 polinom, rasyonel ve radikal fonksiyonlar\u0131 i\u00e7erecek \u015fekilde geni\u015fletecekler; ve dik \u00fc\u00e7gen trigonometrisi \u00e7al\u0131\u015fmalar\u0131n\u0131 geni\u015fletecekler. Ayr\u0131ca, modeller olu\u015fturmak ve ba\u011flamsal problemleri \u00e7\u00f6zmek i\u00e7in fonksiyonlar ve geometri ile ilgili t\u00fcm deneyimlerini bir araya getireceklerdir.<\/span><span data-ccp-props=\"{&quot;201341983&quot;:1,&quot;335551550&quot;:6,&quot;335551620&quot;:6,&quot;335559740&quot;:280}\">\u00a0<\/span><\/p>\n<p><b><span data-contrast=\"auto\">\u00d6n ko\u015ful:<\/span><\/b><span data-contrast=\"auto\">\u00a0Entegre Matematik 1<\/span><span data-ccp-props=\"{&quot;201341983&quot;:1,&quot;335551550&quot;:6,&quot;335551620&quot;:6,&quot;335559740&quot;:280}\">\u00a0<\/span><\/p>","protected":false},"excerpt":{"rendered":"<p><span data-contrast=\"auto\">\u00d6\u011frenciler olas\u0131l\u0131k ve istatistik y\u00f6ntemlerini uygulayacak; fonksiyon repertuarlar\u0131n\u0131 polinom, rasyonel ve radikal fonksiyonlar\u0131 i\u00e7erecek \u015fekilde geni\u015fletecek ve dik \u00fc\u00e7gen trigonometri \u00e7al\u0131\u015fmalar\u0131n\u0131 geni\u015fleteceklerdir.<\/span><\/p>\n<p><b><span data-contrast=\"auto\">\u00d6n ko\u015ful:<\/span><\/b><span data-contrast=\"auto\">\u00a0Entegre Matematik 1, <strong>Se\u00e7meli<\/strong><\/span><\/p>","protected":false},"featured_media":839,"template":"","meta":[],"_links":{"self":[{"href":"https:\/\/pay.myhudsonglobal.com\/tr\/wp-json\/wp\/v2\/product\/643"}],"collection":[{"href":"https:\/\/pay.myhudsonglobal.com\/tr\/wp-json\/wp\/v2\/product"}],"about":[{"href":"https:\/\/pay.myhudsonglobal.com\/tr\/wp-json\/wp\/v2\/types\/product"}],"wp:featuredmedia":[{"embeddable":true,"href":"https:\/\/pay.myhudsonglobal.com\/tr\/wp-json\/wp\/v2\/media\/839"}],"wp:attachment":[{"href":"https:\/\/pay.myhudsonglobal.com\/tr\/wp-json\/wp\/v2\/media?parent=643"}],"curies":[{"name":"wp","href":"https:\/\/api.w.org\/{rel}","templated":true}]}}