{"id":642,"date":"2020-04-12T05:12:27","date_gmt":"2020-04-12T05:12:27","guid":{"rendered":"https:\/\/hgsenrollprod.wpengine.com\/?post_type=product&#038;p=642"},"modified":"2020-04-23T19:14:32","modified_gmt":"2020-04-23T19:14:32","slug":"integrated-math-1-a-elective","status":"publish","type":"product","link":"https:\/\/pay.myhudsonglobal.com\/tr\/product\/entegre-matemati\u0307k-1-a-secmeli\u0307\/","title":{"rendered":"Entegre Matematik 1 A (Se\u00e7meli)"},"content":{"rendered":"<p><span class=\"TextRun SCXW131295530 BCX0\" lang=\"EN-US\" xml:lang=\"EN-US\" data-contrast=\"auto\"><span class=\"NormalTextRun SCXW131295530 BCX0\">Entegre Matematik 1'de \u00f6\u011frenciler, ifadeleri sadele\u015ftirerek, do\u011frusal denklemleri ve e\u015fitsizlikleri \u00e7\u00f6zerek, denklemlerin grafiklerini \u00e7izerek, bir do\u011frunun denklemini bularak, tek terimli ve \u00e7ok terimli say\u0131larla \u00e7al\u0131\u015farak, \u00e7arpanlara ay\u0131rarak ve kareyi tamamlayarak tam say\u0131lar\u0131n ve rasyonel, irrasyonel ve reel say\u0131lar\u0131n alt k\u00fcmelerinin aritmetik \u00f6zelliklerini kullan\u0131rlar. \u00d6\u011frenciler, sonu\u00e7lar\u0131n ge\u00e7erlili\u011fini de\u011ferlendirmek i\u00e7in say\u0131 sisteminin \u00f6zelliklerini kullan\u0131r ve ifadeleri kan\u0131tlamak veya \u00e7\u00fcr\u00fctmek i\u00e7in prosed\u00fcr\u00fcn her ad\u0131m\u0131n\u0131 gerek\u00e7elendirir. \u00d6\u011frenciler, geometrik \u015fekillerin \u00e7evresini, alan\u0131n\u0131, hacmini ve y\u00fczey alan\u0131n\u0131 hesaplar. \u00d6\u011frenciler ayr\u0131ca bir dik \u00fc\u00e7genin a\u00e7\u0131lar\u0131yla tan\u0131mlanan temel trigonometrik fonksiyonlar\u0131 kullan\u0131rlar.<\/span><\/span><span class=\"EOP SCXW131295530 BCX0\" data-ccp-props=\"{&quot;201341983&quot;:1,&quot;335551550&quot;:6,&quot;335551620&quot;:6,&quot;335559740&quot;:280}\">\u00a0<\/span><\/p>","protected":false},"excerpt":{"rendered":"<p><span class=\"TextRun SCXW131295530 BCX0\" lang=\"EN-US\" xml:lang=\"EN-US\" data-contrast=\"auto\"><span class=\"NormalTextRun SCXW131295530 BCX0\"> \u00d6\u011frenciler, sonu\u00e7lar\u0131n ge\u00e7erlili\u011fini de\u011ferlendirmek i\u00e7in say\u0131 sisteminin \u00f6zelliklerini kullan\u0131r ve ifadeleri kan\u0131tlamak veya \u00e7\u00fcr\u00fctmek i\u00e7in prosed\u00fcr\u00fcn her ad\u0131m\u0131n\u0131 gerek\u00e7elendirir. \u00d6\u011frenciler, geometrik \u015fekillerin \u00e7evresini, alan\u0131n\u0131, hacmini ve y\u00fczey alan\u0131n\u0131 hesaplar.<\/span><\/span><\/p>\n<p><strong>Se\u00e7meli<\/strong><\/p>","protected":false},"featured_media":839,"template":"","meta":[],"_links":{"self":[{"href":"https:\/\/pay.myhudsonglobal.com\/tr\/wp-json\/wp\/v2\/product\/642"}],"collection":[{"href":"https:\/\/pay.myhudsonglobal.com\/tr\/wp-json\/wp\/v2\/product"}],"about":[{"href":"https:\/\/pay.myhudsonglobal.com\/tr\/wp-json\/wp\/v2\/types\/product"}],"wp:featuredmedia":[{"embeddable":true,"href":"https:\/\/pay.myhudsonglobal.com\/tr\/wp-json\/wp\/v2\/media\/839"}],"wp:attachment":[{"href":"https:\/\/pay.myhudsonglobal.com\/tr\/wp-json\/wp\/v2\/media?parent=642"}],"curies":[{"name":"wp","href":"https:\/\/api.w.org\/{rel}","templated":true}]}}