{"id":602,"date":"2020-04-11T21:32:44","date_gmt":"2020-04-11T21:32:44","guid":{"rendered":"https:\/\/hgsenrollprod.wpengine.com\/?post_type=product&#038;p=602"},"modified":"2020-04-23T20:50:36","modified_gmt":"2020-04-23T20:50:36","slug":"honors-american-history-a","status":"publish","type":"product","link":"https:\/\/pay.myhudsonglobal.com\/tr\/product\/onur-dereceli\u0307-ameri\u0307kan-tari\u0307hi\u0307-a\/","title":{"rendered":"Amerikan Tarihi A Onur \u00d6d\u00fcl\u00fc"},"content":{"rendered":"<p>D\u00f6nem A - \u00f6\u011frencilerin 1600'lerde Avrupal\u0131lar taraf\u0131ndan Kuzey Amerika'n\u0131n kurulu\u015f hikayesini \u00f6\u011frenmelerine yard\u0131mc\u0131 olur. Dersin ana temas\u0131, Amerika'n\u0131n daha \u00f6nce ba\u015fka hi\u00e7bir \u00fclkenin \u00fcstlenmedi\u011fi g\u00f6revleri ba\u015farm\u0131\u015f olmas\u0131d\u0131r. Amerika, Avrupa'dan kopmu\u015f, d\u00fcnyadaki di\u011fer t\u00fcm \u00fclkelerden daha fazla insana \u00f6zg\u00fcrl\u00fck veren bir Anayasa ile kendi \u00fclkesini kurmu\u015f ve bu Anayasay\u0131 uygulamaya koyarak bir \u00fclke kurmu\u015ftur. Ders, Amerika'n\u0131n 20. Y\u00fczy\u0131l\u0131n ba\u015f\u0131nda bir d\u00fcnya g\u00fcc\u00fc olarak ortaya \u00e7\u0131k\u0131\u015f\u0131n\u0131n incelenmesiyle sona ermektedir. \u00d6\u011frenciler birincil ve ikincil kaynak belge incelemeleri, \u00f6nemli ki\u015filerin biyografileri, siyasi karikat\u00fcrler, harita \u00e7al\u0131\u015fmalar\u0131 ve d\u00f6nem edebiyat\u0131 ile kar\u015f\u0131la\u015facaklard\u0131r.<\/p>\n<p><strong><span class=\"TextRun MacChromeBold Underlined SCXW95836220 BCX0\" lang=\"EN-US\" xml:lang=\"EN-US\" data-contrast=\"auto\"><span class=\"NormalTextRun SCXW95836220 BCX0\">\u00d6n Ko\u015fullar<\/span><\/span><span class=\"TextRun MacChromeBold Underlined SCXW95836220 BCX0\" lang=\"EN-US\" xml:lang=\"EN-US\" data-contrast=\"auto\"><span class=\"NormalTextRun SCXW95836220 BCX0\">:<\/span><\/span><\/strong><span class=\"TextRun SCXW95836220 BCX0\" lang=\"EN-US\" xml:lang=\"EN-US\" data-contrast=\"auto\"><span class=\"NormalTextRun SCXW95836220 BCX0\">\u00a0<\/span><\/span><span class=\"TextRun SCXW95836220 BCX0\" lang=\"EN-US\" xml:lang=\"EN-US\" data-contrast=\"auto\"><span class=\"NormalTextRun SCXW95836220 BCX0\">D\u00fcnya Tarihi<\/span><\/span><span class=\"EOP SCXW95836220 BCX0\" data-ccp-props=\"{&quot;201341983&quot;:1,&quot;335551550&quot;:6,&quot;335551620&quot;:6,&quot;335559740&quot;:280}\">\u00a0<\/span><\/p>","protected":false},"excerpt":{"rendered":"<p>D\u00f6nem A, \u00f6\u011frencilerin 1600'l\u00fc y\u0131llarda Avrupal\u0131lar taraf\u0131ndan Kuzey Amerika'n\u0131n kurulu\u015f hikayesini \u00f6\u011frenmelerine yard\u0131mc\u0131 olur.<\/p>\n<p><strong><span class=\"TextRun MacChromeBold Underlined SCXW95836220 BCX0\" lang=\"EN-US\" xml:lang=\"EN-US\" data-contrast=\"auto\"><span class=\"NormalTextRun SCXW95836220 BCX0\">\u00d6n Ko\u015fullar<\/span><\/span><span class=\"TextRun MacChromeBold Underlined SCXW95836220 BCX0\" lang=\"EN-US\" xml:lang=\"EN-US\" data-contrast=\"auto\"><span class=\"NormalTextRun SCXW95836220 BCX0\">:<\/span><\/span><span class=\"TextRun SCXW95836220 BCX0\" lang=\"EN-US\" xml:lang=\"EN-US\" data-contrast=\"auto\"><span class=\"NormalTextRun SCXW95836220 BCX0\">\u00a0<\/span><\/span><\/strong><span class=\"TextRun SCXW95836220 BCX0\" lang=\"EN-US\" xml:lang=\"EN-US\" data-contrast=\"auto\"><span class=\"NormalTextRun SCXW95836220 BCX0\">D\u00fcnya Tarihi<\/span><\/span><span class=\"EOP SCXW95836220 BCX0\" data-ccp-props=\"{&quot;201341983&quot;:1,&quot;335551550&quot;:6,&quot;335551620&quot;:6,&quot;335559740&quot;:280}\">\u00a0<\/span><\/p>","protected":false},"featured_media":840,"template":"","meta":[],"_links":{"self":[{"href":"https:\/\/pay.myhudsonglobal.com\/tr\/wp-json\/wp\/v2\/product\/602"}],"collection":[{"href":"https:\/\/pay.myhudsonglobal.com\/tr\/wp-json\/wp\/v2\/product"}],"about":[{"href":"https:\/\/pay.myhudsonglobal.com\/tr\/wp-json\/wp\/v2\/types\/product"}],"wp:featuredmedia":[{"embeddable":true,"href":"https:\/\/pay.myhudsonglobal.com\/tr\/wp-json\/wp\/v2\/media\/840"}],"wp:attachment":[{"href":"https:\/\/pay.myhudsonglobal.com\/tr\/wp-json\/wp\/v2\/media?parent=602"}],"curies":[{"name":"wp","href":"https:\/\/api.w.org\/{rel}","templated":true}]}}