{"id":575,"date":"2020-04-10T23:32:16","date_gmt":"2020-04-10T23:32:16","guid":{"rendered":"https:\/\/hgsenrollprod.wpengine.com\/?post_type=product&#038;p=575"},"modified":"2020-04-23T20:33:41","modified_gmt":"2020-04-23T20:33:41","slug":"honors-algebra-ii-a","status":"publish","type":"product","link":"https:\/\/pay.myhudsonglobal.com\/tr\/product\/onur-cebi\u0307ri\u0307-ii-a\/","title":{"rendered":"Onur Cebiri II A"},"content":{"rendered":"<p>D\u00f6nem A\/B - \u00f6\u011frencinin temel cebir kavramlar\u0131na ili\u015fkin anlay\u0131\u015f\u0131n\u0131 daha da geni\u015fletir ve onlar\u0131 trigonometri, hesap \u00f6ncesi ve ileri olas\u0131l\u0131k ve istatistik konular\u0131na daha derinlemesine dalmak i\u00e7in gereken yap\u0131 ta\u015flar\u0131yla haz\u0131rlar. Konular aras\u0131nda radikaller, ikinci dereceden fonksiyonlar ve denklemler, polinomlar, rasyoneller, denklem sistemleri ve e\u015fitsizlikler, \u00fcsler ve logaritmalar, diziler ve seriler, olas\u0131l\u0131k ve istatistik ve trigonometri yer almaktad\u0131r. Onur dersinde \u00f6\u011frenciler cebirsel kavramlar \u00fczerinde derinlemesine \u00e7al\u0131\u015facak, problem \u00e7\u00f6zecek ve uygulama yapacaklard\u0131r.<\/p>\n<p><strong><span class=\"TextRun MacChromeBold Underlined SCXW58294664 BCX0\" lang=\"EN-US\" xml:lang=\"EN-US\" data-contrast=\"auto\"><span class=\"NormalTextRun SCXW58294664 BCX0\">\u00d6n Ko\u015ful<\/span><\/span><span class=\"TextRun MacChromeBold Underlined SCXW58294664 BCX0\" lang=\"EN-US\" xml:lang=\"EN-US\" data-contrast=\"auto\"><span class=\"NormalTextRun SCXW58294664 BCX0\">:<\/span><\/span><span class=\"TextRun SCXW58294664 BCX0\" lang=\"EN-US\" xml:lang=\"EN-US\" data-contrast=\"auto\"><span class=\"NormalTextRun SCXW58294664 BCX0\">\u00a0<\/span><\/span><\/strong><span class=\"TextRun SCXW58294664 BCX0\" lang=\"EN-US\" xml:lang=\"EN-US\" data-contrast=\"auto\"><span class=\"NormalTextRun SCXW58294664 BCX0\">Cebir\u00a0<\/span><\/span><span class=\"TextRun SCXW58294664 BCX0\" lang=\"EN-US\" xml:lang=\"EN-US\" data-contrast=\"auto\"><span class=\"NormalTextRun SCXW58294664 BCX0\">1<\/span><\/span><span class=\"EOP SCXW58294664 BCX0\" data-ccp-props=\"{&quot;201341983&quot;:1,&quot;335551550&quot;:6,&quot;335551620&quot;:6,&quot;335559740&quot;:280}\">\u00a0<\/span><\/p>","protected":false},"excerpt":{"rendered":"<p>D\u00f6nem A\/B - \u00f6\u011frencinin temel cebir kavramlar\u0131na ili\u015fkin anlay\u0131\u015f\u0131n\u0131 daha da geni\u015fletir ve onlar\u0131 trigonometri, \u00f6n hesap ve ileri olas\u0131l\u0131k ve istatistik konular\u0131na daha derinlemesine dalmak i\u00e7in gereken yap\u0131 ta\u015flar\u0131yla haz\u0131rlar.<\/p>\n<p><strong><span class=\"TextRun MacChromeBold Underlined SCXW58294664 BCX0\" lang=\"EN-US\" xml:lang=\"EN-US\" data-contrast=\"auto\"><span class=\"NormalTextRun SCXW58294664 BCX0\">\u00d6n Ko\u015ful<\/span><\/span><span class=\"TextRun MacChromeBold Underlined SCXW58294664 BCX0\" lang=\"EN-US\" xml:lang=\"EN-US\" data-contrast=\"auto\"><span class=\"NormalTextRun SCXW58294664 BCX0\">:<\/span><\/span><span class=\"TextRun SCXW58294664 BCX0\" lang=\"EN-US\" xml:lang=\"EN-US\" data-contrast=\"auto\"><span class=\"NormalTextRun SCXW58294664 BCX0\">\u00a0<\/span><\/span><\/strong><span class=\"TextRun SCXW58294664 BCX0\" lang=\"EN-US\" xml:lang=\"EN-US\" data-contrast=\"auto\"><span class=\"NormalTextRun SCXW58294664 BCX0\">Cebir\u00a0<\/span><\/span><span class=\"TextRun SCXW58294664 BCX0\" lang=\"EN-US\" xml:lang=\"EN-US\" data-contrast=\"auto\"><span class=\"NormalTextRun SCXW58294664 BCX0\">1<\/span><\/span><span class=\"EOP SCXW58294664 BCX0\" data-ccp-props=\"{&quot;201341983&quot;:1,&quot;335551550&quot;:6,&quot;335551620&quot;:6,&quot;335559740&quot;:280}\">\u00a0<\/span><\/p>","protected":false},"featured_media":839,"template":"","meta":[],"_links":{"self":[{"href":"https:\/\/pay.myhudsonglobal.com\/tr\/wp-json\/wp\/v2\/product\/575"}],"collection":[{"href":"https:\/\/pay.myhudsonglobal.com\/tr\/wp-json\/wp\/v2\/product"}],"about":[{"href":"https:\/\/pay.myhudsonglobal.com\/tr\/wp-json\/wp\/v2\/types\/product"}],"wp:featuredmedia":[{"embeddable":true,"href":"https:\/\/pay.myhudsonglobal.com\/tr\/wp-json\/wp\/v2\/media\/839"}],"wp:attachment":[{"href":"https:\/\/pay.myhudsonglobal.com\/tr\/wp-json\/wp\/v2\/media?parent=575"}],"curies":[{"name":"wp","href":"https:\/\/api.w.org\/{rel}","templated":true}]}}