{"id":560,"date":"2020-04-10T22:59:38","date_gmt":"2020-04-10T22:59:38","guid":{"rendered":"https:\/\/hgsenrollprod.wpengine.com\/?post_type=product&#038;p=560"},"modified":"2020-05-08T20:41:08","modified_gmt":"2020-05-08T20:41:08","slug":"language-arts-11-b","status":"publish","type":"product","link":"https:\/\/pay.myhudsonglobal.com\/tr\/product\/language-arts-11-b\/","title":{"rendered":"Language Arts 11 B"},"content":{"rendered":"<p><span class=\"TextRun SCXW83749743 BCX0\" lang=\"EN-US\" xml:lang=\"EN-US\" data-contrast=\"auto\"><span class=\"NormalTextRun SCXW83749743 BCX0\" data-wac-het=\"1\">B D\u00f6nemi<\/span><\/span><span class=\"TextRun SCXW83749743 BCX0\" lang=\"EN-US\" xml:lang=\"EN-US\" data-contrast=\"auto\"><span class=\"NormalTextRun SCXW83749743 BCX0\" data-wac-het=\"1\">\u00a0&#8211;\u00a0<\/span><\/span><span class=\"TextRun SCXW83749743 BCX0\" lang=\"EN-US\" xml:lang=\"EN-US\" data-contrast=\"auto\"><span class=\"NormalTextRun SCXW83749743 BCX0\" data-wac-het=\"1\">Semester B of English 11 consists of units focused on historical eras and literary movements of the 20th and 21st century, such as Naturalism, Imagism, the Harlem Renaissance, and Post-Modernism. Literature analysis lessons in semester B focus on the forms of literature that were most commonly written during the Twentieth Century and how the forms, styles, and techniques of that century inform literature written today. Students will also evaluate various modes and forms of language expression, including single media and multimedia messages. Writing and informational text lessons guide students through the stages of a rigorous research process and demonstrate how to evaluate, integrate, and share the information gathered during research. Students are required to share their ideas and analysis using several different modes, including oral and multimedia presentations.<\/span><\/span><span class=\"EOP SCXW83749743 BCX0\" data-ccp-props=\"{&quot;201341983&quot;:1,&quot;335551550&quot;:6,&quot;335551620&quot;:6,&quot;335559740&quot;:280}\" data-wac-het=\"1\">\u00a0<\/span><\/p>\n<p><span style=\"text-decoration: underline;\"><b>Gerekli\u00a0<\/b><b>Malzemeler<\/b>\u00a0<\/span><\/p>\n<p><span data-contrast=\"auto\">Gerekli Roman:<\/span><span data-ccp-props=\"{&quot;134233279&quot;:true,&quot;201341983&quot;:1,&quot;335551550&quot;:6,&quot;335551620&quot;:6,&quot;335559740&quot;:280}\">\u00a0<\/span><\/p>\n<ul>\n<li data-leveltext=\"o\" data-font=\"Courier New\" data-listid=\"21\" aria-setsize=\"-1\" data-aria-posinset=\"2\" data-aria-level=\"2\"><i><span data-contrast=\"auto\">The Great Gatsby<\/span><\/i><span data-contrast=\"auto\">\u00a0<\/span><span data-contrast=\"auto\">taraf\u0131ndan<\/span><span data-contrast=\"auto\">\u00a0<\/span><span data-contrast=\"none\">F. Scott Fitzgerald<\/span><span data-contrast=\"auto\">: ISBN-10: 9780743273565; ISBN-13: 978-0743273565<\/span><span data-ccp-props=\"{&quot;134233279&quot;:true,&quot;201341983&quot;:1,&quot;335551550&quot;:1,&quot;335551620&quot;:1,&quot;335559740&quot;:280}\">\u00a0<\/span><\/li>\n<\/ul>\n<p><span data-contrast=\"auto\">\u0130ste\u011fe Ba\u011fl\u0131 Romanlar:<\/span><span data-ccp-props=\"{&quot;134233279&quot;:true,&quot;201341983&quot;:1,&quot;335551550&quot;:1,&quot;335551620&quot;:1,&quot;335559740&quot;:280}\">\u00a0<\/span><\/p>\n<ul>\n<li data-leveltext=\"o\" data-font=\"Courier New\" data-listid=\"21\" aria-setsize=\"-1\" data-aria-posinset=\"1\" data-aria-level=\"2\"><i><span data-contrast=\"auto\">Death of a Salesman<\/span><\/i><span data-contrast=\"auto\">\u00a0<\/span><span data-contrast=\"auto\">taraf\u0131ndan<\/span><span data-contrast=\"auto\">\u00a0Authur Miller: ISBN-10: 9780140481341; ISBN-13: 978-0140481341<\/span><span data-ccp-props=\"{&quot;134233279&quot;:true,&quot;201341983&quot;:1,&quot;335551550&quot;:1,&quot;335551620&quot;:1,&quot;335559740&quot;:280}\">\u00a0<\/span><\/li>\n<li data-leveltext=\"o\" data-font=\"Courier New\" data-listid=\"21\" aria-setsize=\"-1\" data-aria-posinset=\"2\" data-aria-level=\"2\"><i><span data-contrast=\"auto\">A Farewell to Arms<\/span><\/i><span data-contrast=\"auto\">\u00a0<\/span><span data-contrast=\"auto\">taraf\u0131ndan<\/span><span data-contrast=\"auto\">\u00a0<\/span><span data-contrast=\"auto\">Ernest Hemingway: ISBN-10: 1476764522; ISBN-13: 978-1476764528<\/span><span data-ccp-props=\"{&quot;134233279&quot;:true,&quot;201341983&quot;:1,&quot;335551550&quot;:1,&quot;335551620&quot;:1,&quot;335559740&quot;:280}\">\u00a0<\/span><\/li>\n<li data-leveltext=\"o\" data-font=\"Courier New\" data-listid=\"21\" aria-setsize=\"-1\" data-aria-posinset=\"3\" data-aria-level=\"2\"><i><span data-contrast=\"auto\">My Antonia<\/span><\/i><span data-contrast=\"auto\">\u00a0<\/span><span data-contrast=\"auto\">by Willa Cather<\/span><span data-contrast=\"auto\">\u00a0\u2013<\/span><a href=\"https:\/\/www.gutenberg.org\/ebooks\/242\"><span data-contrast=\"none\">\u00a0Gutenberg Projesi<\/span><\/a><span data-ccp-props=\"{&quot;134233279&quot;:true,&quot;201341983&quot;:1,&quot;335551550&quot;:1,&quot;335551620&quot;:1,&quot;335559740&quot;:280}\">\u00a0<\/span><\/li>\n<li data-leveltext=\"o\" data-font=\"Courier New\" data-listid=\"21\" aria-setsize=\"-1\" data-aria-posinset=\"4\" data-aria-level=\"2\"><i><span data-contrast=\"auto\">A Lesson Before Dying<\/span><\/i><span data-contrast=\"auto\">\u00a0<\/span><span data-contrast=\"auto\">taraf\u0131ndan<\/span><span data-contrast=\"auto\">\u00a0Ernest Gaines: ISBN-10: 9780375702709; ISBN-13: 978-0375702709<\/span><span data-ccp-props=\"{&quot;134233279&quot;:true,&quot;201341983&quot;:1,&quot;335551550&quot;:1,&quot;335551620&quot;:1,&quot;335559740&quot;:280}\">\u00a0<\/span><\/li>\n<li data-leveltext=\"o\" data-font=\"Courier New\" data-listid=\"21\" aria-setsize=\"-1\" data-aria-posinset=\"4\" data-aria-level=\"2\"><i><span data-contrast=\"auto\">Black Boy<\/span><\/i><span data-contrast=\"auto\">\u00a0<\/span><span data-contrast=\"auto\">taraf\u0131ndan<\/span><span data-contrast=\"auto\">\u00a0Richard Wright: ISBN-10: 0061130249; ISBN-13: 978-0061130243<\/span><span data-ccp-props=\"{&quot;134233279&quot;:true,&quot;201341983&quot;:1,&quot;335551550&quot;:1,&quot;335551620&quot;:1,&quot;335559740&quot;:280}\">\u00a0<\/span><\/li>\n<li data-leveltext=\"o\" data-font=\"Courier New\" data-listid=\"21\" aria-setsize=\"-1\" data-aria-posinset=\"4\" data-aria-level=\"2\"><i><span data-contrast=\"auto\">Adventures of Huckleberry Finn<\/span><\/i><span data-contrast=\"auto\">\u00a0by Mark Twain \u2013<\/span><a href=\"https:\/\/www.gutenberg.org\/ebooks\/76\"><span data-contrast=\"none\">\u00a0Gutenberg Projesi<\/span><\/a><span data-contrast=\"auto\">\u00a0<\/span><span data-ccp-props=\"{&quot;134233279&quot;:true,&quot;201341983&quot;:1,&quot;335551550&quot;:1,&quot;335551620&quot;:1,&quot;335559740&quot;:280}\">\u00a0<\/span><\/li>\n<\/ul>","protected":false},"excerpt":{"rendered":"<p><span class=\"TextRun SCXW83749743 BCX0\" lang=\"EN-US\" xml:lang=\"EN-US\" data-contrast=\"auto\"><span class=\"NormalTextRun SCXW83749743 BCX0\" data-wac-het=\"1\">Semester B of English 11 consists of units focused on historical eras and literary movements of the 20th and 21st century, such as Naturalism, Imagism, the Harlem Renaissance, and Post-Modernism. <\/span><\/span><\/p>","protected":false},"featured_media":848,"template":"","meta":[],"_links":{"self":[{"href":"https:\/\/pay.myhudsonglobal.com\/tr\/wp-json\/wp\/v2\/product\/560"}],"collection":[{"href":"https:\/\/pay.myhudsonglobal.com\/tr\/wp-json\/wp\/v2\/product"}],"about":[{"href":"https:\/\/pay.myhudsonglobal.com\/tr\/wp-json\/wp\/v2\/types\/product"}],"wp:featuredmedia":[{"embeddable":true,"href":"https:\/\/pay.myhudsonglobal.com\/tr\/wp-json\/wp\/v2\/media\/848"}],"wp:attachment":[{"href":"https:\/\/pay.myhudsonglobal.com\/tr\/wp-json\/wp\/v2\/media?parent=560"}],"curies":[{"name":"wp","href":"https:\/\/api.w.org\/{rel}","templated":true}]}}