{"id":555,"date":"2020-04-10T22:54:07","date_gmt":"2020-04-10T22:54:07","guid":{"rendered":"https:\/\/hgsenrollprod.wpengine.com\/?post_type=product&#038;p=555"},"modified":"2020-04-23T20:31:59","modified_gmt":"2020-04-23T20:31:59","slug":"algebra-ii-a","status":"publish","type":"product","link":"https:\/\/pay.myhudsonglobal.com\/tr\/product\/cebi\u0307r-ii-a\/","title":{"rendered":"Cebir II A"},"content":{"rendered":"<p><span class=\"TextRun SCXW139338145 BCX0\" lang=\"EN-US\" xml:lang=\"EN-US\" data-contrast=\"auto\"><span class=\"NormalTextRun SCXW139338145 BCX0\">S\u00f6mestr<\/span><\/span><span class=\"TextRun SCXW139338145 BCX0\" lang=\"EN-US\" xml:lang=\"EN-US\" data-contrast=\"auto\"><span class=\"NormalTextRun SCXW139338145 BCX0\">\u00a0A<\/span><\/span><span class=\"TextRun SCXW139338145 BCX0\" lang=\"EN-US\" xml:lang=\"EN-US\" data-contrast=\"auto\"><span class=\"NormalTextRun SCXW139338145 BCX0\">\u00a0&#8211;<\/span><\/span><span class=\"TextRun SCXW139338145 BCX0\" lang=\"EN-US\" xml:lang=\"EN-US\" data-contrast=\"auto\"><span class=\"NormalTextRun SCXW139338145 BCX0\">\u00a0\u00d6\u011frencinin ifadeler, denklemler, fonksiyonlar ve e\u015fitsizlikler gibi temel cebir kavramlar\u0131na ili\u015fkin anlay\u0131\u015f\u0131n\u0131 daha da geni\u015fletir. Ger\u00e7ek d\u00fcnya durumlar\u0131n\u0131 modellemek ve bu durumlardan kaynaklanan problemleri \u00e7\u00f6zmek i\u00e7in uygun fonksiyonlar\u0131n kullan\u0131m\u0131na vurgu yap\u0131lacakt\u0131r. Ayr\u0131ca fonksiyonlar\u0131n elle grafi\u011finin \u00e7izilmesi ve bir grafi\u011fin par\u00e7alar\u0131n\u0131n anla\u015f\u0131lmas\u0131 ve tan\u0131mlanmas\u0131na da odaklan\u0131lacakt\u0131r.<\/span><\/span><span class=\"EOP SCXW139338145 BCX0\" data-ccp-props=\"{&quot;201341983&quot;:1,&quot;335551550&quot;:6,&quot;335551620&quot;:6,&quot;335559740&quot;:280}\">\u00a0<\/span><\/p>\n<p><b><span data-contrast=\"auto\">\u00d6n Ko\u015fullar<\/span><\/b><b><span data-contrast=\"auto\">:<\/span><\/b><span data-contrast=\"auto\">\u00a0A<\/span><span data-contrast=\"auto\">Cebir 1<\/span><span data-ccp-props=\"{&quot;201341983&quot;:1,&quot;335551550&quot;:6,&quot;335551620&quot;:6,&quot;335559740&quot;:280}\">\u00a0<\/span><\/p>","protected":false},"excerpt":{"rendered":"<p><span class=\"TextRun SCXW139338145 BCX0\" lang=\"EN-US\" xml:lang=\"EN-US\" data-contrast=\"auto\"><span class=\"NormalTextRun SCXW139338145 BCX0\">Ger\u00e7ek d\u00fcnya durumlar\u0131n\u0131 modellemek ve bu durumlardan kaynaklanan problemleri \u00e7\u00f6zmek i\u00e7in uygun fonksiyonlar\u0131n kullan\u0131m\u0131na vurgu yap\u0131lacakt\u0131r.<\/span><\/span><\/p>\n<p><b><span data-contrast=\"auto\">\u00d6n Ko\u015fullar<\/span><\/b><b><span data-contrast=\"auto\">:<\/span><\/b><span data-contrast=\"auto\">\u00a0A<\/span><span data-contrast=\"auto\">Cebir 1<\/span><span data-ccp-props=\"{&quot;201341983&quot;:1,&quot;335551550&quot;:6,&quot;335551620&quot;:6,&quot;335559740&quot;:280}\">\u00a0<\/span><\/p>","protected":false},"featured_media":839,"template":"","meta":[],"_links":{"self":[{"href":"https:\/\/pay.myhudsonglobal.com\/tr\/wp-json\/wp\/v2\/product\/555"}],"collection":[{"href":"https:\/\/pay.myhudsonglobal.com\/tr\/wp-json\/wp\/v2\/product"}],"about":[{"href":"https:\/\/pay.myhudsonglobal.com\/tr\/wp-json\/wp\/v2\/types\/product"}],"wp:featuredmedia":[{"embeddable":true,"href":"https:\/\/pay.myhudsonglobal.com\/tr\/wp-json\/wp\/v2\/media\/839"}],"wp:attachment":[{"href":"https:\/\/pay.myhudsonglobal.com\/tr\/wp-json\/wp\/v2\/media?parent=555"}],"curies":[{"name":"wp","href":"https:\/\/api.w.org\/{rel}","templated":true}]}}