{"id":550,"date":"2020-04-10T22:47:39","date_gmt":"2020-04-10T22:47:39","guid":{"rendered":"https:\/\/hgsenrollprod.wpengine.com\/?post_type=product&#038;p=550"},"modified":"2020-04-23T20:31:37","modified_gmt":"2020-04-23T20:31:37","slug":"algebra-i-a","status":"publish","type":"product","link":"https:\/\/pay.myhudsonglobal.com\/tr\/product\/algebra-i-a\/","title":{"rendered":"Cebir I A"},"content":{"rendered":"<p><span class=\"TextRun SCXW40030297 BCX0\" lang=\"EN-US\" xml:lang=\"EN-US\" data-contrast=\"auto\"><span class=\"NormalTextRun SCXW40030297 BCX0\">S<\/span><\/span><span class=\"TextRun SCXW40030297 BCX0\" lang=\"EN-US\" xml:lang=\"EN-US\" data-contrast=\"auto\"><span class=\"NormalTextRun SCXW40030297 BCX0\">emester A<\/span><\/span><span class=\"TextRun SCXW40030297 BCX0\" lang=\"EN-US\" xml:lang=\"EN-US\" data-contrast=\"auto\"><span class=\"NormalTextRun SCXW40030297 BCX0\">\u00a0&#8211;<\/span><\/span><span class=\"TextRun SCXW40030297 BCX0\" lang=\"EN-US\" xml:lang=\"EN-US\" data-contrast=\"auto\"><span class=\"NormalTextRun SCXW40030297 BCX0\">\u00a0introduces students to the world of Algebra through expressions and equations. Students will evaluate algebraic expressions, solve linear equations and graph them. This course also steers students through various real-world scenarios with the emphasis on using basic statistics to interpret the information given and found.<\/span><\/span><span class=\"TextRun SCXW40030297 BCX0\" lang=\"EN-US\" xml:lang=\"EN-US\" data-contrast=\"auto\"><span class=\"NormalTextRun SCXW40030297 BCX0\">\u00a0<\/span><\/span><span class=\"TextRun SCXW40030297 BCX0\" lang=\"EN-US\" xml:lang=\"EN-US\" data-contrast=\"auto\"><span class=\"NormalTextRun SCXW40030297 BCX0\">\u00d6\u011frenciler \u00e7evrimi\u00e7i ders materyalleri, videolar ve interaktif aktiviteler arac\u0131l\u0131\u011f\u0131yla \u00f6\u011frenirler. Her \u00fcnitenin sonunda geri bildirimli bir kendi kendine kontrol s\u0131nav\u0131 ile \u00f6\u011frencilerin kavray\u0131\u015flar\u0131 test edilir. Ayr\u0131ca \u00f6\u011frencilerin \u00f6\u011frendiklerini uygulayabilmeleri i\u00e7in bir \u00fcnite s\u0131nav\u0131 ve proje de yer almaktad\u0131r.<\/span><\/span><span class=\"TextRun SCXW40030297 BCX0\" lang=\"EN-US\" xml:lang=\"EN-US\" data-contrast=\"auto\"><span class=\"NormalTextRun SCXW40030297 BCX0\">\u00a0<\/span><\/span><span class=\"TextRun SCXW40030297 BCX0\" lang=\"EN-US\" xml:lang=\"EN-US\" data-contrast=\"auto\"><span class=\"NormalTextRun SCXW40030297 BCX0\">D\u00f6nem boyunca \u00f6\u011fretmen geri bildirimi sa\u011flan\u0131r.<\/span><\/span><span class=\"EOP SCXW40030297 BCX0\" data-ccp-props=\"{&quot;201341983&quot;:1,&quot;335551550&quot;:6,&quot;335551620&quot;:6,&quot;335559740&quot;:280}\">\u00a0<\/span><\/p>","protected":false},"excerpt":{"rendered":"<p><span class=\"TextRun SCXW40030297 BCX0\" lang=\"EN-US\" xml:lang=\"EN-US\" data-contrast=\"auto\"><span class=\"NormalTextRun SCXW40030297 BCX0\">\u00d6\u011frenciler cebirsel ifadeleri de\u011ferlendirecek, do\u011frusal denklemleri \u00e7\u00f6zecek ve grafiklerini \u00e7izeceklerdir.<\/span><\/span><\/p>","protected":false},"featured_media":839,"template":"","meta":[],"_links":{"self":[{"href":"https:\/\/pay.myhudsonglobal.com\/tr\/wp-json\/wp\/v2\/product\/550"}],"collection":[{"href":"https:\/\/pay.myhudsonglobal.com\/tr\/wp-json\/wp\/v2\/product"}],"about":[{"href":"https:\/\/pay.myhudsonglobal.com\/tr\/wp-json\/wp\/v2\/types\/product"}],"wp:featuredmedia":[{"embeddable":true,"href":"https:\/\/pay.myhudsonglobal.com\/tr\/wp-json\/wp\/v2\/media\/839"}],"wp:attachment":[{"href":"https:\/\/pay.myhudsonglobal.com\/tr\/wp-json\/wp\/v2\/media?parent=550"}],"curies":[{"name":"wp","href":"https:\/\/api.w.org\/{rel}","templated":true}]}}