{"id":1239,"date":"2021-01-14T15:05:01","date_gmt":"2021-01-14T15:05:01","guid":{"rendered":"https:\/\/pay.myhudsonglobal.com\/?page_id=1239"},"modified":"2021-01-14T19:07:56","modified_gmt":"2021-01-15T00:07:56","slug":"hudson-global-scholars-payment-portal","status":"publish","type":"page","link":"https:\/\/pay.myhudsonglobal.com\/tr\/","title":{"rendered":"Hudson Global Scholars \u00d6deme Portal\u0131"},"content":{"rendered":"<p><\/p>\n\n\n\n<br><h2 class=\"has-text-align-center e1066-7 x-container\" style=\"padding:50px;\">HGS \u00f6deme portal\u0131na ho\u015f geldiniz.<\/h2>\n<hr style=\"width:60%; border-top: 1px solid rgb(23,48,91); margin:auto !important; padding:25px;\">\n<h3 class=\"has-text-align-center e1066-7 x-container\" style=\"padding: 0px 50px 0px 50px;\">L\u00fctfen size sa\u011flanan ba\u011flant\u0131y\u0131 kullan\u0131n. E\u011fer bir ba\u011flant\u0131n\u0131z yoksa, l\u00fctfen HGS irtibat ki\u015finize ula\u015f\u0131n ve do\u011fru ba\u011flant\u0131 sa\u011flanacakt\u0131r.<\/h3><br><br><br><br><br><br><br>\n\n\n\n<p><\/p>","protected":false},"excerpt":{"rendered":"<p>HGS \u00f6deme portal\u0131na ho\u015f geldiniz. L\u00fctfen size verilen linki kullan\u0131n\u0131z. E\u011fer bir linke sahip de\u011filseniz, l\u00fctfen HGS yetkilinize ula\u015f\u0131n ve do\u011fru link size sa\u011flanacakt\u0131r.<\/p>","protected":false},"author":14,"featured_media":0,"parent":0,"menu_order":0,"comment_status":"closed","ping_status":"closed","template":"template-blank-4.php","meta":[],"_links":{"self":[{"href":"https:\/\/pay.myhudsonglobal.com\/tr\/wp-json\/wp\/v2\/pages\/1239"}],"collection":[{"href":"https:\/\/pay.myhudsonglobal.com\/tr\/wp-json\/wp\/v2\/pages"}],"about":[{"href":"https:\/\/pay.myhudsonglobal.com\/tr\/wp-json\/wp\/v2\/types\/page"}],"author":[{"embeddable":true,"href":"https:\/\/pay.myhudsonglobal.com\/tr\/wp-json\/wp\/v2\/users\/14"}],"replies":[{"embeddable":true,"href":"https:\/\/pay.myhudsonglobal.com\/tr\/wp-json\/wp\/v2\/comments?post=1239"}],"version-history":[{"count":0,"href":"https:\/\/pay.myhudsonglobal.com\/tr\/wp-json\/wp\/v2\/pages\/1239\/revisions"}],"wp:attachment":[{"href":"https:\/\/pay.myhudsonglobal.com\/tr\/wp-json\/wp\/v2\/media?parent=1239"}],"curies":[{"name":"wp","href":"https:\/\/api.w.org\/{rel}","templated":true}]}}