{"id":980,"date":"2020-04-24T18:14:15","date_gmt":"2020-04-24T18:14:15","guid":{"rendered":"https:\/\/hgsenrollprod.wpengine.com\/?post_type=product&#038;p=980"},"modified":"2020-04-24T18:14:49","modified_gmt":"2020-04-24T18:14:49","slug":"social-studies-3-b","status":"publish","type":"product","link":"https:\/\/pay.myhudsonglobal.com\/pt\/product\/estudos-sociais-3-b\/","title":{"rendered":"Estudos Sociais 3 B"},"content":{"rendered":"<p><span class=\"TextRun SCXW34466988 BCX0\" lang=\"EN-US\" xml:lang=\"EN-US\" data-contrast=\"auto\"><span class=\"NormalTextRun SCXW34466988 BCX0\">Neste curso, os alunos ir\u00e3o explorar os fundamentos b\u00e1sicos dos estudos sociais, incluindo geografia, civismo e economia. Os alunos ir\u00e3o analisar o in\u00edcio da civiliza\u00e7\u00e3o, examinando a antiga civiliza\u00e7\u00e3o hebraica, os fen\u00edcios e a tribo Kush da antiga \u00c1frica. Examinar\u00e3o as tribos nativas americanas dos Cherokee, Sioux e Hopi. Os alunos analisar\u00e3o os primeiros exploradores das Am\u00e9ricas e aprender\u00e3o sobre o in\u00edcio dos Estados Unidos. Aprender\u00e3o factores geogr\u00e1ficos importantes nas civiliza\u00e7\u00f5es antigas, nas tribos nativas americanas e no desenvolvimento dos Estados Unidos. Os alunos criam mapas e observam paisagens. Analisar\u00e3o de perto o seu pr\u00f3prio patrim\u00f3nio pessoal, mapeando os seus antepassados. \u00c0 medida que avan\u00e7am, os alunos aprendem sobre economia e o papel que o dinheiro desempenha em todas as civiliza\u00e7\u00f5es. Aprender\u00e3o a diferen\u00e7a entre recursos naturais, humanos e de capital. Examinam a produ\u00e7\u00e3o de bens, o com\u00e9rcio, a especializa\u00e7\u00e3o e a interdepend\u00eancia, e compreendem a import\u00e2ncia que cada indiv\u00edduo desempenha na economia de uma sociedade. Os alunos s\u00e3o apresentados \u00e0 estrutura c\u00edvica e governamental atrav\u00e9s de discuss\u00f5es e hist\u00f3rias dos antigos hebreus, antigos fen\u00edcios e nativos americanos.\u00a0<\/span><\/span><span class=\"EOP SCXW34466988 BCX0\" data-ccp-props=\"{&quot;201341983&quot;:1,&quot;335551550&quot;:6,&quot;335551620&quot;:6,&quot;335559740&quot;:280}\">\u00a0<\/span><\/p>","protected":false},"excerpt":{"rendered":"<p><span class=\"TextRun SCXW34466988 BCX0\" lang=\"EN-US\" xml:lang=\"EN-US\" data-contrast=\"auto\"><span class=\"NormalTextRun SCXW34466988 BCX0\">Os alunos ir\u00e3o debru\u00e7ar-se sobre o in\u00edcio da civiliza\u00e7\u00e3o, examinando a antiga civiliza\u00e7\u00e3o hebraica, os fen\u00edcios e a tribo Kush da antiga \u00c1frica.<\/span><\/span><\/p>","protected":false},"featured_media":840,"template":"","meta":[],"_links":{"self":[{"href":"https:\/\/pay.myhudsonglobal.com\/pt\/wp-json\/wp\/v2\/product\/980"}],"collection":[{"href":"https:\/\/pay.myhudsonglobal.com\/pt\/wp-json\/wp\/v2\/product"}],"about":[{"href":"https:\/\/pay.myhudsonglobal.com\/pt\/wp-json\/wp\/v2\/types\/product"}],"wp:featuredmedia":[{"embeddable":true,"href":"https:\/\/pay.myhudsonglobal.com\/pt\/wp-json\/wp\/v2\/media\/840"}],"wp:attachment":[{"href":"https:\/\/pay.myhudsonglobal.com\/pt\/wp-json\/wp\/v2\/media?parent=980"}],"curies":[{"name":"wp","href":"https:\/\/api.w.org\/{rel}","templated":true}]}}