{"id":929,"date":"2020-04-23T19:25:47","date_gmt":"2020-04-23T19:25:47","guid":{"rendered":"https:\/\/hgsenrollprod.wpengine.com\/?post_type=product&#038;p=929"},"modified":"2020-04-23T19:26:23","modified_gmt":"2020-04-23T19:26:23","slug":"integrated-math-2-b-elective","status":"publish","type":"product","link":"https:\/\/pay.myhudsonglobal.com\/pt\/product\/matematica-integrada-2-b-electiva\/","title":{"rendered":"Matem\u00e1tica Integrada 2 B (Electiva)"},"content":{"rendered":"<p><span data-contrast=\"auto\">Os alunos de Matem\u00e1tica Integrada 2 concentrar-se-\u00e3o em reunir e aplicar a acumula\u00e7\u00e3o de aprendizagem que adquiriram nos seus cursos de matem\u00e1tica anteriores. Aplicar\u00e3o m\u00e9todos de probabilidade e estat\u00edstica; expandir\u00e3o o seu repert\u00f3rio de fun\u00e7\u00f5es para incluir fun\u00e7\u00f5es polinomiais, racionais e radicais; e expandir\u00e3o o seu estudo da trigonometria do tri\u00e2ngulo ret\u00e2ngulo. Para al\u00e9m disso, reunir\u00e3o toda a sua experi\u00eancia com fun\u00e7\u00f5es e geometria para criar modelos e resolver problemas contextuais.<\/span><span data-ccp-props=\"{&quot;201341983&quot;:1,&quot;335551550&quot;:6,&quot;335551620&quot;:6,&quot;335559740&quot;:280}\">\u00a0<\/span><\/p>\n<p><b><span data-contrast=\"auto\">Pr\u00e9-requisito:<\/span><\/b><span data-contrast=\"auto\">\u00a0Matem\u00e1tica Integrada 1<\/span><span data-ccp-props=\"{&quot;201341983&quot;:1,&quot;335551550&quot;:6,&quot;335551620&quot;:6,&quot;335559740&quot;:280}\">\u00a0<\/span><\/p>","protected":false},"excerpt":{"rendered":"<p><span data-contrast=\"auto\">Os alunos aplicar\u00e3o m\u00e9todos de probabilidade e estat\u00edstica; alargar\u00e3o o seu repert\u00f3rio de fun\u00e7\u00f5es para incluir fun\u00e7\u00f5es polinomiais, racionais e radicais; e alargar\u00e3o o seu estudo da trigonometria do tri\u00e2ngulo ret\u00e2ngulo.<\/span><\/p>\n<p><b><span data-contrast=\"auto\">Pr\u00e9-requisito:<\/span><\/b><span data-contrast=\"auto\">\u00a0Matem\u00e1tica Integrada 1, <strong>Eletivo<\/strong><\/span><\/p>","protected":false},"featured_media":839,"template":"","meta":[],"_links":{"self":[{"href":"https:\/\/pay.myhudsonglobal.com\/pt\/wp-json\/wp\/v2\/product\/929"}],"collection":[{"href":"https:\/\/pay.myhudsonglobal.com\/pt\/wp-json\/wp\/v2\/product"}],"about":[{"href":"https:\/\/pay.myhudsonglobal.com\/pt\/wp-json\/wp\/v2\/types\/product"}],"wp:featuredmedia":[{"embeddable":true,"href":"https:\/\/pay.myhudsonglobal.com\/pt\/wp-json\/wp\/v2\/media\/839"}],"wp:attachment":[{"href":"https:\/\/pay.myhudsonglobal.com\/pt\/wp-json\/wp\/v2\/media?parent=929"}],"curies":[{"name":"wp","href":"https:\/\/api.w.org\/{rel}","templated":true}]}}