{"id":916,"date":"2020-04-23T18:10:22","date_gmt":"2020-04-23T18:10:22","guid":{"rendered":"https:\/\/hgsenrollprod.wpengine.com\/?post_type=product&#038;p=916"},"modified":"2020-04-23T18:10:59","modified_gmt":"2020-04-23T18:10:59","slug":"french-ii-b","status":"publish","type":"product","link":"https:\/\/pay.myhudsonglobal.com\/pt\/product\/french-ii-b\/","title":{"rendered":"Franc\u00eas II B"},"content":{"rendered":"<p><span data-contrast=\"auto\">O Franc\u00eas II foi concebido para se concentrar na comunica\u00e7\u00e3o bem sucedida atrav\u00e9s da fala, escrita, leitura e audi\u00e7\u00e3o, e fornece uma base completa em aspectos da cultura. As actividades combinam diferentes formas de comunica\u00e7\u00e3o e cultura para garantir que os alunos cumprem todas as normas. As estrat\u00e9gias do curso incluem actividades de aquecimento, estudo de vocabul\u00e1rio, leitura, debates, apresenta\u00e7\u00f5es multim\u00e9dia, auto-verifica\u00e7\u00f5es, actividades pr\u00e1ticas e jogos, trabalhos orais e escritos, projectos, testes e exames. As actividades de aprendizagem em cada unidade centram-se num tema espec\u00edfico.<\/span><span data-ccp-props=\"{&quot;201341983&quot;:1,&quot;335551550&quot;:6,&quot;335551620&quot;:6,&quot;335559740&quot;:280}\">\u00a0<\/span><\/p>\n<p><b><span data-contrast=\"auto\">Pr\u00e9-requisito<\/span><\/b><span data-contrast=\"auto\">: Franc\u00eas I<\/span><span data-ccp-props=\"{&quot;201341983&quot;:1,&quot;335551550&quot;:6,&quot;335551620&quot;:6,&quot;335559740&quot;:280}\">\u00a0<\/span><\/p>","protected":false},"excerpt":{"rendered":"<p><span data-contrast=\"auto\">O Franc\u00eas II \u00e9 concebido para se concentrar na comunica\u00e7\u00e3o bem sucedida atrav\u00e9s da fala, escrita, leitura e audi\u00e7\u00e3o, e fornece uma base completa em aspectos da cultura.<\/span><\/p>\n<p><b><span data-contrast=\"auto\">Pr\u00e9-requisito<\/span><\/b><span data-contrast=\"auto\">: Franc\u00eas I<\/span><span data-ccp-props=\"{&quot;201341983&quot;:1,&quot;335551550&quot;:6,&quot;335551620&quot;:6,&quot;335559740&quot;:280}\">\u00a0<\/span><\/p>","protected":false},"featured_media":846,"template":"","meta":[],"_links":{"self":[{"href":"https:\/\/pay.myhudsonglobal.com\/pt\/wp-json\/wp\/v2\/product\/916"}],"collection":[{"href":"https:\/\/pay.myhudsonglobal.com\/pt\/wp-json\/wp\/v2\/product"}],"about":[{"href":"https:\/\/pay.myhudsonglobal.com\/pt\/wp-json\/wp\/v2\/types\/product"}],"wp:featuredmedia":[{"embeddable":true,"href":"https:\/\/pay.myhudsonglobal.com\/pt\/wp-json\/wp\/v2\/media\/846"}],"wp:attachment":[{"href":"https:\/\/pay.myhudsonglobal.com\/pt\/wp-json\/wp\/v2\/media?parent=916"}],"curies":[{"name":"wp","href":"https:\/\/api.w.org\/{rel}","templated":true}]}}