{"id":737,"date":"2020-04-13T04:15:04","date_gmt":"2020-04-13T04:15:04","guid":{"rendered":"https:\/\/hgsenrollprod.wpengine.com\/?post_type=product&#038;p=737"},"modified":"2020-04-23T22:05:28","modified_gmt":"2020-04-23T22:05:28","slug":"math-1-a","status":"publish","type":"product","link":"https:\/\/pay.myhudsonglobal.com\/pt\/product\/math-1-a\/","title":{"rendered":"Matem\u00e1tica 1 A"},"content":{"rendered":"<p><span class=\"TextRun SCXW264591765 BCX0\" lang=\"EN-US\" xml:lang=\"EN-US\" data-contrast=\"auto\"><span class=\"NormalTextRun SCXW264591765 BCX0\">Neste curso, os alunos ir\u00e3o desenvolver flu\u00eancia com factos b\u00e1sicos de matem\u00e1tica. Aprender\u00e3o a contar at\u00e9 100, factos b\u00e1sicos de adi\u00e7\u00e3o e subtra\u00e7\u00e3o e como adicionar n\u00fameros de dois d\u00edgitos. Os alunos ser\u00e3o introduzidos a problemas de palavras, diagramas de Venn e conceitos geom\u00e9tricos b\u00e1sicos. O curso enfatiza habilidades pr\u00e1ticas, como ler term\u00f3metros, olhar para mapas e entender o valor das moedas. \u00c0 medida que avan\u00e7am, os alunos come\u00e7am a contar de dois em dois, de cinco em cinco e de dez em dez. Aprendem a adi\u00e7\u00e3o e a subtra\u00e7\u00e3o verticais. As aulas introduzem a multiplica\u00e7\u00e3o e a divis\u00e3o. Os alunos estudar\u00e3o os n\u00fameros pares e \u00edmpares e continuar\u00e3o a explorar as formas geom\u00e9tricas atrav\u00e9s do desenho e da classifica\u00e7\u00e3o.<\/span><\/span><\/p>","protected":false},"excerpt":{"rendered":"<p><span class=\"TextRun SCXW264591765 BCX0\" lang=\"EN-US\" xml:lang=\"EN-US\" data-contrast=\"auto\"><span class=\"NormalTextRun SCXW264591765 BCX0\">Os alunos aprender\u00e3o a contar at\u00e9 100, factos b\u00e1sicos de adi\u00e7\u00e3o e subtra\u00e7\u00e3o e como adicionar n\u00fameros de dois d\u00edgitos.<\/span><\/span><\/p>","protected":false},"featured_media":839,"template":"","meta":[],"_links":{"self":[{"href":"https:\/\/pay.myhudsonglobal.com\/pt\/wp-json\/wp\/v2\/product\/737"}],"collection":[{"href":"https:\/\/pay.myhudsonglobal.com\/pt\/wp-json\/wp\/v2\/product"}],"about":[{"href":"https:\/\/pay.myhudsonglobal.com\/pt\/wp-json\/wp\/v2\/types\/product"}],"wp:featuredmedia":[{"embeddable":true,"href":"https:\/\/pay.myhudsonglobal.com\/pt\/wp-json\/wp\/v2\/media\/839"}],"wp:attachment":[{"href":"https:\/\/pay.myhudsonglobal.com\/pt\/wp-json\/wp\/v2\/media?parent=737"}],"curies":[{"name":"wp","href":"https:\/\/api.w.org\/{rel}","templated":true}]}}