{"id":732,"date":"2020-04-13T04:10:07","date_gmt":"2020-04-13T04:10:07","guid":{"rendered":"https:\/\/hgsenrollprod.wpengine.com\/?post_type=product&#038;p=732"},"modified":"2020-04-23T21:59:33","modified_gmt":"2020-04-23T21:59:33","slug":"language-arts-2-b-2","status":"publish","type":"product","link":"https:\/\/pay.myhudsonglobal.com\/pt\/product\/language-arts-2-b-2\/","title":{"rendered":"Artes da Linguagem 2 B"},"content":{"rendered":"<p><span class=\"TextRun SCXW938214 BCX0\" lang=\"EN-US\" xml:lang=\"EN-US\" data-contrast=\"auto\"><span class=\"NormalTextRun SCXW938214 BCX0\">Este curso ensina os alunos a soletrar e a escrever vocabul\u00e1rio, a ler mais fluentemente, a aplicar conceitos gramaticais e a participar em actividades de caligrafia e escrita atrav\u00e9s de unidades tem\u00e1ticas. Os alunos continuar\u00e3o a dominar palavras de vis\u00e3o semanais e estrat\u00e9gias de leitura e compreens\u00e3o para crescer como leitores. Todas as normas do Common Core 2 LA s\u00e3o cumpridas neste curso.<\/span><\/span><\/p>","protected":false},"excerpt":{"rendered":"<p><span class=\"TextRun SCXW938214 BCX0\" lang=\"EN-US\" xml:lang=\"EN-US\" data-contrast=\"auto\"><span class=\"NormalTextRun SCXW938214 BCX0\">Este curso ensina os alunos a soletrar e escrever vocabul\u00e1rio, ler mais fluentemente, aplicar conceitos gramaticais e participar em actividades de caligrafia e escrita atrav\u00e9s de unidades tem\u00e1ticas.<\/span><\/span><\/p>","protected":false},"featured_media":848,"template":"","meta":[],"_links":{"self":[{"href":"https:\/\/pay.myhudsonglobal.com\/pt\/wp-json\/wp\/v2\/product\/732"}],"collection":[{"href":"https:\/\/pay.myhudsonglobal.com\/pt\/wp-json\/wp\/v2\/product"}],"about":[{"href":"https:\/\/pay.myhudsonglobal.com\/pt\/wp-json\/wp\/v2\/types\/product"}],"wp:featuredmedia":[{"embeddable":true,"href":"https:\/\/pay.myhudsonglobal.com\/pt\/wp-json\/wp\/v2\/media\/848"}],"wp:attachment":[{"href":"https:\/\/pay.myhudsonglobal.com\/pt\/wp-json\/wp\/v2\/media?parent=732"}],"curies":[{"name":"wp","href":"https:\/\/api.w.org\/{rel}","templated":true}]}}