{"id":703,"date":"2020-04-13T03:15:57","date_gmt":"2020-04-13T03:15:57","guid":{"rendered":"https:\/\/hgsenrollprod.wpengine.com\/?post_type=product&#038;p=703"},"modified":"2020-04-23T21:40:56","modified_gmt":"2020-04-23T21:40:56","slug":"mathematics-8-pre-algebra-a","status":"publish","type":"product","link":"https:\/\/pay.myhudsonglobal.com\/pt\/product\/matematica-8-pre-algebra-a\/","title":{"rendered":"Matem\u00e1tica 8: Pr\u00e9-\u00e1lgebra A"},"content":{"rendered":"<p><span class=\"TextRun SCXW117208414 BCX0\" lang=\"EN-US\" xml:lang=\"EN-US\" data-contrast=\"auto\"><span class=\"NormalTextRun SCXW117208414 BCX0\">Este curso ajudar\u00e1 os alunos a passar do mundo da matem\u00e1tica simples para o mundo da \u00c1lgebra e da Geometria, aprendendo a resolver problemas do mundo real. Os alunos ser\u00e3o introduzidos a conceitos cada vez mais abstractos e receber\u00e3o uma compreens\u00e3o concreta das bases do pensamento alg\u00e9brico. Com numerosas actividades pr\u00e1ticas e v\u00eddeos de demonstra\u00e7\u00e3o, os alunos ter\u00e3o m\u00faltiplas oportunidades de melhorar as suas capacidades de resolu\u00e7\u00e3o de processos.<\/span><\/span><span class=\"EOP SCXW117208414 BCX0\" data-ccp-props=\"{&quot;201341983&quot;:1,&quot;335551550&quot;:6,&quot;335551620&quot;:6,&quot;335559740&quot;:280}\">\u00a0<\/span><\/p>","protected":false},"excerpt":{"rendered":"<p><span class=\"TextRun SCXW117208414 BCX0\" lang=\"EN-US\" xml:lang=\"EN-US\" data-contrast=\"auto\"><span class=\"NormalTextRun SCXW117208414 BCX0\">Os alunos ser\u00e3o introduzidos a conceitos cada vez mais abstractos e receber\u00e3o uma compreens\u00e3o concreta das bases do pensamento alg\u00e9brico.<\/span><\/span><\/p>","protected":false},"featured_media":839,"template":"","meta":[],"_links":{"self":[{"href":"https:\/\/pay.myhudsonglobal.com\/pt\/wp-json\/wp\/v2\/product\/703"}],"collection":[{"href":"https:\/\/pay.myhudsonglobal.com\/pt\/wp-json\/wp\/v2\/product"}],"about":[{"href":"https:\/\/pay.myhudsonglobal.com\/pt\/wp-json\/wp\/v2\/types\/product"}],"wp:featuredmedia":[{"embeddable":true,"href":"https:\/\/pay.myhudsonglobal.com\/pt\/wp-json\/wp\/v2\/media\/839"}],"wp:attachment":[{"href":"https:\/\/pay.myhudsonglobal.com\/pt\/wp-json\/wp\/v2\/media?parent=703"}],"curies":[{"name":"wp","href":"https:\/\/api.w.org\/{rel}","templated":true}]}}