{"id":685,"date":"2020-04-12T07:19:38","date_gmt":"2020-04-12T07:19:38","guid":{"rendered":"https:\/\/hgsenrollprod.wpengine.com\/?post_type=product&#038;p=685"},"modified":"2020-04-23T21:20:22","modified_gmt":"2020-04-23T21:20:22","slug":"wearable-and-implantable-technologies","status":"publish","type":"product","link":"https:\/\/pay.myhudsonglobal.com\/pt\/product\/tecnologias-vestiveis-e-implantaveis\/","title":{"rendered":"Tecnologias vest\u00edveis e implant\u00e1veis"},"content":{"rendered":"<p><span class=\"TextRun SCXW160755094 BCX0\" lang=\"EN-US\" xml:lang=\"EN-US\" data-contrast=\"auto\"><span class=\"NormalTextRun SCXW160755094 BCX0\">Este curso apresentar\u00e1 aos alunos as tecnologias vest\u00edveis (rel\u00f3gios inteligentes, ped\u00f3metros, aparelhos auditivos e outros dispositivos) juntamente com os componentes e o software que tornam estas tecnologias poss\u00edveis (a miniaturiza\u00e7\u00e3o cont\u00ednua de chips e sensores e a sofistica\u00e7\u00e3o crescente da intelig\u00eancia artificial).  Os alunos avaliar\u00e3o v\u00e1rias aplica\u00e7\u00f5es de tecnologias vest\u00edveis em v\u00e1rios sectores e discutir\u00e3o os pr\u00f3s, os contras e as potenciais implica\u00e7\u00f5es da tecnologia vest\u00edvel para a nossa sa\u00fade, privacidade e sociedade.<\/span><\/span><span class=\"EOP SCXW160755094 BCX0\" data-ccp-props=\"{&quot;201341983&quot;:1,&quot;335551550&quot;:6,&quot;335551620&quot;:6,&quot;335559740&quot;:280}\">\u00a0<\/span><\/p>","protected":false},"excerpt":{"rendered":"<p><span class=\"TextRun SCXW160755094 BCX0\" lang=\"EN-US\" xml:lang=\"EN-US\" data-contrast=\"auto\"><span class=\"NormalTextRun SCXW160755094 BCX0\">Os alunos avaliar\u00e3o v\u00e1rias aplica\u00e7\u00f5es de tecnologias vest\u00edveis em v\u00e1rios sectores e discutir\u00e3o os pr\u00f3s, os contras e as potenciais implica\u00e7\u00f5es da tecnologia vest\u00edvel para a nossa sa\u00fade, privacidade e sociedade.<\/span><\/span><span class=\"EOP SCXW160755094 BCX0\" data-ccp-props=\"{&quot;201341983&quot;:1,&quot;335551550&quot;:6,&quot;335551620&quot;:6,&quot;335559740&quot;:280}\">\u00a0<\/span><\/p>","protected":false},"featured_media":842,"template":"","meta":[],"_links":{"self":[{"href":"https:\/\/pay.myhudsonglobal.com\/pt\/wp-json\/wp\/v2\/product\/685"}],"collection":[{"href":"https:\/\/pay.myhudsonglobal.com\/pt\/wp-json\/wp\/v2\/product"}],"about":[{"href":"https:\/\/pay.myhudsonglobal.com\/pt\/wp-json\/wp\/v2\/types\/product"}],"wp:featuredmedia":[{"embeddable":true,"href":"https:\/\/pay.myhudsonglobal.com\/pt\/wp-json\/wp\/v2\/media\/842"}],"wp:attachment":[{"href":"https:\/\/pay.myhudsonglobal.com\/pt\/wp-json\/wp\/v2\/media?parent=685"}],"curies":[{"name":"wp","href":"https:\/\/api.w.org\/{rel}","templated":true}]}}