{"id":578,"date":"2020-04-10T23:42:35","date_gmt":"2020-04-10T23:42:35","guid":{"rendered":"https:\/\/hgsenrollprod.wpengine.com\/?post_type=product&#038;p=578"},"modified":"2020-04-23T20:34:07","modified_gmt":"2020-04-23T20:34:07","slug":"honors-geometry-b","status":"publish","type":"product","link":"https:\/\/pay.myhudsonglobal.com\/pt\/product\/geometria-de-honra-b\/","title":{"rendered":"Geometria de Honra B"},"content":{"rendered":"<p>Semestre B - baseia-se nos fundamentos dos primeiros termos da Geometria.  Tal como nos cursos anteriores, o racioc\u00ednio dedutivo e indutivo \u00e9 enfatizado, enquanto se aplicam t\u00e9cnicas de resolu\u00e7\u00e3o de problemas a problemas do mundo real. Os alunos exploram quadril\u00e1teros e c\u00edrculos e aprendem como um objeto \u00e9 transformado, bem como a representar essa transforma\u00e7\u00e3o alg\u00e9brica e geometricamente. Os alunos calculam a \u00e1rea e o volume de objectos bidimensionais e tridimensionais. A Geometria B \u00e9 composta por seis m\u00f3dulos. Cada m\u00f3dulo \u00e9 composto por dez aulas, num total de 60 aulas. Os alunos de n\u00edvel superior devem realizar v\u00e1rias tarefas em cada m\u00f3dulo que demonstrem o seu conhecimento das aplica\u00e7\u00f5es da geometria.<\/p>","protected":false},"excerpt":{"rendered":"<p>Os alunos exploram quadril\u00e1teros e c\u00edrculos e aprendem como um objeto \u00e9 transformado e como representar essa transforma\u00e7\u00e3o alg\u00e9brica e geometricamente.<\/p>","protected":false},"featured_media":839,"template":"","meta":[],"_links":{"self":[{"href":"https:\/\/pay.myhudsonglobal.com\/pt\/wp-json\/wp\/v2\/product\/578"}],"collection":[{"href":"https:\/\/pay.myhudsonglobal.com\/pt\/wp-json\/wp\/v2\/product"}],"about":[{"href":"https:\/\/pay.myhudsonglobal.com\/pt\/wp-json\/wp\/v2\/types\/product"}],"wp:featuredmedia":[{"embeddable":true,"href":"https:\/\/pay.myhudsonglobal.com\/pt\/wp-json\/wp\/v2\/media\/839"}],"wp:attachment":[{"href":"https:\/\/pay.myhudsonglobal.com\/pt\/wp-json\/wp\/v2\/media?parent=578"}],"curies":[{"name":"wp","href":"https:\/\/api.w.org\/{rel}","templated":true}]}}