{"id":577,"date":"2020-04-10T23:37:32","date_gmt":"2020-04-10T23:37:32","guid":{"rendered":"https:\/\/hgsenrollprod.wpengine.com\/?post_type=product&#038;p=577"},"modified":"2020-04-23T20:33:56","modified_gmt":"2020-04-23T20:33:56","slug":"honors-geometry-a","status":"publish","type":"product","link":"https:\/\/pay.myhudsonglobal.com\/pt\/product\/geometria-de-honra-a\/","title":{"rendered":"Geometria de Honra A"},"content":{"rendered":"<p>Semestre A - \u00e9 o estudo da medi\u00e7\u00e3o do mundo, com um foco na aplica\u00e7\u00e3o de conceitos geom\u00e9tricos. O que torna a Geometria t\u00e3o cativante \u00e9 a rela\u00e7\u00e3o das figuras e das medidas entre si, e como estas rela\u00e7\u00f5es podem prever resultados no mundo que nos rodeia. Atrav\u00e9s de aplica\u00e7\u00f5es no mundo real, o aluno de honra v\u00ea como o racioc\u00ednio geom\u00e9trico fornece uma vis\u00e3o da vida quotidiana. O curso come\u00e7a com as ferramentas necess\u00e1rias em Geometria. A partir destas bases, o aluno explora a medida de segmentos de reta, \u00e2ngulos e figuras bidimensionais. Os alunos aprender\u00e3o sobre semelhan\u00e7a, tri\u00e2ngulos e raz\u00f5es trigonom\u00e9tricas. A Geometria A \u00e9 composta por seis m\u00f3dulos. Cada m\u00f3dulo \u00e9 composto por dez aulas, num total de 60 aulas. Os alunos do curso de honra devem efetuar v\u00e1rias tarefas em cada m\u00f3dulo que demonstrem o seu conhecimento das aplica\u00e7\u00f5es da geometria.<\/p>","protected":false},"excerpt":{"rendered":"<p>Os alunos aprender\u00e3o sobre semelhan\u00e7a, tri\u00e2ngulos e raz\u00f5es trigonom\u00e9tricas.<\/p>","protected":false},"featured_media":839,"template":"","meta":[],"_links":{"self":[{"href":"https:\/\/pay.myhudsonglobal.com\/pt\/wp-json\/wp\/v2\/product\/577"}],"collection":[{"href":"https:\/\/pay.myhudsonglobal.com\/pt\/wp-json\/wp\/v2\/product"}],"about":[{"href":"https:\/\/pay.myhudsonglobal.com\/pt\/wp-json\/wp\/v2\/types\/product"}],"wp:featuredmedia":[{"embeddable":true,"href":"https:\/\/pay.myhudsonglobal.com\/pt\/wp-json\/wp\/v2\/media\/839"}],"wp:attachment":[{"href":"https:\/\/pay.myhudsonglobal.com\/pt\/wp-json\/wp\/v2\/media?parent=577"}],"curies":[{"name":"wp","href":"https:\/\/api.w.org\/{rel}","templated":true}]}}