{"id":569,"date":"2020-04-10T23:13:17","date_gmt":"2020-04-10T23:13:17","guid":{"rendered":"https:\/\/hgsenrollprod.wpengine.com\/?post_type=product&#038;p=569"},"modified":"2020-05-08T20:41:23","modified_gmt":"2020-05-08T20:41:23","slug":"honors-language-arts-11-a","status":"publish","type":"product","link":"https:\/\/pay.myhudsonglobal.com\/pt\/product\/honors-language-arts-11-a\/","title":{"rendered":"Honors Language Arts 11 A"},"content":{"rendered":"<p><span class=\"TextRun SCXW222992370 BCX0\" lang=\"EN-US\" xml:lang=\"EN-US\" data-contrast=\"auto\"><span class=\"NormalTextRun SCXW222992370 BCX0\" data-wac-het=\"1\">Semestre A<\/span><\/span><span class=\"TextRun SCXW222992370 BCX0\" lang=\"EN-US\" xml:lang=\"EN-US\" data-contrast=\"auto\"><span class=\"NormalTextRun SCXW222992370 BCX0\" data-wac-het=\"1\"> &#8211; <\/span><\/span>Honors English 11 is an American Literature course, with units organized chronologically according to periods in literary history. As students read foundational works of literature and other historical documents written between 1600 and 1900, they\u2019ll review and extend skills in five domains: analyzing literature, analyzing informational text, writing, speaking and listening, and language study, which includes word knowledge and grammar skills. Each module or unit begins with a lesson that provides historical context for the era and introduces themes that emerged in the literature of that era. Each lesson provides students with an opportunity to review basic analyis skills before applying those skills to works of literature or key historical documents. Lessons focused on more difficult historical documents include activities that help students comprehend the complex ideas in these works. The Honors level of the course provides additional challenging assignments aimed at preparing college-bound students for advanced work in the study of literature and language arts.<\/p>\n<p>Os modos de escrita abordados no Semestre A deste curso incluem os modos narrativo, reflexivo, persuasivo e anal\u00edtico. As tarefas enfatizam o uso de detalhes, evid\u00eancias e racioc\u00ednio para apoiar ideias; as aulas de escrita incluem ensaios modelo que demonstram as principais carater\u00edsticas de cada modo. As aulas de oralidade e audi\u00e7\u00e3o no Semestre A abrangem a ret\u00f3rica, a revis\u00e3o por pares ou o processo de oficina de escrita e as compet\u00eancias de desempenho. O ensino do desenvolvimento do vocabul\u00e1rio \u00e9 integrado nas aulas de literatura e de textos informativos. Cada unidade termina com uma avalia\u00e7\u00e3o aut\u00eantica que apresenta aos alunos um cen\u00e1rio do mundo real que requer algumas das compet\u00eancias que aprenderam na unidade.<\/p>\n<p><span style=\"text-decoration: underline;\"><b>Necess\u00e1rio\u00a0<\/b><b>Materiais<\/b><\/span><\/p>\n<p><span data-contrast=\"auto\">Romance obrigat\u00f3rio:<\/span><\/p>\n<ul>\n<li data-leveltext=\"o\" data-font=\"Courier New\" data-listid=\"21\" aria-setsize=\"-1\" data-aria-posinset=\"1\" data-aria-level=\"2\"><i><span data-contrast=\"auto\">A Letra Escarlate<\/span><\/i><span data-contrast=\"auto\">\u00a0por\u00a0<\/span><span data-contrast=\"auto\">Nathaniel Hawthorne<\/span><span data-contrast=\"auto\">\u00a0-\u00a0<\/span><a href=\"https:\/\/www.gutenberg.org\/ebooks\/25344\"><span data-contrast=\"none\">Projeto Gutenberg<\/span><\/a><span data-ccp-props=\"{&quot;134233279&quot;:true,&quot;201341983&quot;:1,&quot;335551550&quot;:1,&quot;335551620&quot;:1,&quot;335559740&quot;:280}\">\u00a0<\/span><\/li>\n<\/ul>\n<p><span data-contrast=\"auto\">Romances opcionais :<\/span><span data-ccp-props=\"{&quot;134233279&quot;:true,&quot;201341983&quot;:1,&quot;335551550&quot;:1,&quot;335551620&quot;:1,&quot;335559740&quot;:280}\">\u00a0<\/span><\/p>\n<ul>\n<li data-leveltext=\"o\" data-font=\"Courier New\" data-listid=\"21\" aria-setsize=\"-1\" data-aria-posinset=\"1\" data-aria-level=\"2\"><i><span data-contrast=\"auto\">Morte de um vendedor<\/span><\/i><span data-contrast=\"auto\">\u00a0<\/span><span data-contrast=\"auto\">por<\/span><span data-contrast=\"auto\">\u00a0Authur Miller: ISBN-10: 9780140481341; ISBN-13: 978-0140481341<\/span><span data-ccp-props=\"{&quot;134233279&quot;:true,&quot;201341983&quot;:1,&quot;335551550&quot;:1,&quot;335551620&quot;:1,&quot;335559740&quot;:280}\">\u00a0<\/span><\/li>\n<li data-leveltext=\"o\" data-font=\"Courier New\" data-listid=\"21\" aria-setsize=\"-1\" data-aria-posinset=\"2\" data-aria-level=\"2\"><i><span data-contrast=\"auto\">Um Adeus \u00e0s Armas<\/span><\/i><span data-contrast=\"auto\">\u00a0<\/span><span data-contrast=\"auto\">por<\/span><span data-contrast=\"auto\">\u00a0<\/span><span data-contrast=\"auto\">Ernest Hemingway: ISBN-10: 1476764522; ISBN-13: 978-1476764528<\/span><span data-ccp-props=\"{&quot;134233279&quot;:true,&quot;201341983&quot;:1,&quot;335551550&quot;:1,&quot;335551620&quot;:1,&quot;335559740&quot;:280}\">\u00a0<\/span><\/li>\n<li data-leveltext=\"o\" data-font=\"Courier New\" data-listid=\"21\" aria-setsize=\"-1\" data-aria-posinset=\"3\" data-aria-level=\"2\"><i><span data-contrast=\"auto\">A minha Ant\u00f3nia<\/span><\/i><span data-contrast=\"auto\">\u00a0<\/span><span data-contrast=\"auto\">por Willa Cather<\/span><span data-contrast=\"auto\">\u00a0-<\/span><a href=\"https:\/\/www.gutenberg.org\/ebooks\/242\"><span data-contrast=\"none\">\u00a0Projeto Gutenberg<\/span><\/a><span data-ccp-props=\"{&quot;134233279&quot;:true,&quot;201341983&quot;:1,&quot;335551550&quot;:1,&quot;335551620&quot;:1,&quot;335559740&quot;:280}\">\u00a0<\/span><\/li>\n<li data-leveltext=\"o\" data-font=\"Courier New\" data-listid=\"21\" aria-setsize=\"-1\" data-aria-posinset=\"4\" data-aria-level=\"2\"><i><span data-contrast=\"auto\">Uma li\u00e7\u00e3o antes de morrer<\/span><\/i><span data-contrast=\"auto\">\u00a0<\/span><span data-contrast=\"auto\">por<\/span><span data-contrast=\"auto\">\u00a0Ernest Gaines: ISBN-10: 9780375702709; ISBN-13: 978-0375702709<\/span><span data-ccp-props=\"{&quot;134233279&quot;:true,&quot;201341983&quot;:1,&quot;335551550&quot;:1,&quot;335551620&quot;:1,&quot;335559740&quot;:280}\">\u00a0<\/span><\/li>\n<li data-leveltext=\"o\" data-font=\"Courier New\" data-listid=\"21\" aria-setsize=\"-1\" data-aria-posinset=\"4\" data-aria-level=\"2\"><i><span data-contrast=\"auto\">Rapaz negro<\/span><\/i><span data-contrast=\"auto\">\u00a0<\/span><span data-contrast=\"auto\">por<\/span><span data-contrast=\"auto\">\u00a0Richard Wright: ISBN-10: 0061130249; ISBN-13: 978-0061130243<\/span><span data-ccp-props=\"{&quot;134233279&quot;:true,&quot;201341983&quot;:1,&quot;335551550&quot;:1,&quot;335551620&quot;:1,&quot;335559740&quot;:280}\">\u00a0<\/span><\/li>\n<li data-leveltext=\"o\" data-font=\"Courier New\" data-listid=\"21\" aria-setsize=\"-1\" data-aria-posinset=\"4\" data-aria-level=\"2\"><i><span data-contrast=\"auto\">Aventuras de Huckleberry Finn<\/span><\/i><span data-contrast=\"auto\">\u00a0por Mark Twain -<\/span><a href=\"https:\/\/www.gutenberg.org\/ebooks\/76\"><span data-contrast=\"none\">\u00a0Projeto Gutenberg<\/span><\/a><span data-contrast=\"auto\">\u00a0<\/span><span data-ccp-props=\"{&quot;134233279&quot;:true,&quot;201341983&quot;:1,&quot;335551550&quot;:1,&quot;335551620&quot;:1,&quot;335559740&quot;:280}\">\u00a0<\/span><\/li>\n<\/ul>\n<p><span data-ccp-props=\"{&quot;201341983&quot;:1,&quot;335551550&quot;:6,&quot;335551620&quot;:6,&quot;335559740&quot;:280}\">\u00a0<\/span><\/p>","protected":false},"excerpt":{"rendered":"<p><span class=\"TextRun SCXW222992370 BCX0\" lang=\"EN-US\" xml:lang=\"EN-US\" data-contrast=\"auto\"><span class=\"NormalTextRun SCXW222992370 BCX0\" data-wac-het=\"1\">Ingl\u00eas para o 11\u00ba ano \u00e9 um curso de Literatura Americana, com unidades organizadas cronologicamente de acordo com os per\u00edodos da hist\u00f3ria liter\u00e1ria. <\/span><\/span><\/p>","protected":false},"featured_media":848,"template":"","meta":[],"_links":{"self":[{"href":"https:\/\/pay.myhudsonglobal.com\/pt\/wp-json\/wp\/v2\/product\/569"}],"collection":[{"href":"https:\/\/pay.myhudsonglobal.com\/pt\/wp-json\/wp\/v2\/product"}],"about":[{"href":"https:\/\/pay.myhudsonglobal.com\/pt\/wp-json\/wp\/v2\/types\/product"}],"wp:featuredmedia":[{"embeddable":true,"href":"https:\/\/pay.myhudsonglobal.com\/pt\/wp-json\/wp\/v2\/media\/848"}],"wp:attachment":[{"href":"https:\/\/pay.myhudsonglobal.com\/pt\/wp-json\/wp\/v2\/media?parent=569"}],"curies":[{"name":"wp","href":"https:\/\/api.w.org\/{rel}","templated":true}]}}