{"id":563,"date":"2020-04-10T23:16:06","date_gmt":"2020-04-10T23:16:06","guid":{"rendered":"https:\/\/hgsenrollprod.wpengine.com\/?post_type=product&#038;p=563"},"modified":"2020-04-23T20:33:18","modified_gmt":"2020-04-23T20:33:18","slug":"honors-algebra-i-b","status":"publish","type":"product","link":"https:\/\/pay.myhudsonglobal.com\/pt\/product\/honors-algebra-i-b\/","title":{"rendered":"\u00c1lgebra I B com distin\u00e7\u00e3o"},"content":{"rendered":"<p>Semester B \u2013 builds on the concepts learned in the first semester by providing a strong foundation in solving problems.\u00a0 Students will work with problems and applications that involve exponents, quadratic equations, polynomials and factoring methods, rational and radical equations, data analysis and probability.<\/p>\n<p>Students will interact with course materials through online lessons, videos, interactive questions and real-world applications.<\/p>\n<p>Each unit ends with a self-check quiz to confirm knowledge of the concepts learned.\u00a0 There is also a unit exam and project. Teacher feedback is given throughout the course.<\/p>","protected":false},"excerpt":{"rendered":"<p>Students will work with problems and applications that involve exponents, quadratic equations, polynomials and factoring methods, rational and radical equations, data analysis and probability.<\/p>","protected":false},"featured_media":839,"template":"","meta":[],"_links":{"self":[{"href":"https:\/\/pay.myhudsonglobal.com\/pt\/wp-json\/wp\/v2\/product\/563"}],"collection":[{"href":"https:\/\/pay.myhudsonglobal.com\/pt\/wp-json\/wp\/v2\/product"}],"about":[{"href":"https:\/\/pay.myhudsonglobal.com\/pt\/wp-json\/wp\/v2\/types\/product"}],"wp:featuredmedia":[{"embeddable":true,"href":"https:\/\/pay.myhudsonglobal.com\/pt\/wp-json\/wp\/v2\/media\/839"}],"wp:attachment":[{"href":"https:\/\/pay.myhudsonglobal.com\/pt\/wp-json\/wp\/v2\/media?parent=563"}],"curies":[{"name":"wp","href":"https:\/\/api.w.org\/{rel}","templated":true}]}}