{"id":550,"date":"2020-04-10T22:47:39","date_gmt":"2020-04-10T22:47:39","guid":{"rendered":"https:\/\/hgsenrollprod.wpengine.com\/?post_type=product&#038;p=550"},"modified":"2020-04-23T20:31:37","modified_gmt":"2020-04-23T20:31:37","slug":"algebra-i-a","status":"publish","type":"product","link":"https:\/\/pay.myhudsonglobal.com\/pt\/product\/algebra-i-a\/","title":{"rendered":"\u00c1lgebra I A"},"content":{"rendered":"<p><span class=\"TextRun SCXW40030297 BCX0\" lang=\"EN-US\" xml:lang=\"EN-US\" data-contrast=\"auto\"><span class=\"NormalTextRun SCXW40030297 BCX0\">S<\/span><\/span><span class=\"TextRun SCXW40030297 BCX0\" lang=\"EN-US\" xml:lang=\"EN-US\" data-contrast=\"auto\"><span class=\"NormalTextRun SCXW40030297 BCX0\">emester A<\/span><\/span><span class=\"TextRun SCXW40030297 BCX0\" lang=\"EN-US\" xml:lang=\"EN-US\" data-contrast=\"auto\"><span class=\"NormalTextRun SCXW40030297 BCX0\">\u00a0&#8211;<\/span><\/span><span class=\"TextRun SCXW40030297 BCX0\" lang=\"EN-US\" xml:lang=\"EN-US\" data-contrast=\"auto\"><span class=\"NormalTextRun SCXW40030297 BCX0\">\u00a0introduces students to the world of Algebra through expressions and equations. Students will evaluate algebraic expressions, solve linear equations and graph them. This course also steers students through various real-world scenarios with the emphasis on using basic statistics to interpret the information given and found.<\/span><\/span><span class=\"TextRun SCXW40030297 BCX0\" lang=\"EN-US\" xml:lang=\"EN-US\" data-contrast=\"auto\"><span class=\"NormalTextRun SCXW40030297 BCX0\">\u00a0<\/span><\/span><span class=\"TextRun SCXW40030297 BCX0\" lang=\"EN-US\" xml:lang=\"EN-US\" data-contrast=\"auto\"><span class=\"NormalTextRun SCXW40030297 BCX0\">Os alunos aprendem atrav\u00e9s de materiais de aula em linha, v\u00eddeos e actividades interactivas. O final de cada unidade testa a compreens\u00e3o dos alunos com um question\u00e1rio de auto-verifica\u00e7\u00e3o com feedback. Inclui tamb\u00e9m um exame da unidade e um projeto para os alunos aplicarem o que aprenderam.<\/span><\/span><span class=\"TextRun SCXW40030297 BCX0\" lang=\"EN-US\" xml:lang=\"EN-US\" data-contrast=\"auto\"><span class=\"NormalTextRun SCXW40030297 BCX0\">\u00a0<\/span><\/span><span class=\"TextRun SCXW40030297 BCX0\" lang=\"EN-US\" xml:lang=\"EN-US\" data-contrast=\"auto\"><span class=\"NormalTextRun SCXW40030297 BCX0\">O feedback do professor \u00e9 fornecido ao longo do semestre.<\/span><\/span><span class=\"EOP SCXW40030297 BCX0\" data-ccp-props=\"{&quot;201341983&quot;:1,&quot;335551550&quot;:6,&quot;335551620&quot;:6,&quot;335559740&quot;:280}\">\u00a0<\/span><\/p>","protected":false},"excerpt":{"rendered":"<p><span class=\"TextRun SCXW40030297 BCX0\" lang=\"EN-US\" xml:lang=\"EN-US\" data-contrast=\"auto\"><span class=\"NormalTextRun SCXW40030297 BCX0\">Os alunos avaliar\u00e3o express\u00f5es alg\u00e9bricas, resolver\u00e3o equa\u00e7\u00f5es lineares e represent\u00e1-las-\u00e3o graficamente.<\/span><\/span><\/p>","protected":false},"featured_media":839,"template":"","meta":[],"_links":{"self":[{"href":"https:\/\/pay.myhudsonglobal.com\/pt\/wp-json\/wp\/v2\/product\/550"}],"collection":[{"href":"https:\/\/pay.myhudsonglobal.com\/pt\/wp-json\/wp\/v2\/product"}],"about":[{"href":"https:\/\/pay.myhudsonglobal.com\/pt\/wp-json\/wp\/v2\/types\/product"}],"wp:featuredmedia":[{"embeddable":true,"href":"https:\/\/pay.myhudsonglobal.com\/pt\/wp-json\/wp\/v2\/media\/839"}],"wp:attachment":[{"href":"https:\/\/pay.myhudsonglobal.com\/pt\/wp-json\/wp\/v2\/media?parent=550"}],"curies":[{"name":"wp","href":"https:\/\/api.w.org\/{rel}","templated":true}]}}