{"id":1083,"date":"2020-05-08T13:23:49","date_gmt":"2020-05-08T13:23:49","guid":{"rendered":"https:\/\/pay.myhudsonglobal.com\/?post_type=product&#038;p=1083"},"modified":"2022-10-03T17:07:39","modified_gmt":"2022-10-03T21:07:39","slug":"computer-basics","status":"publish","type":"product","link":"https:\/\/pay.myhudsonglobal.com\/pt\/product\/nocoes-basicas-de-informatica\/","title":{"rendered":"No\u00e7\u00f5es b\u00e1sicas de inform\u00e1tica"},"content":{"rendered":"<p><span class=\"TextRun SCXW81924764 BCX0\" lang=\"EN-US\" xml:lang=\"EN-US\" data-contrast=\"auto\"><span class=\"NormalTextRun SCXW81924764 BCX0\">Neste curso, os alunos aprender\u00e3o a utilizar ferramentas de produtividade e colabora\u00e7\u00e3o, como o G Suite da Google Cloud, para criar documentos de processamento de texto, folhas de c\u00e1lculo, inqu\u00e9ritos e formul\u00e1rios, como or\u00e7amentos pessoais e convites.<\/span><\/span><span class=\"EOP SCXW81924764 BCX0\" data-ccp-props=\"{&quot;201341983&quot;:1,&quot;335551550&quot;:6,&quot;335551620&quot;:6,&quot;335559740&quot;:280}\">\u00a0<\/span><\/p>","protected":false},"excerpt":{"rendered":"<p><span class=\"TextRun SCXW81924764 BCX0\" lang=\"EN-US\" xml:lang=\"EN-US\" data-contrast=\"auto\"><span class=\"NormalTextRun SCXW81924764 BCX0\">Neste curso, os alunos aprender\u00e3o a utilizar ferramentas de produtividade e colabora\u00e7\u00e3o.<\/span><\/span><\/p>","protected":false},"featured_media":842,"template":"","meta":[],"_links":{"self":[{"href":"https:\/\/pay.myhudsonglobal.com\/pt\/wp-json\/wp\/v2\/product\/1083"}],"collection":[{"href":"https:\/\/pay.myhudsonglobal.com\/pt\/wp-json\/wp\/v2\/product"}],"about":[{"href":"https:\/\/pay.myhudsonglobal.com\/pt\/wp-json\/wp\/v2\/types\/product"}],"wp:featuredmedia":[{"embeddable":true,"href":"https:\/\/pay.myhudsonglobal.com\/pt\/wp-json\/wp\/v2\/media\/842"}],"wp:attachment":[{"href":"https:\/\/pay.myhudsonglobal.com\/pt\/wp-json\/wp\/v2\/media?parent=1083"}],"curies":[{"name":"wp","href":"https:\/\/api.w.org\/{rel}","templated":true}]}}