{"id":985,"date":"2020-04-24T18:21:12","date_gmt":"2020-04-24T18:21:12","guid":{"rendered":"https:\/\/hgsenrollprod.wpengine.com\/?post_type=product&#038;p=985"},"modified":"2020-04-24T18:21:33","modified_gmt":"2020-04-24T18:21:33","slug":"grade-1-arts-crafts-b","status":"publish","type":"product","link":"https:\/\/pay.myhudsonglobal.com\/fr\/product\/grade-1-arts-crafts-b\/","title":{"rendered":"Grade 1 Arts &amp; Crafts B"},"content":{"rendered":"<p><span class=\"TextRun SCXW200254673 BCX0\" lang=\"EN-US\" xml:lang=\"EN-US\" data-contrast=\"auto\"><span class=\"NormalTextRun SCXW200254673 BCX0\">Ce cours fournit une base pour l'imagination artistique et la cr\u00e9ativit\u00e9 des enfants en partageant les bases de l'art et de la cr\u00e9ation artistique. Les \u00e9l\u00e8ves sont initi\u00e9s aux couleurs primaires, \u00e0 la roue des couleurs, aux formes telles que les lignes et les cercles, et \u00e0 des concepts tels que la sym\u00e9trie. Les jeunes artistes exploreront une vari\u00e9t\u00e9 de supports tels que les pastels, les aquarelles, les crayons, la d\u00e9trempe et le dessin au crayon. Les \u00e9l\u00e8ves cr\u00e9eront un arbre \u00e0 l'aquarelle, utiliseront un bloc d'impression et produiront une peinture m\u00e9t\u00e9orologique. Au fur et \u00e0 mesure de leur progression, les \u00e9l\u00e8ves appliqueront ce qu'ils ont appris pour r\u00e9aliser des \u0153uvres d'art plus d\u00e9taill\u00e9es, en cr\u00e9ant des calendriers color\u00e9s, en dessinant au pochoir, en fa\u00e7onnant des dessins de fleurs complexes, en revisitant les objets sym\u00e9triques et en m\u00e9langeant les couleurs.\u00a0<\/span><\/span><span class=\"EOP SCXW200254673 BCX0\" data-ccp-props=\"{&quot;201341983&quot;:1,&quot;335551550&quot;:6,&quot;335551620&quot;:6,&quot;335559740&quot;:280}\">\u00a0<\/span><\/p>","protected":false},"excerpt":{"rendered":"<p><span class=\"TextRun SCXW200254673 BCX0\" lang=\"EN-US\" xml:lang=\"EN-US\" data-contrast=\"auto\"><span class=\"NormalTextRun SCXW200254673 BCX0\">Ce cours jette les bases de l'imagination artistique et de la cr\u00e9ativit\u00e9 des enfants en leur faisant d\u00e9couvrir les fondements de l'art et de la cr\u00e9ation artistique.<\/span><\/span><\/p>","protected":false},"featured_media":838,"template":"","meta":[],"_links":{"self":[{"href":"https:\/\/pay.myhudsonglobal.com\/fr\/wp-json\/wp\/v2\/product\/985"}],"collection":[{"href":"https:\/\/pay.myhudsonglobal.com\/fr\/wp-json\/wp\/v2\/product"}],"about":[{"href":"https:\/\/pay.myhudsonglobal.com\/fr\/wp-json\/wp\/v2\/types\/product"}],"wp:featuredmedia":[{"embeddable":true,"href":"https:\/\/pay.myhudsonglobal.com\/fr\/wp-json\/wp\/v2\/media\/838"}],"wp:attachment":[{"href":"https:\/\/pay.myhudsonglobal.com\/fr\/wp-json\/wp\/v2\/media?parent=985"}],"curies":[{"name":"wp","href":"https:\/\/api.w.org\/{rel}","templated":true}]}}